{"id":17387,"date":"2015-06-23T09:33:20","date_gmt":"2015-06-23T08:33:20","guid":{"rendered":"https:\/\/www.er-consultants.org\/?page_id=17387"},"modified":"2025-10-06T09:30:34","modified_gmt":"2025-10-06T08:30:34","slug":"conseil-et-assistance","status":"publish","type":"page","link":"https:\/\/www.er-consultants.com\/fr\/conseil-et-assistance\/","title":{"rendered":"Conseil et assistance"},"content":{"rendered":"<p>[vc_row type=\u00a0\u00bbstandard_section\u00a0\u00bb bg_position=\u00a0\u00bbleft top\u00a0\u00bb bg_repeat=\u00a0\u00bbstretch\u00a0\u00bb text_color=\u00a0\u00bbdark\u00a0\u00bb text_align=\u00a0\u00bbleft\u00a0\u00bb top_padding=\u00a0\u00bb100&Prime; row_id=\u00a0\u00bbintro\u00a0\u00bb parallax_bg=\u00a0\u00bb\u00a0\u00bb stellar_class=\u00a0\u00bbdefault\u00a0\u00bb section_arrow=\u00a0\u00bb\u00a0\u00bb video_bg=\u00a0\u00bb\u00a0\u00bb enable_video_color_overlay=\u00a0\u00bb\u00a0\u00bb bottom_padding=\u00a0\u00bb100&Prime;][vc_column width=\u00a0\u00bb1\/1&Prime;]<h1 class=\"headline font-special fontsize-xxl fontweight-400 lh-inherit align-center transform-uppercase \" style=\"margin: 0 0 20px 0;\">Un r\u00f4le <strong>d&rsquo;assistance<\/strong><\/h1>[\/vc_column][\/vc_row][vc_row type=\u00a0\u00bbstandard_section\u00a0\u00bb bg_repeat=\u00a0\u00bbstretch\u00a0\u00bb text_color=\u00a0\u00bbdark\u00a0\u00bb text_align=\u00a0\u00bbleft\u00a0\u00bb bottom_padding=\u00a0\u00bb100&Prime; row_id=\u00a0\u00bbintro\u00a0\u00bb][vc_column width=\u00a0\u00bb1\/3&Prime;]<h2 class=\"headline font-special fontsize-s fontweight-500 lh-inherit align-left transform-uppercase \" style=\"margin: 0 0 20px 0; color: #339999;\">Assistance en mati\u00e8re comptable<\/h2>[vc_column_text]<\/p>\n<ul>\n<li>\u00c9tablissement des comptes annuels,<\/li>\n<li>Rapprochement de TVA,<\/li>\n<li>Comptabilisation des amortissements et provisions,<\/li>\n<li>Lien entre les imp\u00f4ts et le client.<\/li>\n<\/ul>\n<p>[\/vc_column_text][\/vc_column][vc_column width=\u00a0\u00bb1\/3&Prime;]<h2 class=\"headline font-special fontsize-s fontweight-500 lh-inherit align-left transform-uppercase \" style=\"margin: 0 0 20px 0; color: #339999;\">Assistance en mati\u00e8re fiscale<\/h2>[vc_column_text]<\/p>\n<ul>\n<li>\u00c9tablissement et contr\u00f4le des d\u00e9clarations annuelles de r\u00e9sultats et de TVA,<\/li>\n<li>Contr\u00f4le des d\u00e9clarations de droit au bail, de la taxe professionnelle, des int\u00e9r\u00eats\u2026,<\/li>\n<li>Assistance en mati\u00e8re de contr\u00f4le et de contentieux fiscaux,<\/li>\n<li>Imp\u00f4t sur le Revenu, Imp\u00f4t de Solidarit\u00e9 sur la Fortune.<\/li>\n<\/ul>\n<p>[\/vc_column_text][\/vc_column][vc_column width=\u00a0\u00bb1\/3&Prime;]<h2 class=\"headline font-special fontsize-s fontweight-500 lh-inherit align-left transform-uppercase \" style=\"margin: 0 0 20px 0; color: #339999;\">Assistance en mati\u00e8re sociale<\/h2>[vc_column_text]<\/p>\n<ul>\n<li>\u00c9tablissement d\u2019un bulletin de paie,<\/li>\n<li>Contr\u00f4le de l\u2019application des conventions collectives,<\/li>\n<li>\u00c9tablissement des d\u00e9clarations sociales,<\/li>\n<li>\u00c9tablissement des contrats de travail,<\/li>\n<li>D\u00e9clarations annuelles de donn\u00e9es sociales.<\/li>\n<\/ul>\n<p>[\/vc_column_text][\/vc_column][\/vc_row][vc_row type=\u00a0\u00bbstandard_section\u00a0\u00bb bg_image=\u00a0\u00bb\u00a0\u00bb bg_repeat=\u00a0\u00bbstretch\u00a0\u00bb parallax_bg=\u00a0\u00bb\u00a0\u00bb stellar_class=\u00a0\u00bbdefault\u00a0\u00bb bg_color=\u00a0\u00bb\u00a0\u00bb section_arrow=\u00a0\u00bb\u00a0\u00bb video_bg=\u00a0\u00bb\u00a0\u00bb enable_video_color_overlay=\u00a0\u00bb\u00a0\u00bb video_overlay_color=\u00a0\u00bb\u00a0\u00bb video_webm=\u00a0\u00bb\u00a0\u00bb video_mp4=\u00a0\u00bb\u00a0\u00bb video_ogv=\u00a0\u00bb\u00a0\u00bb video_image=\u00a0\u00bb\u00a0\u00bb text_color=\u00a0\u00bbdark\u00a0\u00bb custom_text_color=\u00a0\u00bb\u00a0\u00bb text_align=\u00a0\u00bbleft\u00a0\u00bb top_padding=\u00a0\u00bb\u00a0\u00bb bottom_padding=\u00a0\u00bb100&Prime; class=\u00a0\u00bb\u00a0\u00bb row_id=\u00a0\u00bbintro\u00a0\u00bb][vc_column animation=\u00a0\u00bbnone\u00a0\u00bb bg_color=\u00a0\u00bb\u00a0\u00bb bg_image=\u00a0\u00bb\u00a0\u00bb column_padding=\u00a0\u00bbno-padding\u00a0\u00bb column_center=\u00a0\u00bb\u00a0\u00bb text_color=\u00a0\u00bbdark\u00a0\u00bb custom_text_color=\u00a0\u00bb\u00a0\u00bb text_align=\u00a0\u00bbleft\u00a0\u00bb width=\u00a0\u00bb1\/3&Prime;]<h2 class=\"headline font-special fontsize-s fontweight-500 lh-inherit align-left transform-uppercase \" style=\"margin: 0 0 20px 0; color: #339999;\">Assistance en cr\u00e9ation d&rsquo;entreprise<\/h2>[vc_column_text]<\/p>\n<ul>\n<li>Pr\u00e9visionnel de d\u00e9but d&rsquo;activit\u00e9,<\/li>\n<li>D\u00e9termination du seuil de rentabilit\u00e9,<\/li>\n<li>Accompagnement pour le dossier ACCRE,<\/li>\n<li>Accompagnement aupr\u00e8s des \u00e9tablissements financiers,<\/li>\n<li>Aide \u00e0 la cr\u00e9ation d&rsquo;entreprise.<\/li>\n<\/ul>\n<p>[\/vc_column_text][\/vc_column][vc_column animation=\u00a0\u00bbnone\u00a0\u00bb bg_color=\u00a0\u00bb\u00a0\u00bb bg_image=\u00a0\u00bb\u00a0\u00bb column_padding=\u00a0\u00bbno-padding\u00a0\u00bb column_center=\u00a0\u00bb\u00a0\u00bb text_color=\u00a0\u00bbdark\u00a0\u00bb custom_text_color=\u00a0\u00bb\u00a0\u00bb text_align=\u00a0\u00bbleft\u00a0\u00bb width=\u00a0\u00bb1\/3&Prime;]<h2 class=\"headline font-special fontsize-s fontweight-500 lh-inherit align-left transform-uppercase \" style=\"margin: 0 0 20px 0; color: #339999;\">Assistance en mati\u00e8re juridique<\/h2>[vc_column_text]<\/p>\n<ul>\n<li>Pr\u00e9paration des documents,<\/li>\n<li>Mise \u00e0 jour et suivi des registres,<\/li>\n<li>Lien entre l\u2019avocat, le notaire et le client.<\/li>\n<\/ul>\n<p>[\/vc_column_text][\/vc_column][vc_column animation=\u00a0\u00bbnone\u00a0\u00bb bg_color=\u00a0\u00bb\u00a0\u00bb bg_image=\u00a0\u00bb\u00a0\u00bb column_padding=\u00a0\u00bbno-padding\u00a0\u00bb column_center=\u00a0\u00bb\u00a0\u00bb text_color=\u00a0\u00bbdark\u00a0\u00bb custom_text_color=\u00a0\u00bb\u00a0\u00bb text_align=\u00a0\u00bbleft\u00a0\u00bb width=\u00a0\u00bb1\/3&Prime;]<h2 class=\"headline font-special fontsize-s fontweight-500 lh-inherit align-left transform-uppercase \" style=\"margin: 0 0 20px 0; color: #339999;\">Assistance en mati\u00e8re de gestion<\/h2>[vc_column_text]<\/p>\n<ul>\n<li>\u00c9tablissement d\u2019un budget pr\u00e9visionnel,<\/li>\n<li>Tableaux de financement,<\/li>\n<li>\u00c9tablissement d\u2019un tableau de bord.<\/li>\n<\/ul>\n<p>[\/vc_column_text][\/vc_column][\/vc_row]<\/p>\n","protected":false},"excerpt":{"rendered":"<p>[vc_row type=\u00a0\u00bbstandard_section\u00a0\u00bb bg_position=\u00a0\u00bbleft top\u00a0\u00bb bg_repeat=\u00a0\u00bbstretch\u00a0\u00bb text_color=\u00a0\u00bbdark\u00a0\u00bb text_align=\u00a0\u00bbleft\u00a0\u00bb top_padding=\u00a0\u00bb100&Prime; row_id=\u00a0\u00bbintro\u00a0\u00bb parallax_bg=\u00a0\u00bb\u00a0\u00bb stellar_class=\u00a0\u00bbdefault\u00a0\u00bb section_arrow=\u00a0\u00bb\u00a0\u00bb video_bg=\u00a0\u00bb\u00a0\u00bb enable_video_color_overlay=\u00a0\u00bb\u00a0\u00bb bottom_padding=\u00a0\u00bb100&Prime;][vc_column width=\u00a0\u00bb1\/1&Prime;][\/vc_column][\/vc_row][vc_row type=\u00a0\u00bbstandard_section\u00a0\u00bb bg_repeat=\u00a0\u00bbstretch\u00a0\u00bb text_color=\u00a0\u00bbdark\u00a0\u00bb text_align=\u00a0\u00bbleft\u00a0\u00bb bottom_padding=\u00a0\u00bb100&Prime; row_id=\u00a0\u00bbintro\u00a0\u00bb][vc_column width=\u00a0\u00bb1\/3&Prime;][vc_column_text] \u00c9tablissement des comptes annuels, Rapprochement de TVA, Comptabilisation des amortissements et provisions, Lien entre les imp\u00f4ts et le client. [\/vc_column_text][\/vc_column][vc_column width=\u00a0\u00bb1\/3&Prime;][vc_column_text] \u00c9tablissement et contr\u00f4le des d\u00e9clarations annuelles de r\u00e9sultats et de TVA, Contr\u00f4le des d\u00e9clarations de droit au bail, de la taxe professionnelle, des int\u00e9r\u00eats\u2026, Assistance en mati\u00e8re de contr\u00f4le et de contentieux fiscaux, Imp\u00f4t sur le Revenu, Imp\u00f4t de Solidarit\u00e9 sur la Fortune. [\/vc_column_text][\/vc_column][vc_column width=\u00a0\u00bb1\/3&Prime;][vc_column_text] \u00c9tablissement d\u2019un bulletin de paie, Contr\u00f4le de l\u2019application des conventions collectives, \u00c9tablissement des d\u00e9clarations sociales, \u00c9tablissement des contrats de travail, D\u00e9clarations annuelles de donn\u00e9es sociales. [\/vc_column_text][\/vc_column][\/vc_row][vc_row type=\u00a0\u00bbstandard_section\u00a0\u00bb bg_image=\u00a0\u00bb\u00a0\u00bb bg_repeat=\u00a0\u00bbstretch\u00a0\u00bb parallax_bg=\u00a0\u00bb\u00a0\u00bb stellar_class=\u00a0\u00bbdefault\u00a0\u00bb bg_color=\u00a0\u00bb\u00a0\u00bb section_arrow=\u00a0\u00bb\u00a0\u00bb video_bg=\u00a0\u00bb\u00a0\u00bb enable_video_color_overlay=\u00a0\u00bb\u00a0\u00bb video_overlay_color=\u00a0\u00bb\u00a0\u00bb video_webm=\u00a0\u00bb\u00a0\u00bb video_mp4=\u00a0\u00bb\u00a0\u00bb video_ogv=\u00a0\u00bb\u00a0\u00bb video_image=\u00a0\u00bb\u00a0\u00bb text_color=\u00a0\u00bbdark\u00a0\u00bb custom_text_color=\u00a0\u00bb\u00a0\u00bb text_align=\u00a0\u00bbleft\u00a0\u00bb top_padding=\u00a0\u00bb\u00a0\u00bb bottom_padding=\u00a0\u00bb100&Prime; class=\u00a0\u00bb\u00a0\u00bb row_id=\u00a0\u00bbintro\u00a0\u00bb][vc_column animation=\u00a0\u00bbnone\u00a0\u00bb bg_color=\u00a0\u00bb\u00a0\u00bb bg_image=\u00a0\u00bb\u00a0\u00bb column_padding=\u00a0\u00bbno-padding\u00a0\u00bb column_center=\u00a0\u00bb\u00a0\u00bb text_color=\u00a0\u00bbdark\u00a0\u00bb custom_text_color=\u00a0\u00bb\u00a0\u00bb text_align=\u00a0\u00bbleft\u00a0\u00bb width=\u00a0\u00bb1\/3&Prime;][vc_column_text] Pr\u00e9visionnel de d\u00e9but d&rsquo;activit\u00e9, D\u00e9termination du seuil de rentabilit\u00e9, Accompagnement pour le dossier ACCRE, Accompagnement aupr\u00e8s des \u00e9tablissements financiers, Aide \u00e0 la cr\u00e9ation d&rsquo;entreprise. [\/vc_column_text][\/vc_column][vc_column animation=\u00a0\u00bbnone\u00a0\u00bb bg_color=\u00a0\u00bb\u00a0\u00bb bg_image=\u00a0\u00bb\u00a0\u00bb column_padding=\u00a0\u00bbno-padding\u00a0\u00bb column_center=\u00a0\u00bb\u00a0\u00bb text_color=\u00a0\u00bbdark\u00a0\u00bb custom_text_color=\u00a0\u00bb\u00a0\u00bb text_align=\u00a0\u00bbleft\u00a0\u00bb width=\u00a0\u00bb1\/3&Prime;][vc_column_text] Pr\u00e9paration des documents, Mise \u00e0 jour et suivi des registres, Lien entre l\u2019avocat, le notaire et le client. [\/vc_column_text][\/vc_column][vc_column animation=\u00a0\u00bbnone\u00a0\u00bb bg_color=\u00a0\u00bb\u00a0\u00bb [&hellip;]<\/p>\n","protected":false},"author":1,"featured_media":0,"parent":0,"menu_order":0,"comment_status":"open","ping_status":"closed","template":"","meta":{"footnotes":""},"class_list":["post-17387","page","type-page","status-publish","hentry"],"yoast_head":"<!-- This site is optimized with the Yoast SEO plugin v14.0.4 - https:\/\/yoast.com\/wordpress\/plugins\/seo\/ -->\n<title>Conseil et assistance - E&amp;R Consultants<\/title>\n<meta name=\"robots\" content=\"index, follow\" \/>\n<meta name=\"googlebot\" content=\"index, follow, max-snippet:-1, max-image-preview:large, max-video-preview:-1\" \/>\n<meta name=\"bingbot\" content=\"index, follow, max-snippet:-1, max-image-preview:large, max-video-preview:-1\" \/>\n<link rel=\"canonical\" href=\"https:\/\/www.er-consultants.com\/fr\/conseil-et-assistance\/\" \/>\n<meta property=\"og:locale\" content=\"fr_FR\" \/>\n<meta property=\"og:type\" content=\"article\" \/>\n<meta property=\"og:title\" content=\"Conseil et assistance - E&amp;R Consultants\" \/>\n<meta property=\"og:description\" content=\"[vc_row type=\u00a0\u00bbstandard_section\u00a0\u00bb bg_position=\u00a0\u00bbleft top\u00a0\u00bb bg_repeat=\u00a0\u00bbstretch\u00a0\u00bb text_color=\u00a0\u00bbdark\u00a0\u00bb text_align=\u00a0\u00bbleft\u00a0\u00bb top_padding=\u00a0\u00bb100&Prime; row_id=\u00a0\u00bbintro\u00a0\u00bb parallax_bg=\u00a0\u00bb\u00a0\u00bb stellar_class=\u00a0\u00bbdefault\u00a0\u00bb section_arrow=\u00a0\u00bb\u00a0\u00bb video_bg=\u00a0\u00bb\u00a0\u00bb enable_video_color_overlay=\u00a0\u00bb\u00a0\u00bb bottom_padding=\u00a0\u00bb100&Prime;][vc_column width=\u00a0\u00bb1\/1&Prime;][\/vc_column][\/vc_row][vc_row type=\u00a0\u00bbstandard_section\u00a0\u00bb bg_repeat=\u00a0\u00bbstretch\u00a0\u00bb text_color=\u00a0\u00bbdark\u00a0\u00bb text_align=\u00a0\u00bbleft\u00a0\u00bb bottom_padding=\u00a0\u00bb100&Prime; row_id=\u00a0\u00bbintro\u00a0\u00bb][vc_column width=\u00a0\u00bb1\/3&Prime;][vc_column_text] \u00c9tablissement des comptes annuels, Rapprochement de TVA, Comptabilisation des amortissements et provisions, Lien entre les imp\u00f4ts et le client. [\/vc_column_text][\/vc_column][vc_column width=\u00a0\u00bb1\/3&Prime;][vc_column_text] \u00c9tablissement et contr\u00f4le des d\u00e9clarations annuelles de r\u00e9sultats et de TVA, Contr\u00f4le des d\u00e9clarations de droit au bail, de la taxe professionnelle, des int\u00e9r\u00eats\u2026, Assistance en mati\u00e8re de contr\u00f4le et de contentieux fiscaux, Imp\u00f4t sur le Revenu, Imp\u00f4t de Solidarit\u00e9 sur la Fortune. [\/vc_column_text][\/vc_column][vc_column width=\u00a0\u00bb1\/3&Prime;][vc_column_text] \u00c9tablissement d\u2019un bulletin de paie, Contr\u00f4le de l\u2019application des conventions collectives, \u00c9tablissement des d\u00e9clarations sociales, \u00c9tablissement des contrats de travail, D\u00e9clarations annuelles de donn\u00e9es sociales. [\/vc_column_text][\/vc_column][\/vc_row][vc_row type=\u00a0\u00bbstandard_section\u00a0\u00bb bg_image=\u00a0\u00bb\u00a0\u00bb bg_repeat=\u00a0\u00bbstretch\u00a0\u00bb parallax_bg=\u00a0\u00bb\u00a0\u00bb stellar_class=\u00a0\u00bbdefault\u00a0\u00bb bg_color=\u00a0\u00bb\u00a0\u00bb section_arrow=\u00a0\u00bb\u00a0\u00bb video_bg=\u00a0\u00bb\u00a0\u00bb enable_video_color_overlay=\u00a0\u00bb\u00a0\u00bb video_overlay_color=\u00a0\u00bb\u00a0\u00bb video_webm=\u00a0\u00bb\u00a0\u00bb video_mp4=\u00a0\u00bb\u00a0\u00bb video_ogv=\u00a0\u00bb\u00a0\u00bb video_image=\u00a0\u00bb\u00a0\u00bb text_color=\u00a0\u00bbdark\u00a0\u00bb custom_text_color=\u00a0\u00bb\u00a0\u00bb text_align=\u00a0\u00bbleft\u00a0\u00bb top_padding=\u00a0\u00bb\u00a0\u00bb bottom_padding=\u00a0\u00bb100&Prime; class=\u00a0\u00bb\u00a0\u00bb row_id=\u00a0\u00bbintro\u00a0\u00bb][vc_column animation=\u00a0\u00bbnone\u00a0\u00bb bg_color=\u00a0\u00bb\u00a0\u00bb bg_image=\u00a0\u00bb\u00a0\u00bb column_padding=\u00a0\u00bbno-padding\u00a0\u00bb column_center=\u00a0\u00bb\u00a0\u00bb text_color=\u00a0\u00bbdark\u00a0\u00bb custom_text_color=\u00a0\u00bb\u00a0\u00bb text_align=\u00a0\u00bbleft\u00a0\u00bb width=\u00a0\u00bb1\/3&Prime;][vc_column_text] Pr\u00e9visionnel de d\u00e9but d&rsquo;activit\u00e9, D\u00e9termination du seuil de rentabilit\u00e9, Accompagnement pour le dossier ACCRE, Accompagnement aupr\u00e8s des \u00e9tablissements financiers, Aide \u00e0 la cr\u00e9ation d&rsquo;entreprise. [\/vc_column_text][\/vc_column][vc_column animation=\u00a0\u00bbnone\u00a0\u00bb bg_color=\u00a0\u00bb\u00a0\u00bb bg_image=\u00a0\u00bb\u00a0\u00bb column_padding=\u00a0\u00bbno-padding\u00a0\u00bb column_center=\u00a0\u00bb\u00a0\u00bb text_color=\u00a0\u00bbdark\u00a0\u00bb custom_text_color=\u00a0\u00bb\u00a0\u00bb text_align=\u00a0\u00bbleft\u00a0\u00bb width=\u00a0\u00bb1\/3&Prime;][vc_column_text] Pr\u00e9paration des documents, Mise \u00e0 jour et suivi des registres, Lien entre l\u2019avocat, le notaire et le client. [\/vc_column_text][\/vc_column][vc_column animation=\u00a0\u00bbnone\u00a0\u00bb bg_color=\u00a0\u00bb\u00a0\u00bb [&hellip;]\" \/>\n<meta property=\"og:url\" content=\"https:\/\/www.er-consultants.com\/fr\/conseil-et-assistance\/\" \/>\n<meta property=\"og:site_name\" content=\"E&amp;R Consultants\" \/>\n<meta property=\"article:publisher\" content=\"https:\/\/www.facebook.com\/ERConsultants\" \/>\n<meta property=\"article:modified_time\" content=\"2025-10-06T08:30:34+00:00\" \/>\n<meta name=\"twitter:card\" content=\"summary\" \/>\n<meta name=\"twitter:creator\" content=\"@erconsultantsfr\" \/>\n<meta name=\"twitter:site\" content=\"@erconsultantsfr\" \/>\n<script type=\"application\/ld+json\" class=\"yoast-schema-graph\">{\"@context\":\"https:\/\/schema.org\",\"@graph\":[{\"@type\":\"WebSite\",\"@id\":\"https:\/\/www.er-consultants.com\/fr\/#website\",\"url\":\"https:\/\/www.er-consultants.com\/fr\/\",\"name\":\"E&amp;R Consultants\",\"description\":\"Cabinet d&#039;expertise comptable \\u00e0 Mulhouse, Saint-Louis, Cernay, Huningue, Thann, Belfort et Giromagny\",\"potentialAction\":[{\"@type\":\"SearchAction\",\"target\":\"https:\/\/www.er-consultants.com\/fr\/?s={search_term_string}\",\"query-input\":\"required name=search_term_string\"}],\"inLanguage\":\"fr-FR\"},{\"@type\":\"WebPage\",\"@id\":\"https:\/\/www.er-consultants.com\/fr\/conseil-et-assistance\/#webpage\",\"url\":\"https:\/\/www.er-consultants.com\/fr\/conseil-et-assistance\/\",\"name\":\"Conseil et assistance - E&amp;R Consultants\",\"isPartOf\":{\"@id\":\"https:\/\/www.er-consultants.com\/fr\/#website\"},\"datePublished\":\"2015-06-23T08:33:20+00:00\",\"dateModified\":\"2025-10-06T08:30:34+00:00\",\"inLanguage\":\"fr-FR\",\"potentialAction\":[{\"@type\":\"ReadAction\",\"target\":[\"https:\/\/www.er-consultants.com\/fr\/conseil-et-assistance\/\"]}]}]}<\/script>\n<!-- \/ Yoast SEO plugin. -->","_links":{"self":[{"href":"https:\/\/www.er-consultants.com\/fr\/wp-json\/wp\/v2\/pages\/17387","targetHints":{"allow":["GET"]}}],"collection":[{"href":"https:\/\/www.er-consultants.com\/fr\/wp-json\/wp\/v2\/pages"}],"about":[{"href":"https:\/\/www.er-consultants.com\/fr\/wp-json\/wp\/v2\/types\/page"}],"author":[{"embeddable":true,"href":"https:\/\/www.er-consultants.com\/fr\/wp-json\/wp\/v2\/users\/1"}],"replies":[{"embeddable":true,"href":"https:\/\/www.er-consultants.com\/fr\/wp-json\/wp\/v2\/comments?post=17387"}],"version-history":[{"count":9,"href":"https:\/\/www.er-consultants.com\/fr\/wp-json\/wp\/v2\/pages\/17387\/revisions"}],"predecessor-version":[{"id":17396,"href":"https:\/\/www.er-consultants.com\/fr\/wp-json\/wp\/v2\/pages\/17387\/revisions\/17396"}],"wp:attachment":[{"href":"https:\/\/www.er-consultants.com\/fr\/wp-json\/wp\/v2\/media?parent=17387"}],"curies":[{"name":"wp","href":"https:\/\/api.w.org\/{rel}","templated":true}]}}