{"id":17397,"date":"2015-06-23T09:47:32","date_gmt":"2015-06-23T08:47:32","guid":{"rendered":"https:\/\/www.er-consultants.org\/?page_id=17397"},"modified":"2015-07-07T10:00:40","modified_gmt":"2015-07-07T09:00:40","slug":"er-consultants-audit-comptabilite-fiscalite-social-structure-juridique-financement-gestion-patrimoine","status":"publish","type":"page","link":"https:\/\/www.er-consultants.com\/fr\/er-consultants-audit-comptabilite-fiscalite-social-structure-juridique-financement-gestion-patrimoine\/","title":{"rendered":"Nos domaines d&rsquo;intervention"},"content":{"rendered":"<p>[vc_row type=\u00a0\u00bbstandard_section\u00a0\u00bb bg_position=\u00a0\u00bbleft top\u00a0\u00bb bg_repeat=\u00a0\u00bbstretch\u00a0\u00bb text_color=\u00a0\u00bbdark\u00a0\u00bb text_align=\u00a0\u00bbleft\u00a0\u00bb top_padding=\u00a0\u00bb60&Prime; row_id=\u00a0\u00bbintro\u00a0\u00bb parallax_bg=\u00a0\u00bb\u00a0\u00bb stellar_class=\u00a0\u00bbdefault\u00a0\u00bb section_arrow=\u00a0\u00bb\u00a0\u00bb video_bg=\u00a0\u00bb\u00a0\u00bb enable_video_color_overlay=\u00a0\u00bb\u00a0\u00bb bottom_padding=\u00a0\u00bb60&Prime; bg_color=\u00a0\u00bb#f9f9f9&Prime;][vc_column width=\u00a0\u00bb1\/1&Prime;]<h1 class=\"headline font-inherit fontsize-xxxxxl fontweight-300 lh-13 align-left transform-inherit \" style=\"margin: 0; color: #339999;\">Nos domaines d&rsquo;intervention<\/h1>[\/vc_column][\/vc_row][vc_row type=\u00a0\u00bbstandard_section\u00a0\u00bb bg_repeat=\u00a0\u00bbstretch\u00a0\u00bb text_color=\u00a0\u00bbdark\u00a0\u00bb text_align=\u00a0\u00bbleft\u00a0\u00bb bottom_padding=\u00a0\u00bb60&Prime; row_id=\u00a0\u00bbintro\u00a0\u00bb parallax_bg=\u00a0\u00bb\u00a0\u00bb stellar_class=\u00a0\u00bbdefault\u00a0\u00bb section_arrow=\u00a0\u00bb\u00a0\u00bb video_bg=\u00a0\u00bb\u00a0\u00bb enable_video_color_overlay=\u00a0\u00bb\u00a0\u00bb top_padding=\u00a0\u00bb100&Prime;][vc_column width=\u00a0\u00bb1\/3&Prime;]<h2 class=\"headline font-special fontsize-s fontweight-500 lh-inherit align-left transform-uppercase \" style=\"margin: 0 0 20px 0; color: #339999;\">Audit, comptabilit\u00e9 et fiscalit\u00e9<\/h2>[vc_column_text]<\/p>\n<ul>\n<li>Organisation et proc\u00e9dures comptables,<\/li>\n<li>\u00c9tablissement des comptes annuels,<\/li>\n<li>R\u00e9vision l\u00e9gale et contractuelle,<\/li>\n<li>Fiscalit\u00e9 des entreprises et d\u00e9clarations fiscales.<\/li>\n<\/ul>\n<p>[\/vc_column_text][\/vc_column][vc_column width=\u00a0\u00bb1\/3&Prime;]<h2 class=\"headline font-special fontsize-s fontweight-500 lh-inherit align-left transform-uppercase \" style=\"margin: 0 0 20px 0; color: #339999;\">Social<\/h2>[vc_column_text]<\/p>\n<ul>\n<li>Droit du travail,<\/li>\n<li>Audit social, choix et optimisation des r\u00e9gimes sp\u00e9ciaux,<\/li>\n<li>Politique des r\u00e9mun\u00e9rations,<\/li>\n<li>Assistance au recrutement,<\/li>\n<li>Gestion de paie et d\u00e9clarations sociales.<\/li>\n<\/ul>\n<p>[\/vc_column_text][\/vc_column][vc_column width=\u00a0\u00bb1\/3&Prime;]<h2 class=\"headline font-special fontsize-s fontweight-500 lh-inherit align-left transform-uppercase \" style=\"margin: 0 0 20px 0; color: #339999;\">Structure juridique de l\u2019entreprise<\/h2>[vc_column_text]<\/p>\n<ul>\n<li>Cr\u00e9ation d\u2019entreprise,<\/li>\n<li>Statuts des dirigeants,<\/li>\n<li>Transmission et rapprochement d\u2019entreprises,<\/li>\n<li>Secr\u00e9tariat juridique.<\/li>\n<\/ul>\n<p>[\/vc_column_text][\/vc_column][\/vc_row][vc_row type=\u00a0\u00bbstandard_section\u00a0\u00bb bg_repeat=\u00a0\u00bbstretch\u00a0\u00bb parallax_bg=\u00a0\u00bb\u00a0\u00bb stellar_class=\u00a0\u00bbdefault\u00a0\u00bb section_arrow=\u00a0\u00bb\u00a0\u00bb video_bg=\u00a0\u00bb\u00a0\u00bb enable_video_color_overlay=\u00a0\u00bb\u00a0\u00bb text_color=\u00a0\u00bbdark\u00a0\u00bb text_align=\u00a0\u00bbleft\u00a0\u00bb bottom_padding=\u00a0\u00bb60&Prime; row_id=\u00a0\u00bbintro\u00a0\u00bb][vc_column animation=\u00a0\u00bbnone\u00a0\u00bb bg_color=\u00a0\u00bb\u00a0\u00bb bg_image=\u00a0\u00bb\u00a0\u00bb column_padding=\u00a0\u00bbno-padding\u00a0\u00bb column_center=\u00a0\u00bb\u00a0\u00bb text_color=\u00a0\u00bbdark\u00a0\u00bb custom_text_color=\u00a0\u00bb\u00a0\u00bb text_align=\u00a0\u00bbleft\u00a0\u00bb width=\u00a0\u00bb1\/3&Prime;]<h2 class=\"headline font-special fontsize-s fontweight-500 lh-inherit align-left transform-uppercase \" style=\"margin: 0 0 20px 0; color: #339999;\">Financement, organisation et management<\/h2>[vc_column_text]<\/p>\n<ul>\n<li>Plan de financement, choix d\u2019investissement,<\/li>\n<li>Gestion de tr\u00e9sorerie,<\/li>\n<li>Assistance \u00e0 la n\u00e9gociation avec les organismes financiers,<\/li>\n<li>Comptes pr\u00e9visionnels et suivi budg\u00e9taire,<\/li>\n<li>Tableaux de bord,<\/li>\n<li>Assistance \u00e0 la mise en place de syst\u00e8mes informatiques,<\/li>\n<li>Organisation, assurance qualit\u00e9.<\/li>\n<\/ul>\n<p>[\/vc_column_text][\/vc_column][vc_column animation=\u00a0\u00bbnone\u00a0\u00bb bg_color=\u00a0\u00bb\u00a0\u00bb bg_image=\u00a0\u00bb\u00a0\u00bb column_padding=\u00a0\u00bbno-padding\u00a0\u00bb column_center=\u00a0\u00bb\u00a0\u00bb text_color=\u00a0\u00bbdark\u00a0\u00bb custom_text_color=\u00a0\u00bb\u00a0\u00bb text_align=\u00a0\u00bbleft\u00a0\u00bb width=\u00a0\u00bb1\/3&Prime;]<h2 class=\"headline font-special fontsize-s fontweight-500 lh-inherit align-left transform-uppercase \" style=\"margin: 0 0 20px 0; color: #339999;\">Gestion du patrimoine<\/h2>[vc_column_text]<\/p>\n<ul>\n<li>Optimisation de la fiscalit\u00e9 du patrimoine,<\/li>\n<li>Gestion du patrimoine social et ing\u00e9nierie patrimoniale,<\/li>\n<li>Strat\u00e9gies immobili\u00e8res et de transmission du patrimoine,<\/li>\n<li>Strat\u00e9gies de protection du conjoint.<\/li>\n<\/ul>\n<p>[\/vc_column_text][\/vc_column][\/vc_row]<\/p>\n","protected":false},"excerpt":{"rendered":"<p>[vc_row type=\u00a0\u00bbstandard_section\u00a0\u00bb bg_position=\u00a0\u00bbleft top\u00a0\u00bb bg_repeat=\u00a0\u00bbstretch\u00a0\u00bb text_color=\u00a0\u00bbdark\u00a0\u00bb text_align=\u00a0\u00bbleft\u00a0\u00bb top_padding=\u00a0\u00bb60&Prime; row_id=\u00a0\u00bbintro\u00a0\u00bb parallax_bg=\u00a0\u00bb\u00a0\u00bb stellar_class=\u00a0\u00bbdefault\u00a0\u00bb section_arrow=\u00a0\u00bb\u00a0\u00bb video_bg=\u00a0\u00bb\u00a0\u00bb enable_video_color_overlay=\u00a0\u00bb\u00a0\u00bb bottom_padding=\u00a0\u00bb60&Prime; bg_color=\u00a0\u00bb#f9f9f9&Prime;][vc_column width=\u00a0\u00bb1\/1&Prime;][\/vc_column][\/vc_row][vc_row type=\u00a0\u00bbstandard_section\u00a0\u00bb bg_repeat=\u00a0\u00bbstretch\u00a0\u00bb text_color=\u00a0\u00bbdark\u00a0\u00bb text_align=\u00a0\u00bbleft\u00a0\u00bb bottom_padding=\u00a0\u00bb60&Prime; row_id=\u00a0\u00bbintro\u00a0\u00bb parallax_bg=\u00a0\u00bb\u00a0\u00bb stellar_class=\u00a0\u00bbdefault\u00a0\u00bb section_arrow=\u00a0\u00bb\u00a0\u00bb video_bg=\u00a0\u00bb\u00a0\u00bb enable_video_color_overlay=\u00a0\u00bb\u00a0\u00bb top_padding=\u00a0\u00bb100&Prime;][vc_column width=\u00a0\u00bb1\/3&Prime;][vc_column_text] Organisation et proc\u00e9dures comptables, \u00c9tablissement des comptes annuels, R\u00e9vision l\u00e9gale et contractuelle, Fiscalit\u00e9 des entreprises et d\u00e9clarations fiscales. [\/vc_column_text][\/vc_column][vc_column width=\u00a0\u00bb1\/3&Prime;][vc_column_text] Droit du travail, Audit social, choix et optimisation des r\u00e9gimes sp\u00e9ciaux, Politique des r\u00e9mun\u00e9rations, Assistance au recrutement, Gestion de paie et d\u00e9clarations sociales. [\/vc_column_text][\/vc_column][vc_column width=\u00a0\u00bb1\/3&Prime;][vc_column_text] Cr\u00e9ation d\u2019entreprise, Statuts des dirigeants, Transmission et rapprochement d\u2019entreprises, Secr\u00e9tariat juridique. [\/vc_column_text][\/vc_column][\/vc_row][vc_row type=\u00a0\u00bbstandard_section\u00a0\u00bb bg_repeat=\u00a0\u00bbstretch\u00a0\u00bb parallax_bg=\u00a0\u00bb\u00a0\u00bb stellar_class=\u00a0\u00bbdefault\u00a0\u00bb section_arrow=\u00a0\u00bb\u00a0\u00bb video_bg=\u00a0\u00bb\u00a0\u00bb enable_video_color_overlay=\u00a0\u00bb\u00a0\u00bb text_color=\u00a0\u00bbdark\u00a0\u00bb text_align=\u00a0\u00bbleft\u00a0\u00bb bottom_padding=\u00a0\u00bb60&Prime; row_id=\u00a0\u00bbintro\u00a0\u00bb][vc_column animation=\u00a0\u00bbnone\u00a0\u00bb bg_color=\u00a0\u00bb\u00a0\u00bb bg_image=\u00a0\u00bb\u00a0\u00bb column_padding=\u00a0\u00bbno-padding\u00a0\u00bb column_center=\u00a0\u00bb\u00a0\u00bb text_color=\u00a0\u00bbdark\u00a0\u00bb custom_text_color=\u00a0\u00bb\u00a0\u00bb text_align=\u00a0\u00bbleft\u00a0\u00bb width=\u00a0\u00bb1\/3&Prime;][vc_column_text] Plan de financement, choix d\u2019investissement, Gestion de tr\u00e9sorerie, Assistance \u00e0 la n\u00e9gociation avec les organismes financiers, Comptes pr\u00e9visionnels et suivi budg\u00e9taire, Tableaux de bord, Assistance \u00e0 la mise en place de syst\u00e8mes informatiques, Organisation, assurance qualit\u00e9. [\/vc_column_text][\/vc_column][vc_column animation=\u00a0\u00bbnone\u00a0\u00bb bg_color=\u00a0\u00bb\u00a0\u00bb bg_image=\u00a0\u00bb\u00a0\u00bb column_padding=\u00a0\u00bbno-padding\u00a0\u00bb column_center=\u00a0\u00bb\u00a0\u00bb text_color=\u00a0\u00bbdark\u00a0\u00bb custom_text_color=\u00a0\u00bb\u00a0\u00bb text_align=\u00a0\u00bbleft\u00a0\u00bb width=\u00a0\u00bb1\/3&Prime;][vc_column_text] Optimisation de la fiscalit\u00e9 du patrimoine, Gestion du patrimoine social et ing\u00e9nierie patrimoniale, Strat\u00e9gies immobili\u00e8res et de transmission du patrimoine, Strat\u00e9gies de protection du conjoint. [\/vc_column_text][\/vc_column][\/vc_row]<\/p>\n","protected":false},"author":1,"featured_media":0,"parent":0,"menu_order":0,"comment_status":"open","ping_status":"closed","template":"","meta":{"footnotes":""},"class_list":["post-17397","page","type-page","status-publish","hentry"],"yoast_head":"<!-- This site is optimized with the Yoast SEO plugin v14.0.4 - https:\/\/yoast.com\/wordpress\/plugins\/seo\/ -->\n<title>Audit, comptabilit\u00e9 et fiscalit\u00e9, gestion patrimoine<\/title>\n<meta name=\"description\" content=\"E&amp;R Consultants, expert en comptabilit\u00e9 et fiscalit\u00e9, gestion patrimoine, audit \u00e0 Mulhouse, Cernay, Saint-Louis, Huningue, Thann, Belfort et Giromagny\" \/>\n<meta name=\"robots\" content=\"index, follow\" \/>\n<meta name=\"googlebot\" content=\"index, follow, max-snippet:-1, max-image-preview:large, max-video-preview:-1\" \/>\n<meta name=\"bingbot\" content=\"index, follow, max-snippet:-1, max-image-preview:large, max-video-preview:-1\" \/>\n<link rel=\"canonical\" href=\"https:\/\/www.er-consultants.com\/fr\/er-consultants-audit-comptabilite-fiscalite-social-structure-juridique-financement-gestion-patrimoine\/\" \/>\n<meta property=\"og:locale\" content=\"fr_FR\" \/>\n<meta property=\"og:type\" content=\"article\" \/>\n<meta property=\"og:title\" content=\"Audit, comptabilit\u00e9 et fiscalit\u00e9, gestion patrimoine\" \/>\n<meta property=\"og:description\" content=\"E&amp;R Consultants, expert en comptabilit\u00e9 et fiscalit\u00e9, gestion patrimoine, audit \u00e0 Mulhouse, Cernay, Saint-Louis, Huningue, Thann, Belfort et Giromagny\" \/>\n<meta property=\"og:url\" content=\"https:\/\/www.er-consultants.com\/fr\/er-consultants-audit-comptabilite-fiscalite-social-structure-juridique-financement-gestion-patrimoine\/\" \/>\n<meta property=\"og:site_name\" content=\"E&amp;R Consultants\" \/>\n<meta property=\"article:publisher\" content=\"https:\/\/www.facebook.com\/ERConsultants\" \/>\n<meta property=\"article:modified_time\" content=\"2015-07-07T09:00:40+00:00\" \/>\n<meta name=\"twitter:card\" content=\"summary\" \/>\n<meta name=\"twitter:creator\" content=\"@erconsultantsfr\" \/>\n<meta name=\"twitter:site\" content=\"@erconsultantsfr\" \/>\n<script type=\"application\/ld+json\" class=\"yoast-schema-graph\">{\"@context\":\"https:\/\/schema.org\",\"@graph\":[{\"@type\":\"WebSite\",\"@id\":\"https:\/\/www.er-consultants.com\/fr\/#website\",\"url\":\"https:\/\/www.er-consultants.com\/fr\/\",\"name\":\"E&amp;R Consultants\",\"description\":\"Cabinet d&#039;expertise comptable \\u00e0 Mulhouse, Saint-Louis, Cernay, Huningue, Thann, Belfort et Giromagny\",\"potentialAction\":[{\"@type\":\"SearchAction\",\"target\":\"https:\/\/www.er-consultants.com\/fr\/?s={search_term_string}\",\"query-input\":\"required name=search_term_string\"}],\"inLanguage\":\"fr-FR\"},{\"@type\":\"WebPage\",\"@id\":\"https:\/\/www.er-consultants.com\/fr\/er-consultants-audit-comptabilite-fiscalite-social-structure-juridique-financement-gestion-patrimoine\/#webpage\",\"url\":\"https:\/\/www.er-consultants.com\/fr\/er-consultants-audit-comptabilite-fiscalite-social-structure-juridique-financement-gestion-patrimoine\/\",\"name\":\"Audit, comptabilit\\u00e9 et fiscalit\\u00e9, gestion patrimoine\",\"isPartOf\":{\"@id\":\"https:\/\/www.er-consultants.com\/fr\/#website\"},\"datePublished\":\"2015-06-23T08:47:32+00:00\",\"dateModified\":\"2015-07-07T09:00:40+00:00\",\"description\":\"E&R Consultants, expert en comptabilit\\u00e9 et fiscalit\\u00e9, gestion patrimoine, audit \\u00e0 Mulhouse, Cernay, Saint-Louis, Huningue, Thann, Belfort et Giromagny\",\"inLanguage\":\"fr-FR\",\"potentialAction\":[{\"@type\":\"ReadAction\",\"target\":[\"https:\/\/www.er-consultants.com\/fr\/er-consultants-audit-comptabilite-fiscalite-social-structure-juridique-financement-gestion-patrimoine\/\"]}]}]}<\/script>\n<!-- \/ Yoast SEO plugin. -->","_links":{"self":[{"href":"https:\/\/www.er-consultants.com\/fr\/wp-json\/wp\/v2\/pages\/17397","targetHints":{"allow":["GET"]}}],"collection":[{"href":"https:\/\/www.er-consultants.com\/fr\/wp-json\/wp\/v2\/pages"}],"about":[{"href":"https:\/\/www.er-consultants.com\/fr\/wp-json\/wp\/v2\/types\/page"}],"author":[{"embeddable":true,"href":"https:\/\/www.er-consultants.com\/fr\/wp-json\/wp\/v2\/users\/1"}],"replies":[{"embeddable":true,"href":"https:\/\/www.er-consultants.com\/fr\/wp-json\/wp\/v2\/comments?post=17397"}],"version-history":[{"count":9,"href":"https:\/\/www.er-consultants.com\/fr\/wp-json\/wp\/v2\/pages\/17397\/revisions"}],"predecessor-version":[{"id":17659,"href":"https:\/\/www.er-consultants.com\/fr\/wp-json\/wp\/v2\/pages\/17397\/revisions\/17659"}],"wp:attachment":[{"href":"https:\/\/www.er-consultants.com\/fr\/wp-json\/wp\/v2\/media?parent=17397"}],"curies":[{"name":"wp","href":"https:\/\/api.w.org\/{rel}","templated":true}]}}