{"id":17405,"date":"2015-06-23T10:10:53","date_gmt":"2015-06-23T09:10:53","guid":{"rendered":"https:\/\/www.er-consultants.org\/?page_id=17405"},"modified":"2026-02-02T16:15:06","modified_gmt":"2026-02-02T15:15:06","slug":"er-consultants-une-equipe-d-experts-comptables-a-votre-service","status":"publish","type":"page","link":"https:\/\/www.er-consultants.com\/fr\/er-consultants-une-equipe-d-experts-comptables-a-votre-service\/","title":{"rendered":"Une \u00e9quipe \u00e0 votre service"},"content":{"rendered":"<p>[vc_row bg_color=\u00a0\u00bb#f9f9f9&Prime; top_padding=\u00a0\u00bb60&Prime; bottom_padding=\u00a0\u00bb60&Prime; bg_position=\u00a0\u00bbleft top\u00a0\u00bb][vc_column width=\u00a0\u00bb1\/1&Prime;]<h1 class=\"headline font-inherit fontsize-xxxxxl fontweight-300 lh-13 align-left transform-inherit \" style=\"margin: 0; color: #339999;\">Une \u00e9quipe d&rsquo;experts<br \/>\ncomptables \u00e0 votre service<\/h1>[\/vc_column][\/vc_row][vc_row top_padding=\u00a0\u00bb100&Prime; bottom_padding=\u00a0\u00bb60&Prime; bg_position=\u00a0\u00bbleft top\u00a0\u00bb][vc_column width=\u00a0\u00bb1\/2&Prime;][vc_column_text]Nous accompagnons professionnels et particuliers dans les domaines <strong>comptables, fiscaux, juridiques, sociaux<\/strong>\u2026 La pluridisciplinarit\u00e9 de notre personnel nous permet de traiter votre dossier dans son int\u00e9gralit\u00e9, avec un examen s\u00e9rieux et approfondi.<\/p>\n<p>La force de notre cabinet r\u00e9side dans les comp\u00e9tences et le s\u00e9rieux d\u2019une \u00e9quipe soud\u00e9e, sous la supervision de l\u2019expert comptable.[\/vc_column_text][\/vc_column][vc_column width=\u00a0\u00bb1\/2&Prime;][vc_column_text]Actuellement, <strong>70\u00a0professionnels<\/strong> d\u00e9ploie toutes ses ressources \u00e0 votre disposition, dans un esprit de coh\u00e9sion et de service.<\/p>\n<p>E&amp;R Consultants est l\u2019interlocuteur privil\u00e9gi\u00e9 pour <strong>analyser les besoins de votre entreprise<\/strong>, la conseiller et l\u2019accompagner tout au long de son d\u00e9veloppement.[\/vc_column_text][\/vc_column][\/vc_row][vc_row top_padding=\u00a0\u00bb0&Prime; bottom_padding=\u00a0\u00bb60&Prime; bg_position=\u00a0\u00bbleft top\u00a0\u00bb][vc_column width=\u00a0\u00bb1\/1&Prime;]<div class=\"divider divider1\" style='margin:0 0 100px 0 !important;'><\/div><h2 class=\"headline font-special fontsize-l fontweight-700 lh-inherit align-left transform-uppercase \" style=\"margin: 0; color: #339999;\">Nos experts comptables<\/h2>[\/vc_column][\/vc_row][vc_row bottom_padding=\u00a0\u00bb45&Prime;][vc_column width=\u00a0\u00bb1\/4&Prime;]<div class=\"headline font-special fontsize-xs fontweight-700 lh-inherit align-left transform-uppercase \" style=\"margin: 0; color: #333333;\">Patrick ROMON<\/div>[vc_column_text]Expert comptable, dipl\u00f4m\u00e9 en gestion du patrimoine[\/vc_column_text][\/vc_column][vc_column width=\u00a0\u00bb1\/4&Prime;]<div class=\"headline font-special fontsize-xs fontweight-700 lh-inherit align-left transform-uppercase \" style=\"margin: 0; color: #333333;\">Roland EBERSOLD<\/div>[vc_column_text]Expert comptable, dipl\u00f4m\u00e9 en gestion du patrimoine[\/vc_column_text][\/vc_column][vc_column width=\u00a0\u00bb1\/4&Prime;]<div class=\"headline font-special fontsize-xs fontweight-700 lh-inherit align-left transform-uppercase \" style=\"margin: 0; color: #333333;\">Claudia HEYMANN<\/div>[vc_column_text]Expert comptable[\/vc_column_text][\/vc_column][vc_column width=\u00a0\u00bb1\/4&Prime;]<div class=\"headline font-special fontsize-xs fontweight-700 lh-inherit align-left transform-uppercase \" style=\"margin: 0; color: #333333;\">Anne Catherine DIRR<\/div>[vc_column_text]Expert comptable[\/vc_column_text][\/vc_column][\/vc_row][vc_row bottom_padding=\u00a0\u00bb60&Prime;][vc_column width=\u00a0\u00bb1\/4&Prime;]<div class=\"headline font-special fontsize-xs fontweight-700 lh-inherit align-left transform-uppercase \" style=\"margin: 0; color: #333333;\">Kevin STEUX<\/div>[vc_column_text]Expert comptable[\/vc_column_text][\/vc_column][vc_column width=\u00a0\u00bb1\/4&Prime;]<div class=\"headline font-special fontsize-xs fontweight-700 lh-inherit align-left transform-uppercase \" style=\"margin: 0; color: #333333;\">Cyril BURGET<\/div>[vc_column_text]Expert comptable[\/vc_column_text][\/vc_column][vc_column width=\u00a0\u00bb1\/4&Prime;][\/vc_column][vc_column width=\u00a0\u00bb1\/4&Prime;][\/vc_column][\/vc_row][vc_row bottom_padding=\u00a0\u00bb100&Prime;][vc_column width=\u00a0\u00bb1\/1&Prime;][vc_column_text]Une \u00e9quipe jeune et dynamique entoure le travail des experts comptables.<br \/>\nExperts comptables stagiaires, chefs de groupe et collaborateurs\u00a0: tous sont \u00e0 votre disposition pour vous orienter, vous conseiller, r\u00e9pondre \u00e0 vos questions\u2026[\/vc_column_text][\/vc_column][\/vc_row]<\/p>\n","protected":false},"excerpt":{"rendered":"<p>[vc_row bg_color=\u00a0\u00bb#f9f9f9&Prime; top_padding=\u00a0\u00bb60&Prime; bottom_padding=\u00a0\u00bb60&Prime; bg_position=\u00a0\u00bbleft top\u00a0\u00bb][vc_column width=\u00a0\u00bb1\/1&Prime;][\/vc_column][\/vc_row][vc_row top_padding=\u00a0\u00bb100&Prime; bottom_padding=\u00a0\u00bb60&Prime; bg_position=\u00a0\u00bbleft top\u00a0\u00bb][vc_column width=\u00a0\u00bb1\/2&Prime;][vc_column_text]Nous accompagnons professionnels et particuliers dans les domaines comptables, fiscaux, juridiques, sociaux\u2026 La pluridisciplinarit\u00e9 de notre personnel nous permet de traiter votre dossier dans son int\u00e9gralit\u00e9, avec un examen s\u00e9rieux et approfondi. La force de notre cabinet r\u00e9side dans les comp\u00e9tences et le s\u00e9rieux d\u2019une \u00e9quipe soud\u00e9e, sous la supervision de l\u2019expert comptable.[\/vc_column_text][\/vc_column][vc_column width=\u00a0\u00bb1\/2&Prime;][vc_column_text]Actuellement, 70\u00a0professionnels d\u00e9ploie toutes ses ressources \u00e0 votre disposition, dans un esprit de coh\u00e9sion et de service. E&amp;R Consultants est l\u2019interlocuteur privil\u00e9gi\u00e9 pour analyser les besoins de votre entreprise, la conseiller et l\u2019accompagner tout au long de son d\u00e9veloppement.[\/vc_column_text][\/vc_column][\/vc_row][vc_row top_padding=\u00a0\u00bb0&Prime; bottom_padding=\u00a0\u00bb60&Prime; bg_position=\u00a0\u00bbleft top\u00a0\u00bb][vc_column width=\u00a0\u00bb1\/1&Prime;][\/vc_column][\/vc_row][vc_row bottom_padding=\u00a0\u00bb45&Prime;][vc_column width=\u00a0\u00bb1\/4&Prime;][vc_column_text]Expert comptable, dipl\u00f4m\u00e9 en gestion du patrimoine[\/vc_column_text][\/vc_column][vc_column width=\u00a0\u00bb1\/4&Prime;][vc_column_text]Expert comptable, dipl\u00f4m\u00e9 en gestion du patrimoine[\/vc_column_text][\/vc_column][vc_column width=\u00a0\u00bb1\/4&Prime;][vc_column_text]Expert comptable[\/vc_column_text][\/vc_column][vc_column width=\u00a0\u00bb1\/4&Prime;][vc_column_text]Expert comptable[\/vc_column_text][\/vc_column][\/vc_row][vc_row bottom_padding=\u00a0\u00bb60&Prime;][vc_column width=\u00a0\u00bb1\/4&Prime;][vc_column_text]Expert comptable[\/vc_column_text][\/vc_column][vc_column width=\u00a0\u00bb1\/4&Prime;][vc_column_text]Expert comptable[\/vc_column_text][\/vc_column][vc_column width=\u00a0\u00bb1\/4&Prime;][\/vc_column][vc_column width=\u00a0\u00bb1\/4&Prime;][\/vc_column][\/vc_row][vc_row bottom_padding=\u00a0\u00bb100&Prime;][vc_column width=\u00a0\u00bb1\/1&Prime;][vc_column_text]Une \u00e9quipe jeune et dynamique entoure le travail des experts comptables. Experts comptables stagiaires, chefs de groupe et collaborateurs\u00a0: tous sont \u00e0 votre disposition pour vous orienter, vous conseiller, r\u00e9pondre \u00e0 vos questions\u2026[\/vc_column_text][\/vc_column][\/vc_row]<\/p>\n","protected":false},"author":1,"featured_media":0,"parent":0,"menu_order":0,"comment_status":"open","ping_status":"closed","template":"","meta":{"footnotes":""},"class_list":["post-17405","page","type-page","status-publish","hentry"],"yoast_head":"<!-- This site is optimized with the Yoast SEO plugin v14.0.4 - https:\/\/yoast.com\/wordpress\/plugins\/seo\/ -->\n<title>Une \u00e9quipe d&#039;experts comptables \u00e0 votre service<\/title>\n<meta name=\"description\" content=\"Avec E&amp;R Consultants, une \u00e9quipe d&#039;experts comptables \u00e0 votre service \u00e0 Mulhouse, Cernay, Saint-Louis, Huningue, Thann, Belfort et Giromagny\" \/>\n<meta name=\"robots\" content=\"index, follow\" \/>\n<meta name=\"googlebot\" content=\"index, follow, max-snippet:-1, max-image-preview:large, max-video-preview:-1\" \/>\n<meta name=\"bingbot\" content=\"index, follow, max-snippet:-1, max-image-preview:large, max-video-preview:-1\" \/>\n<link rel=\"canonical\" href=\"https:\/\/www.er-consultants.com\/fr\/er-consultants-une-equipe-d-experts-comptables-a-votre-service\/\" \/>\n<meta property=\"og:locale\" content=\"fr_FR\" \/>\n<meta property=\"og:type\" content=\"article\" \/>\n<meta property=\"og:title\" content=\"Une \u00e9quipe d&#039;experts comptables \u00e0 votre service\" \/>\n<meta property=\"og:description\" content=\"Avec E&amp;R Consultants, une \u00e9quipe d&#039;experts comptables \u00e0 votre service \u00e0 Mulhouse, Cernay, Saint-Louis, Huningue, Thann, Belfort et Giromagny\" \/>\n<meta property=\"og:url\" content=\"https:\/\/www.er-consultants.com\/fr\/er-consultants-une-equipe-d-experts-comptables-a-votre-service\/\" \/>\n<meta property=\"og:site_name\" content=\"E&amp;R Consultants\" \/>\n<meta property=\"article:publisher\" content=\"https:\/\/www.facebook.com\/ERConsultants\" \/>\n<meta property=\"article:modified_time\" content=\"2026-02-02T15:15:06+00:00\" \/>\n<meta name=\"twitter:card\" content=\"summary\" \/>\n<meta name=\"twitter:creator\" content=\"@erconsultantsfr\" \/>\n<meta name=\"twitter:site\" content=\"@erconsultantsfr\" \/>\n<script type=\"application\/ld+json\" class=\"yoast-schema-graph\">{\"@context\":\"https:\/\/schema.org\",\"@graph\":[{\"@type\":\"WebSite\",\"@id\":\"https:\/\/www.er-consultants.com\/fr\/#website\",\"url\":\"https:\/\/www.er-consultants.com\/fr\/\",\"name\":\"E&amp;R Consultants\",\"description\":\"Cabinet d&#039;expertise comptable \\u00e0 Mulhouse, Saint-Louis, Cernay, Huningue, Thann, Belfort et Giromagny\",\"potentialAction\":[{\"@type\":\"SearchAction\",\"target\":\"https:\/\/www.er-consultants.com\/fr\/?s={search_term_string}\",\"query-input\":\"required name=search_term_string\"}],\"inLanguage\":\"fr-FR\"},{\"@type\":\"WebPage\",\"@id\":\"https:\/\/www.er-consultants.com\/fr\/er-consultants-une-equipe-d-experts-comptables-a-votre-service\/#webpage\",\"url\":\"https:\/\/www.er-consultants.com\/fr\/er-consultants-une-equipe-d-experts-comptables-a-votre-service\/\",\"name\":\"Une \\u00e9quipe d'experts comptables \\u00e0 votre service\",\"isPartOf\":{\"@id\":\"https:\/\/www.er-consultants.com\/fr\/#website\"},\"datePublished\":\"2015-06-23T09:10:53+00:00\",\"dateModified\":\"2026-02-02T15:15:06+00:00\",\"description\":\"Avec E&R Consultants, une \\u00e9quipe d'experts comptables \\u00e0 votre service \\u00e0 Mulhouse, Cernay, Saint-Louis, Huningue, Thann, Belfort et Giromagny\",\"inLanguage\":\"fr-FR\",\"potentialAction\":[{\"@type\":\"ReadAction\",\"target\":[\"https:\/\/www.er-consultants.com\/fr\/er-consultants-une-equipe-d-experts-comptables-a-votre-service\/\"]}]}]}<\/script>\n<!-- \/ Yoast SEO plugin. -->","_links":{"self":[{"href":"https:\/\/www.er-consultants.com\/fr\/wp-json\/wp\/v2\/pages\/17405","targetHints":{"allow":["GET"]}}],"collection":[{"href":"https:\/\/www.er-consultants.com\/fr\/wp-json\/wp\/v2\/pages"}],"about":[{"href":"https:\/\/www.er-consultants.com\/fr\/wp-json\/wp\/v2\/types\/page"}],"author":[{"embeddable":true,"href":"https:\/\/www.er-consultants.com\/fr\/wp-json\/wp\/v2\/users\/1"}],"replies":[{"embeddable":true,"href":"https:\/\/www.er-consultants.com\/fr\/wp-json\/wp\/v2\/comments?post=17405"}],"version-history":[{"count":50,"href":"https:\/\/www.er-consultants.com\/fr\/wp-json\/wp\/v2\/pages\/17405\/revisions"}],"predecessor-version":[{"id":893470,"href":"https:\/\/www.er-consultants.com\/fr\/wp-json\/wp\/v2\/pages\/17405\/revisions\/893470"}],"wp:attachment":[{"href":"https:\/\/www.er-consultants.com\/fr\/wp-json\/wp\/v2\/media?parent=17405"}],"curies":[{"name":"wp","href":"https:\/\/api.w.org\/{rel}","templated":true}]}}