{"id":17544,"date":"2015-06-24T10:48:04","date_gmt":"2015-06-24T09:48:04","guid":{"rendered":"https:\/\/www.er-consultants.org\/?page_id=17544"},"modified":"2025-10-09T16:12:55","modified_gmt":"2025-10-09T15:12:55","slug":"historique-cabinet-expertise-comptable-er-consultants-mulhouse-cernay-huningue-saint-louis","status":"publish","type":"page","link":"https:\/\/www.er-consultants.com\/fr\/historique-cabinet-expertise-comptable-er-consultants-mulhouse-cernay-huningue-saint-louis\/","title":{"rendered":"Historique"},"content":{"rendered":"<p>[vc_row bg_color=\u00a0\u00bb#f9f9f9&Prime; top_padding=\u00a0\u00bb60&Prime; bottom_padding=\u00a0\u00bb60&Prime; bg_position=\u00a0\u00bbcenter center\u00a0\u00bb][vc_column width=\u00a0\u00bb1\/1&Prime;]<h1 class=\"headline font-inherit fontsize-xxxxxl fontweight-300 lh-13 align-left transform-inherit \" style=\"margin: 0; color: #339999;\">Historique du cabinet<br \/>\nd&rsquo;expertise comptable<\/h1>[\/vc_column][\/vc_row][vc_row bg_color=\u00a0\u00bb#ffffff\u00a0\u00bb section_arrow=\u00a0\u00bbfalse\u00a0\u00bb top_padding=\u00a0\u00bb100&Prime; bottom_padding=\u00a0\u00bb60&Prime;][vc_column width=\u00a0\u00bb1\/2&Prime;][vc_column_text]La cr\u00e9ation du cabinet\u00a0<strong>E&amp;R Consultants<\/strong> \u00e9mane de l\u2019initiative de <strong>Monsieur Roland Ebersold<\/strong>, expert comptable dipl\u00f4m\u00e9 et commissaire aux comptes. Apr\u00e8s une longue exp\u00e9rience professionnelle au sein de cabinet, Monsieur Roland Ebersold s\u2019installe en 1991 \u00e0 son propre compte sur Mulhouse au Parc de la Mer Rouge, soucieux de cr\u00e9er une entit\u00e9\u00a0 efficace au service de la client\u00e8le.<\/p>\n<p>Un an plus tard, suite au d\u00e9membrement d\u2019un cabinet confr\u00e8re, Mr Roland cr\u00e9e un second bureau situ\u00e9 \u00e0 <strong>Saint Louis<\/strong>.<\/p>\n<p>Mr Ebersold quitte ses locaux pour s\u2019implanter au centre ville de <strong>Mulhouse<\/strong> en 1996 et parall\u00e8lement un nouveau cabinet ouvre \u00e0 <strong>Cernay<\/strong> la m\u00eame ann\u00e9e.<\/p>\n<p>Le d\u00e9veloppement du cabinet se dote d\u2019un \u00e9chelon suppl\u00e9mentaire en 1998. Roland Ebersold jusqu\u2019\u00e0 lors ind\u00e9pendant s\u2019associe avec <strong>Mr Patrick Romon<\/strong>. De cette association \u00e9mane une soci\u00e9t\u00e9 sous le nom de <strong>E&amp;R Consultants<\/strong>.<\/p>\n<p>L\u2019\u00e9volution du cabinet est croissante et continue. La soci\u00e9t\u00e9 se dote de nouvelles comp\u00e9tences : Mr Patrick Romon s\u2019associe\u00a0avec<strong> Claudia Heymann,<\/strong> expert comptable dipl\u00f4m\u00e9e en 2010 et enfin en 2015 avec <strong>Anne Catherine Dirr,<\/strong> expert comptable dipl\u00f4m\u00e9e.<\/p>\n<p>La soci\u00e9t\u00e9 <strong>E&amp;R Consultants<\/strong> est en pleine extension. En 2011, un site est ouvert \u00e0 <strong>Huningue.<\/strong><\/p>\n<p>En janvier 2012, la soci\u00e9t\u00e9\u00a0int\u00e8gre le cabinet Comptex Alsace Franche-Comt\u00e9 qui est situ\u00e9 sur 2 sites <strong>Vescemont<\/strong> et <strong>Thann<\/strong>.[\/vc_column_text][\/vc_column][vc_column width=\u00a0\u00bb1\/2&Prime;][vc_column_text]Le si\u00e8ge mulhousien d\u00e9m\u00e9nage en ao\u00fbt 2012 et s\u2019installe toujours au c\u0153ur du centre-ville\u00a0 au 46 avenue Roger Salengro apr\u00e8s r\u00e9novation compl\u00e8te des locaux.<\/p>\n<p>En mai 2014, afin de r\u00e9pondre aux probl\u00e9matiques de gestion de patrimoine, la soci\u00e9t\u00e9 <a href=\"http:\/\/www.er-patrimoine.com\/\" target=\"_blank\" rel=\"noopener noreferrer\"><strong>E&amp;R Patrimoine<\/strong><\/a> est cr\u00e9\u00e9e afin d\u2019accompagner nos clients dans la mise en application concr\u00e8te des conseils et procure un suivi individualis\u00e9 dans leurs besoins personnels.<\/p>\n<p>En d\u00e9cembre 2014, le cabinet Comptex Alsace Franche-Comt\u00e9 change de d\u00e9nomination, devient E&amp;R Consultants et d\u00e9m\u00e9nage son site de Vescemont sur deux sites : \u00e0 <strong>Belfort<\/strong> et \u00e0 <strong>Giromany<\/strong> pour rester au plus proche de sa client\u00e8le et accueillir dans de nouveaux locaux ses clients.<\/p>\n<p>Courant 2016, une soci\u00e9t\u00e9 <strong>E&amp;R services<\/strong> est en cours de cr\u00e9ation afin de proposer un service adapt\u00e9 aux particuliers dans l\u2019aide administrative et fiscale.<\/p>\n<p>A compter du 1<sup>er<\/sup> juillet 2016, le cabinet <strong>E&amp;R Consultants<\/strong> se d\u00e9veloppe par l&rsquo;ouverture d&rsquo;un site \u00e0 <strong>Lutterbach<\/strong> suite \u00e0 une op\u00e9ration de croissance externe d&rsquo;un cabinet local.<\/p>\n<p>En juin 2018, le cabinet de <strong>Thann<\/strong> a d\u00e9m\u00e9nag\u00e9 dans de nouveaux locaux tout comme<strong> Huningue<\/strong> et <strong>Saint-Louis.<\/strong><\/p>\n<p>Un nouveau cabinet est ouvert \u00e0 <strong>Brunstatt-Didenheim<\/strong> en 2022 suite au rachat du cabinet <strong>CGEX<\/strong>.<\/p>\n<p>Une nouvelle ouverture est r\u00e9alis\u00e9e en f\u00e9vrier 2025 \u00e0 <strong>Grandvillars<\/strong> suite au rachat du cabinet <strong>ATS.<\/strong><\/p>\n<p>La soci\u00e9t\u00e9 <strong>E&amp;R Consultants<\/strong> est \u00e0 votre service \u00e0 ce jour sur <a href=\"https:\/\/www.er-consultants.com\/fr\/contacter-experts-comptables-mulhouse-cernay-huningue-saint-louis\/\">dix sites<\/a>. Elle se tient \u00e0 votre disposition avec une gamme de services \u00e9tendue.[\/vc_column_text][\/vc_column][\/vc_row]<\/p>\n","protected":false},"excerpt":{"rendered":"<p>[vc_row bg_color=\u00a0\u00bb#f9f9f9&Prime; top_padding=\u00a0\u00bb60&Prime; bottom_padding=\u00a0\u00bb60&Prime; bg_position=\u00a0\u00bbcenter center\u00a0\u00bb][vc_column width=\u00a0\u00bb1\/1&Prime;][\/vc_column][\/vc_row][vc_row bg_color=\u00a0\u00bb#ffffff\u00a0\u00bb section_arrow=\u00a0\u00bbfalse\u00a0\u00bb top_padding=\u00a0\u00bb100&Prime; bottom_padding=\u00a0\u00bb60&Prime;][vc_column width=\u00a0\u00bb1\/2&Prime;][vc_column_text]La cr\u00e9ation du cabinet\u00a0E&amp;R Consultants \u00e9mane de l\u2019initiative de Monsieur Roland Ebersold, expert comptable dipl\u00f4m\u00e9 et commissaire aux comptes. Apr\u00e8s une longue exp\u00e9rience professionnelle au sein de cabinet, Monsieur Roland Ebersold s\u2019installe en 1991 \u00e0 son propre compte sur Mulhouse au Parc de la Mer Rouge, soucieux de cr\u00e9er une entit\u00e9\u00a0 efficace au service de la client\u00e8le. Un an plus tard, suite au d\u00e9membrement d\u2019un cabinet confr\u00e8re, Mr Roland cr\u00e9e un second bureau situ\u00e9 \u00e0 Saint Louis. Mr Ebersold quitte ses locaux pour s\u2019implanter au centre ville de Mulhouse en 1996 et parall\u00e8lement un nouveau cabinet ouvre \u00e0 Cernay la m\u00eame ann\u00e9e. Le d\u00e9veloppement du cabinet se dote d\u2019un \u00e9chelon suppl\u00e9mentaire en 1998. Roland Ebersold jusqu\u2019\u00e0 lors ind\u00e9pendant s\u2019associe avec Mr Patrick Romon. De cette association \u00e9mane une soci\u00e9t\u00e9 sous le nom de E&amp;R Consultants. L\u2019\u00e9volution du cabinet est croissante et continue. La soci\u00e9t\u00e9 se dote de nouvelles comp\u00e9tences : Mr Patrick Romon s\u2019associe\u00a0avec Claudia Heymann, expert comptable dipl\u00f4m\u00e9e en 2010 et enfin en 2015 avec Anne Catherine Dirr, expert comptable dipl\u00f4m\u00e9e. La soci\u00e9t\u00e9 E&amp;R Consultants est en pleine extension. En 2011, un site est ouvert \u00e0 Huningue. En [&hellip;]<\/p>\n","protected":false},"author":1,"featured_media":0,"parent":0,"menu_order":0,"comment_status":"open","ping_status":"closed","template":"","meta":{"footnotes":""},"class_list":["post-17544","page","type-page","status-publish","hentry"],"yoast_head":"<!-- This site is optimized with the Yoast SEO plugin v14.0.4 - https:\/\/yoast.com\/wordpress\/plugins\/seo\/ -->\n<title>Historique cabinet expertise comptable Mulhouse<\/title>\n<meta name=\"description\" content=\"Historique du cabinet expertise comptable \u00e0 Mulhouse, Cernay, Saint-Louis, Huningue, Thann, Belfort et Giromagny\" \/>\n<meta name=\"robots\" content=\"index, follow\" \/>\n<meta name=\"googlebot\" content=\"index, follow, max-snippet:-1, max-image-preview:large, max-video-preview:-1\" \/>\n<meta name=\"bingbot\" content=\"index, follow, max-snippet:-1, max-image-preview:large, max-video-preview:-1\" \/>\n<link rel=\"canonical\" href=\"https:\/\/www.er-consultants.com\/fr\/historique-cabinet-expertise-comptable-er-consultants-mulhouse-cernay-huningue-saint-louis\/\" \/>\n<meta property=\"og:locale\" content=\"fr_FR\" \/>\n<meta property=\"og:type\" content=\"article\" \/>\n<meta property=\"og:title\" content=\"Historique cabinet expertise comptable Mulhouse\" \/>\n<meta property=\"og:description\" content=\"Historique du cabinet expertise comptable \u00e0 Mulhouse, Cernay, Saint-Louis, Huningue, Thann, Belfort et Giromagny\" \/>\n<meta property=\"og:url\" content=\"https:\/\/www.er-consultants.com\/fr\/historique-cabinet-expertise-comptable-er-consultants-mulhouse-cernay-huningue-saint-louis\/\" \/>\n<meta property=\"og:site_name\" content=\"E&amp;R Consultants\" \/>\n<meta property=\"article:publisher\" content=\"https:\/\/www.facebook.com\/ERConsultants\" \/>\n<meta property=\"article:modified_time\" content=\"2025-10-09T15:12:55+00:00\" \/>\n<meta name=\"twitter:card\" content=\"summary\" \/>\n<meta name=\"twitter:creator\" content=\"@erconsultantsfr\" \/>\n<meta name=\"twitter:site\" content=\"@erconsultantsfr\" \/>\n<script type=\"application\/ld+json\" class=\"yoast-schema-graph\">{\"@context\":\"https:\/\/schema.org\",\"@graph\":[{\"@type\":\"WebSite\",\"@id\":\"https:\/\/www.er-consultants.com\/fr\/#website\",\"url\":\"https:\/\/www.er-consultants.com\/fr\/\",\"name\":\"E&amp;R Consultants\",\"description\":\"Cabinet d&#039;expertise comptable \\u00e0 Mulhouse, Saint-Louis, Cernay, Huningue, Thann, Belfort et Giromagny\",\"potentialAction\":[{\"@type\":\"SearchAction\",\"target\":\"https:\/\/www.er-consultants.com\/fr\/?s={search_term_string}\",\"query-input\":\"required name=search_term_string\"}],\"inLanguage\":\"fr-FR\"},{\"@type\":\"WebPage\",\"@id\":\"https:\/\/www.er-consultants.com\/fr\/historique-cabinet-expertise-comptable-er-consultants-mulhouse-cernay-huningue-saint-louis\/#webpage\",\"url\":\"https:\/\/www.er-consultants.com\/fr\/historique-cabinet-expertise-comptable-er-consultants-mulhouse-cernay-huningue-saint-louis\/\",\"name\":\"Historique cabinet expertise comptable Mulhouse\",\"isPartOf\":{\"@id\":\"https:\/\/www.er-consultants.com\/fr\/#website\"},\"datePublished\":\"2015-06-24T09:48:04+00:00\",\"dateModified\":\"2025-10-09T15:12:55+00:00\",\"description\":\"Historique du cabinet expertise comptable \\u00e0 Mulhouse, Cernay, Saint-Louis, Huningue, Thann, Belfort et Giromagny\",\"inLanguage\":\"fr-FR\",\"potentialAction\":[{\"@type\":\"ReadAction\",\"target\":[\"https:\/\/www.er-consultants.com\/fr\/historique-cabinet-expertise-comptable-er-consultants-mulhouse-cernay-huningue-saint-louis\/\"]}]}]}<\/script>\n<!-- \/ Yoast SEO plugin. -->","_links":{"self":[{"href":"https:\/\/www.er-consultants.com\/fr\/wp-json\/wp\/v2\/pages\/17544","targetHints":{"allow":["GET"]}}],"collection":[{"href":"https:\/\/www.er-consultants.com\/fr\/wp-json\/wp\/v2\/pages"}],"about":[{"href":"https:\/\/www.er-consultants.com\/fr\/wp-json\/wp\/v2\/types\/page"}],"author":[{"embeddable":true,"href":"https:\/\/www.er-consultants.com\/fr\/wp-json\/wp\/v2\/users\/1"}],"replies":[{"embeddable":true,"href":"https:\/\/www.er-consultants.com\/fr\/wp-json\/wp\/v2\/comments?post=17544"}],"version-history":[{"count":26,"href":"https:\/\/www.er-consultants.com\/fr\/wp-json\/wp\/v2\/pages\/17544\/revisions"}],"predecessor-version":[{"id":893155,"href":"https:\/\/www.er-consultants.com\/fr\/wp-json\/wp\/v2\/pages\/17544\/revisions\/893155"}],"wp:attachment":[{"href":"https:\/\/www.er-consultants.com\/fr\/wp-json\/wp\/v2\/media?parent=17544"}],"curies":[{"name":"wp","href":"https:\/\/api.w.org\/{rel}","templated":true}]}}