{"id":17556,"date":"2015-06-24T11:06:17","date_gmt":"2015-06-24T10:06:17","guid":{"rendered":"https:\/\/www.er-consultants.org\/?page_id=17556"},"modified":"2015-07-07T09:45:42","modified_gmt":"2015-07-07T08:45:42","slug":"un-reseau-de-partenaires","status":"publish","type":"page","link":"https:\/\/www.er-consultants.com\/fr\/un-reseau-de-partenaires\/","title":{"rendered":"Un r\u00e9seau de partenaires"},"content":{"rendered":"<p>[vc_row type=\u00a0\u00bbstandard_section\u00a0\u00bb bg_position=\u00a0\u00bbleft top\u00a0\u00bb bg_repeat=\u00a0\u00bbstretch\u00a0\u00bb text_color=\u00a0\u00bbdark\u00a0\u00bb text_align=\u00a0\u00bbleft\u00a0\u00bb top_padding=\u00a0\u00bb60&Prime; bottom_padding=\u00a0\u00bb60&Prime; parallax_bg=\u00a0\u00bb\u00a0\u00bb stellar_class=\u00a0\u00bbdefault\u00a0\u00bb bg_color=\u00a0\u00bb#f9f9f9&Prime; section_arrow=\u00a0\u00bb\u00a0\u00bb video_bg=\u00a0\u00bb\u00a0\u00bb enable_video_color_overlay=\u00a0\u00bb\u00a0\u00bb][vc_column width=\u00a0\u00bb1\/1&Prime;]<h1 class=\"headline font-inherit fontsize-xxxxxl fontweight-300 lh-13 align-left transform-inherit \" style=\"margin: 0; color: #339999;\">Un r\u00e9seau de partenaires<\/h1>[\/vc_column][\/vc_row][vc_row type=\u00a0\u00bbstandard_section\u00a0\u00bb bg_position=\u00a0\u00bbleft top\u00a0\u00bb bg_repeat=\u00a0\u00bbstretch\u00a0\u00bb text_color=\u00a0\u00bbdark\u00a0\u00bb text_align=\u00a0\u00bbleft\u00a0\u00bb top_padding=\u00a0\u00bb100&Prime; bottom_padding=\u00a0\u00bb60&Prime; parallax_bg=\u00a0\u00bb\u00a0\u00bb stellar_class=\u00a0\u00bbdefault\u00a0\u00bb section_arrow=\u00a0\u00bb\u00a0\u00bb video_bg=\u00a0\u00bb\u00a0\u00bb enable_video_color_overlay=\u00a0\u00bb\u00a0\u00bb][vc_column animation=\u00a0\u00bbnone\u00a0\u00bb bg_color=\u00a0\u00bb\u00a0\u00bb bg_image=\u00a0\u00bb\u00a0\u00bb column_padding=\u00a0\u00bbno-padding\u00a0\u00bb column_center=\u00a0\u00bb\u00a0\u00bb text_color=\u00a0\u00bbdark\u00a0\u00bb custom_text_color=\u00a0\u00bb\u00a0\u00bb text_align=\u00a0\u00bbleft\u00a0\u00bb width=\u00a0\u00bb1\/2&Prime;][vc_column_text]Afin de satisfaire au mieux vos attentes, nous collaborons \u00e9troitement avec <strong>une \u00e9quipe de professionnels<\/strong>. Une telle coop\u00e9ration nous permet de traiter les sujets de mani\u00e8re \u00e9largie et approfondie, de recourir \u00e0 l\u2019avis de sp\u00e9cialistes dans le cadre de probl\u00e9matiques cibl\u00e9es.[\/vc_column_text][\/vc_column][vc_column animation=\u00a0\u00bbnone\u00a0\u00bb bg_color=\u00a0\u00bb\u00a0\u00bb bg_image=\u00a0\u00bb\u00a0\u00bb column_padding=\u00a0\u00bbno-padding\u00a0\u00bb column_center=\u00a0\u00bb\u00a0\u00bb text_color=\u00a0\u00bbdark\u00a0\u00bb custom_text_color=\u00a0\u00bb\u00a0\u00bb text_align=\u00a0\u00bbleft\u00a0\u00bb width=\u00a0\u00bb1\/2&Prime;][vc_column_text]Nous d\u00e9fendons l&rsquo;id\u00e9e que chaque sp\u00e9cialisation peut \u00eatre ma\u00eetris\u00e9e par une seule personne. Nous soutenons l&rsquo;id\u00e9e qu&rsquo;\u00e0 plusieurs nous sommes plus forts. Ainsi, d\u00e8s que les besoins de nos clients n\u00e9cessitent des comp\u00e9tences sp\u00e9cifiques nous n&rsquo;h\u00e9sitons pas \u00e0 mettre tout en \u0153uvre pour les assister aupr\u00e8s de professionnels reconnus.[\/vc_column_text][\/vc_column][\/vc_row]<\/p>\n","protected":false},"excerpt":{"rendered":"<p>[vc_row type=\u00a0\u00bbstandard_section\u00a0\u00bb bg_position=\u00a0\u00bbleft top\u00a0\u00bb bg_repeat=\u00a0\u00bbstretch\u00a0\u00bb text_color=\u00a0\u00bbdark\u00a0\u00bb text_align=\u00a0\u00bbleft\u00a0\u00bb top_padding=\u00a0\u00bb60&Prime; bottom_padding=\u00a0\u00bb60&Prime; parallax_bg=\u00a0\u00bb\u00a0\u00bb stellar_class=\u00a0\u00bbdefault\u00a0\u00bb bg_color=\u00a0\u00bb#f9f9f9&Prime; section_arrow=\u00a0\u00bb\u00a0\u00bb video_bg=\u00a0\u00bb\u00a0\u00bb enable_video_color_overlay=\u00a0\u00bb\u00a0\u00bb][vc_column width=\u00a0\u00bb1\/1&Prime;][\/vc_column][\/vc_row][vc_row type=\u00a0\u00bbstandard_section\u00a0\u00bb bg_position=\u00a0\u00bbleft top\u00a0\u00bb bg_repeat=\u00a0\u00bbstretch\u00a0\u00bb text_color=\u00a0\u00bbdark\u00a0\u00bb text_align=\u00a0\u00bbleft\u00a0\u00bb top_padding=\u00a0\u00bb100&Prime; bottom_padding=\u00a0\u00bb60&Prime; parallax_bg=\u00a0\u00bb\u00a0\u00bb stellar_class=\u00a0\u00bbdefault\u00a0\u00bb section_arrow=\u00a0\u00bb\u00a0\u00bb video_bg=\u00a0\u00bb\u00a0\u00bb enable_video_color_overlay=\u00a0\u00bb\u00a0\u00bb][vc_column animation=\u00a0\u00bbnone\u00a0\u00bb bg_color=\u00a0\u00bb\u00a0\u00bb bg_image=\u00a0\u00bb\u00a0\u00bb column_padding=\u00a0\u00bbno-padding\u00a0\u00bb column_center=\u00a0\u00bb\u00a0\u00bb text_color=\u00a0\u00bbdark\u00a0\u00bb custom_text_color=\u00a0\u00bb\u00a0\u00bb text_align=\u00a0\u00bbleft\u00a0\u00bb width=\u00a0\u00bb1\/2&Prime;][vc_column_text]Afin de satisfaire au mieux vos attentes, nous collaborons \u00e9troitement avec une \u00e9quipe de professionnels. Une telle coop\u00e9ration nous permet de traiter les sujets de mani\u00e8re \u00e9largie et approfondie, de recourir \u00e0 l\u2019avis de sp\u00e9cialistes dans le cadre de probl\u00e9matiques cibl\u00e9es.[\/vc_column_text][\/vc_column][vc_column animation=\u00a0\u00bbnone\u00a0\u00bb bg_color=\u00a0\u00bb\u00a0\u00bb bg_image=\u00a0\u00bb\u00a0\u00bb column_padding=\u00a0\u00bbno-padding\u00a0\u00bb column_center=\u00a0\u00bb\u00a0\u00bb text_color=\u00a0\u00bbdark\u00a0\u00bb custom_text_color=\u00a0\u00bb\u00a0\u00bb text_align=\u00a0\u00bbleft\u00a0\u00bb width=\u00a0\u00bb1\/2&Prime;][vc_column_text]Nous d\u00e9fendons l&rsquo;id\u00e9e que chaque sp\u00e9cialisation peut \u00eatre ma\u00eetris\u00e9e par une seule personne. Nous soutenons l&rsquo;id\u00e9e qu&rsquo;\u00e0 plusieurs nous sommes plus forts. Ainsi, d\u00e8s que les besoins de nos clients n\u00e9cessitent des comp\u00e9tences sp\u00e9cifiques nous n&rsquo;h\u00e9sitons pas \u00e0 mettre tout en \u0153uvre pour les assister aupr\u00e8s de professionnels reconnus.[\/vc_column_text][\/vc_column][\/vc_row]<\/p>\n","protected":false},"author":1,"featured_media":0,"parent":0,"menu_order":0,"comment_status":"open","ping_status":"closed","template":"","meta":{"footnotes":""},"class_list":["post-17556","page","type-page","status-publish","hentry"],"yoast_head":"<!-- This site is optimized with the Yoast SEO plugin v14.0.4 - https:\/\/yoast.com\/wordpress\/plugins\/seo\/ -->\n<title>Un r\u00e9seau de partenaires<\/title>\n<meta name=\"description\" content=\"Afin de satisfaire au mieux vos attentes, nous collaborons \u00e9troitement avec une \u00e9quipe de professionnels.\" \/>\n<meta name=\"robots\" content=\"index, follow\" \/>\n<meta name=\"googlebot\" content=\"index, follow, max-snippet:-1, max-image-preview:large, max-video-preview:-1\" \/>\n<meta name=\"bingbot\" content=\"index, follow, max-snippet:-1, max-image-preview:large, max-video-preview:-1\" \/>\n<link rel=\"canonical\" href=\"https:\/\/www.er-consultants.com\/fr\/un-reseau-de-partenaires\/\" \/>\n<meta property=\"og:locale\" content=\"fr_FR\" \/>\n<meta property=\"og:type\" content=\"article\" \/>\n<meta property=\"og:title\" content=\"Un r\u00e9seau de partenaires\" \/>\n<meta property=\"og:description\" content=\"Afin de satisfaire au mieux vos attentes, nous collaborons \u00e9troitement avec une \u00e9quipe de professionnels.\" \/>\n<meta property=\"og:url\" content=\"https:\/\/www.er-consultants.com\/fr\/un-reseau-de-partenaires\/\" \/>\n<meta property=\"og:site_name\" content=\"E&amp;R Consultants\" \/>\n<meta property=\"article:publisher\" content=\"https:\/\/www.facebook.com\/ERConsultants\" \/>\n<meta property=\"article:modified_time\" content=\"2015-07-07T08:45:42+00:00\" \/>\n<meta name=\"twitter:card\" content=\"summary\" \/>\n<meta name=\"twitter:creator\" content=\"@erconsultantsfr\" \/>\n<meta name=\"twitter:site\" content=\"@erconsultantsfr\" \/>\n<script type=\"application\/ld+json\" class=\"yoast-schema-graph\">{\"@context\":\"https:\/\/schema.org\",\"@graph\":[{\"@type\":\"WebSite\",\"@id\":\"https:\/\/www.er-consultants.com\/fr\/#website\",\"url\":\"https:\/\/www.er-consultants.com\/fr\/\",\"name\":\"E&amp;R Consultants\",\"description\":\"Cabinet d&#039;expertise comptable \\u00e0 Mulhouse, Saint-Louis, Cernay, Huningue, Thann, Belfort et Giromagny\",\"potentialAction\":[{\"@type\":\"SearchAction\",\"target\":\"https:\/\/www.er-consultants.com\/fr\/?s={search_term_string}\",\"query-input\":\"required name=search_term_string\"}],\"inLanguage\":\"fr-FR\"},{\"@type\":\"WebPage\",\"@id\":\"https:\/\/www.er-consultants.com\/fr\/un-reseau-de-partenaires\/#webpage\",\"url\":\"https:\/\/www.er-consultants.com\/fr\/un-reseau-de-partenaires\/\",\"name\":\"Un r\\u00e9seau de partenaires\",\"isPartOf\":{\"@id\":\"https:\/\/www.er-consultants.com\/fr\/#website\"},\"datePublished\":\"2015-06-24T10:06:17+00:00\",\"dateModified\":\"2015-07-07T08:45:42+00:00\",\"description\":\"Afin de satisfaire au mieux vos attentes, nous collaborons \\u00e9troitement avec une \\u00e9quipe de professionnels.\",\"inLanguage\":\"fr-FR\",\"potentialAction\":[{\"@type\":\"ReadAction\",\"target\":[\"https:\/\/www.er-consultants.com\/fr\/un-reseau-de-partenaires\/\"]}]}]}<\/script>\n<!-- \/ Yoast SEO plugin. -->","_links":{"self":[{"href":"https:\/\/www.er-consultants.com\/fr\/wp-json\/wp\/v2\/pages\/17556","targetHints":{"allow":["GET"]}}],"collection":[{"href":"https:\/\/www.er-consultants.com\/fr\/wp-json\/wp\/v2\/pages"}],"about":[{"href":"https:\/\/www.er-consultants.com\/fr\/wp-json\/wp\/v2\/types\/page"}],"author":[{"embeddable":true,"href":"https:\/\/www.er-consultants.com\/fr\/wp-json\/wp\/v2\/users\/1"}],"replies":[{"embeddable":true,"href":"https:\/\/www.er-consultants.com\/fr\/wp-json\/wp\/v2\/comments?post=17556"}],"version-history":[{"count":2,"href":"https:\/\/www.er-consultants.com\/fr\/wp-json\/wp\/v2\/pages\/17556\/revisions"}],"predecessor-version":[{"id":17628,"href":"https:\/\/www.er-consultants.com\/fr\/wp-json\/wp\/v2\/pages\/17556\/revisions\/17628"}],"wp:attachment":[{"href":"https:\/\/www.er-consultants.com\/fr\/wp-json\/wp\/v2\/media?parent=17556"}],"curies":[{"name":"wp","href":"https:\/\/api.w.org\/{rel}","templated":true}]}}