{"id":17627,"date":"2015-07-01T08:54:35","date_gmt":"2015-07-01T07:54:35","guid":{"rendered":"https:\/\/www.er-consultants.org\/?page_id=17627"},"modified":"2015-07-07T09:47:22","modified_gmt":"2015-07-07T08:47:22","slug":"expertise-comptable-er-consultants-comptabilite-bilan-pme-pmi","status":"publish","type":"page","link":"https:\/\/www.er-consultants.com\/fr\/expertise-comptable-er-consultants-comptabilite-bilan-pme-pmi\/","title":{"rendered":"L&rsquo;expertise comptable"},"content":{"rendered":"<p>[vc_row type=\u00a0\u00bbstandard_section\u00a0\u00bb bg_position=\u00a0\u00bbleft top\u00a0\u00bb bg_repeat=\u00a0\u00bbstretch\u00a0\u00bb text_color=\u00a0\u00bbdark\u00a0\u00bb text_align=\u00a0\u00bbleft\u00a0\u00bb top_padding=\u00a0\u00bb60&Prime; row_id=\u00a0\u00bbintro\u00a0\u00bb parallax_bg=\u00a0\u00bb\u00a0\u00bb stellar_class=\u00a0\u00bbdefault\u00a0\u00bb bg_color=\u00a0\u00bb#f9f9f9&Prime; section_arrow=\u00a0\u00bb\u00a0\u00bb video_bg=\u00a0\u00bb\u00a0\u00bb enable_video_color_overlay=\u00a0\u00bb\u00a0\u00bb bottom_padding=\u00a0\u00bb60&Prime;][vc_column width=\u00a0\u00bb1\/1&Prime;]<h1 class=\"headline font-inherit fontsize-xxxxxl fontweight-300 lh-13 align-left transform-inherit \" style=\"margin: 0; color: #339999;\">L&rsquo;expertise comptable<\/h1>[\/vc_column][\/vc_row][vc_row type=\u00a0\u00bbstandard_section\u00a0\u00bb bg_repeat=\u00a0\u00bbstretch\u00a0\u00bb text_color=\u00a0\u00bbdark\u00a0\u00bb text_align=\u00a0\u00bbleft\u00a0\u00bb bottom_padding=\u00a0\u00bb60&Prime; parallax_bg=\u00a0\u00bb\u00a0\u00bb stellar_class=\u00a0\u00bbdefault\u00a0\u00bb section_arrow=\u00a0\u00bb\u00a0\u00bb video_bg=\u00a0\u00bb\u00a0\u00bb enable_video_color_overlay=\u00a0\u00bb\u00a0\u00bb top_padding=\u00a0\u00bb100&Prime;][vc_column animation=\u00a0\u00bbnone\u00a0\u00bb bg_color=\u00a0\u00bb\u00a0\u00bb bg_image=\u00a0\u00bb\u00a0\u00bb column_padding=\u00a0\u00bbno-padding\u00a0\u00bb column_center=\u00a0\u00bb\u00a0\u00bb text_color=\u00a0\u00bbdark\u00a0\u00bb custom_text_color=\u00a0\u00bb\u00a0\u00bb text_align=\u00a0\u00bbleft\u00a0\u00bb width=\u00a0\u00bb1\/2&Prime;][vc_column_text]L\u2019<strong>expert comptable<\/strong> est un <strong>professionnel de la comptabilit\u00e9<\/strong> qui appr\u00e9cie, contr\u00f4le, v\u00e9rifie, r\u00e9vise les <strong>comptes<\/strong> des entreprises au moyen de <strong>bilans<\/strong> et d\u2019un <strong>suivi des r\u00e9sultats<\/strong> de l\u2019entreprise. L\u2019expert comptable garantit \u00e0 son client <strong>secret professionnel<\/strong>, rigueur, honn\u00eatet\u00e9, <strong>int\u00e9grit\u00e9<\/strong>, assistant les chefs d\u2019entreprise au c\u0153ur de la comptabilit\u00e9.<\/p>\n<p>L\u2019expertise comptable s\u2019adresse aux <strong>entreprises<\/strong> &#8211; PME, PMI, GIE, entreprise individuelle, BIC, BNC -, aux comit\u00e9s d\u2019entreprise, aux <strong>associations<\/strong>, aux <strong>soci\u00e9t\u00e9s civiles<\/strong> et coop\u00e9ratives, aux <strong>artisans<\/strong> et <strong>professions lib\u00e9rales<\/strong>&#8230;[\/vc_column_text][\/vc_column][vc_column animation=\u00a0\u00bbnone\u00a0\u00bb bg_color=\u00a0\u00bb\u00a0\u00bb bg_image=\u00a0\u00bb\u00a0\u00bb column_padding=\u00a0\u00bbno-padding\u00a0\u00bb column_center=\u00a0\u00bb\u00a0\u00bb text_color=\u00a0\u00bbdark\u00a0\u00bb custom_text_color=\u00a0\u00bb\u00a0\u00bb text_align=\u00a0\u00bbleft\u00a0\u00bb width=\u00a0\u00bb1\/2&Prime;][vc_column_text]L\u2019expert comptable \u00e9paule le chef d\u2019entreprise dans sa <strong>gestion comptable<\/strong> et dans ses <strong>pr\u00e9rogatives comptables, fiscales, juridiques<\/strong> et <strong>sociales<\/strong>.<\/p>\n<p>L\u2019expert comptable peut \u00e9galement fournir <strong>conseil<\/strong> et <strong>assistance<\/strong> en mati\u00e8re de <strong>gestion patrimoniale<\/strong>, notamment au sein d\u2019une <strong>SCI<\/strong>, une assistance aux <strong>d\u00e9clarations fiscales diverses<\/strong>, des conseils en mati\u00e8re de gestion du patrimoine.<\/p>\n<p>Pour toute information compl\u00e9mentaire, vous pouvez directement vous rendre sur le site de <a title=\"l'Ordre des Experts Comptables\" href=\"http:\/\/www.experts-comptables.fr\/\" target=\"_blank\">l\u2019Ordre des Experts Comptables<\/a>.[\/vc_column_text][\/vc_column][\/vc_row][vc_row type=\u00a0\u00bbstandard_section\u00a0\u00bb bg_image=\u00a0\u00bb\u00a0\u00bb bg_repeat=\u00a0\u00bbstretch\u00a0\u00bb parallax_bg=\u00a0\u00bb\u00a0\u00bb stellar_class=\u00a0\u00bbdefault\u00a0\u00bb bg_color=\u00a0\u00bb\u00a0\u00bb section_arrow=\u00a0\u00bb\u00a0\u00bb video_bg=\u00a0\u00bb\u00a0\u00bb enable_video_color_overlay=\u00a0\u00bb\u00a0\u00bb video_overlay_color=\u00a0\u00bb\u00a0\u00bb video_webm=\u00a0\u00bb\u00a0\u00bb video_mp4=\u00a0\u00bb\u00a0\u00bb video_ogv=\u00a0\u00bb\u00a0\u00bb video_image=\u00a0\u00bb\u00a0\u00bb text_color=\u00a0\u00bbdark\u00a0\u00bb custom_text_color=\u00a0\u00bb\u00a0\u00bb text_align=\u00a0\u00bbleft\u00a0\u00bb top_padding=\u00a0\u00bb\u00a0\u00bb bottom_padding=\u00a0\u00bb\u00a0\u00bb class=\u00a0\u00bb\u00a0\u00bb row_id=\u00a0\u00bb\u00a0\u00bb][vc_column animation=\u00a0\u00bbnone\u00a0\u00bb bg_color=\u00a0\u00bb\u00a0\u00bb bg_image=\u00a0\u00bb\u00a0\u00bb column_padding=\u00a0\u00bbno-padding\u00a0\u00bb column_center=\u00a0\u00bb\u00a0\u00bb text_color=\u00a0\u00bbdark\u00a0\u00bb custom_text_color=\u00a0\u00bb\u00a0\u00bb text_align=\u00a0\u00bbleft\u00a0\u00bb width=\u00a0\u00bb1\/1&Prime;]<div class=\"divider divider1\" style='margin:0  !important;'><\/div>[\/vc_column][\/vc_row][vc_row type=\u00a0\u00bbstandard_section\u00a0\u00bb bg_repeat=\u00a0\u00bbstretch\u00a0\u00bb parallax_bg=\u00a0\u00bb\u00a0\u00bb stellar_class=\u00a0\u00bbdefault\u00a0\u00bb section_arrow=\u00a0\u00bb\u00a0\u00bb video_bg=\u00a0\u00bb\u00a0\u00bb enable_video_color_overlay=\u00a0\u00bb\u00a0\u00bb text_color=\u00a0\u00bbdark\u00a0\u00bb text_align=\u00a0\u00bbleft\u00a0\u00bb row_id=\u00a0\u00bbfeatures\u00a0\u00bb top_padding=\u00a0\u00bb100&Prime; bottom_padding=\u00a0\u00bb60&Prime;][vc_column animation=\u00a0\u00bbnone\u00a0\u00bb column_padding=\u00a0\u00bbno-padding\u00a0\u00bb column_center=\u00a0\u00bb\u00a0\u00bb text_color=\u00a0\u00bbdark\u00a0\u00bb text_align=\u00a0\u00bbleft\u00a0\u00bb width=\u00a0\u00bb1\/2&Prime;]<div class=\"headline font-special fontsize-xxxxl fontweight-400 lh-12 align-left transform-uppercase \" style=\"margin: 0; color: #7aa69c;\">Chez <span style=\"color: #333333;\">E&amp;R Consultants<\/span>, l\u2019expertise comptable, c\u2019est <\/div>[\/vc_column][vc_column animation=\u00a0\u00bbnone\u00a0\u00bb column_padding=\u00a0\u00bbno-padding\u00a0\u00bb column_center=\u00a0\u00bb\u00a0\u00bb text_color=\u00a0\u00bbdark\u00a0\u00bb text_align=\u00a0\u00bbleft\u00a0\u00bb width=\u00a0\u00bb1\/2&Prime;][vc_column_text]<\/p>\n<ul>\n<li>une <strong>ma\u00eetrise<\/strong> des <strong>co\u00fbts<\/strong>, des <strong>risques<\/strong>, l\u2019\u00e9tablissement r\u00e9gulier de <strong>diagnostics, bilans<\/strong>, documents comptables et fiscaux,<\/li>\n<li>un respect des <strong>d\u00e9lais<\/strong>,<\/li>\n<li>un <strong>conseil permanent<\/strong> et une <strong>assistance efficace<\/strong> quant aux multiples <strong>choix strat\u00e9giques<\/strong> auxquels l\u2019entreprise est confront\u00e9e,<\/li>\n<li>un v\u00e9ritable <strong>coach<\/strong> dans la progression et les \u00e9tapes de la vie de l\u2019entreprise par une ma\u00eetrise parfaite du <strong>cadre r\u00e9glementaire<\/strong> et <strong>l\u00e9gal<\/strong>,<\/li>\n<li>l\u2019<strong>avis d\u2019un professionnel<\/strong> quant \u00e0 l\u2019optimisation des investissements dans des secteurs et structures variables,<\/li>\n<li>une <strong>assistance aux formalit\u00e9s<\/strong>, avec \u00e9tablissement de <strong>pr\u00e9visionnel<\/strong> et de <strong>diagnostic<\/strong>,<\/li>\n<li data-web-developer-element-ancestors-outline=\"true\">une aide \u00e0 la <strong>cr\u00e9ation<\/strong> et \u00e0 la <strong>reprise d\u2019entreprise<\/strong>, conjugu\u00e9es \u00e0 un <strong>audit<\/strong> et une <strong>\u00e9valuation d\u2019entreprise<\/strong>.<\/li>\n<\/ul>\n<p>[\/vc_column_text][\/vc_column][\/vc_row]<\/p>\n","protected":false},"excerpt":{"rendered":"<p>[vc_row type=\u00a0\u00bbstandard_section\u00a0\u00bb bg_position=\u00a0\u00bbleft top\u00a0\u00bb bg_repeat=\u00a0\u00bbstretch\u00a0\u00bb text_color=\u00a0\u00bbdark\u00a0\u00bb text_align=\u00a0\u00bbleft\u00a0\u00bb top_padding=\u00a0\u00bb60&Prime; row_id=\u00a0\u00bbintro\u00a0\u00bb parallax_bg=\u00a0\u00bb\u00a0\u00bb stellar_class=\u00a0\u00bbdefault\u00a0\u00bb bg_color=\u00a0\u00bb#f9f9f9&Prime; section_arrow=\u00a0\u00bb\u00a0\u00bb video_bg=\u00a0\u00bb\u00a0\u00bb enable_video_color_overlay=\u00a0\u00bb\u00a0\u00bb bottom_padding=\u00a0\u00bb60&Prime;][vc_column width=\u00a0\u00bb1\/1&Prime;][\/vc_column][\/vc_row][vc_row type=\u00a0\u00bbstandard_section\u00a0\u00bb bg_repeat=\u00a0\u00bbstretch\u00a0\u00bb text_color=\u00a0\u00bbdark\u00a0\u00bb text_align=\u00a0\u00bbleft\u00a0\u00bb bottom_padding=\u00a0\u00bb60&Prime; parallax_bg=\u00a0\u00bb\u00a0\u00bb stellar_class=\u00a0\u00bbdefault\u00a0\u00bb section_arrow=\u00a0\u00bb\u00a0\u00bb video_bg=\u00a0\u00bb\u00a0\u00bb enable_video_color_overlay=\u00a0\u00bb\u00a0\u00bb top_padding=\u00a0\u00bb100&Prime;][vc_column animation=\u00a0\u00bbnone\u00a0\u00bb bg_color=\u00a0\u00bb\u00a0\u00bb bg_image=\u00a0\u00bb\u00a0\u00bb column_padding=\u00a0\u00bbno-padding\u00a0\u00bb column_center=\u00a0\u00bb\u00a0\u00bb text_color=\u00a0\u00bbdark\u00a0\u00bb custom_text_color=\u00a0\u00bb\u00a0\u00bb text_align=\u00a0\u00bbleft\u00a0\u00bb width=\u00a0\u00bb1\/2&Prime;][vc_column_text]L\u2019expert comptable est un professionnel de la comptabilit\u00e9 qui appr\u00e9cie, contr\u00f4le, v\u00e9rifie, r\u00e9vise les comptes des entreprises au moyen de bilans et d\u2019un suivi des r\u00e9sultats de l\u2019entreprise. L\u2019expert comptable garantit \u00e0 son client secret professionnel, rigueur, honn\u00eatet\u00e9, int\u00e9grit\u00e9, assistant les chefs d\u2019entreprise au c\u0153ur de la comptabilit\u00e9. L\u2019expertise comptable s\u2019adresse aux entreprises &#8211; PME, PMI, GIE, entreprise individuelle, BIC, BNC -, aux comit\u00e9s d\u2019entreprise, aux associations, aux soci\u00e9t\u00e9s civiles et coop\u00e9ratives, aux artisans et professions lib\u00e9rales&#8230;[\/vc_column_text][\/vc_column][vc_column animation=\u00a0\u00bbnone\u00a0\u00bb bg_color=\u00a0\u00bb\u00a0\u00bb bg_image=\u00a0\u00bb\u00a0\u00bb column_padding=\u00a0\u00bbno-padding\u00a0\u00bb column_center=\u00a0\u00bb\u00a0\u00bb text_color=\u00a0\u00bbdark\u00a0\u00bb custom_text_color=\u00a0\u00bb\u00a0\u00bb text_align=\u00a0\u00bbleft\u00a0\u00bb width=\u00a0\u00bb1\/2&Prime;][vc_column_text]L\u2019expert comptable \u00e9paule le chef d\u2019entreprise dans sa gestion comptable et dans ses pr\u00e9rogatives comptables, fiscales, juridiques et sociales. L\u2019expert comptable peut \u00e9galement fournir conseil et assistance en mati\u00e8re de gestion patrimoniale, notamment au sein d\u2019une SCI, une assistance aux d\u00e9clarations fiscales diverses, des conseils en mati\u00e8re de gestion du patrimoine. Pour toute information compl\u00e9mentaire, vous pouvez directement vous rendre sur le site de l\u2019Ordre des Experts Comptables.[\/vc_column_text][\/vc_column][\/vc_row][vc_row type=\u00a0\u00bbstandard_section\u00a0\u00bb bg_image=\u00a0\u00bb\u00a0\u00bb bg_repeat=\u00a0\u00bbstretch\u00a0\u00bb parallax_bg=\u00a0\u00bb\u00a0\u00bb stellar_class=\u00a0\u00bbdefault\u00a0\u00bb bg_color=\u00a0\u00bb\u00a0\u00bb section_arrow=\u00a0\u00bb\u00a0\u00bb video_bg=\u00a0\u00bb\u00a0\u00bb enable_video_color_overlay=\u00a0\u00bb\u00a0\u00bb video_overlay_color=\u00a0\u00bb\u00a0\u00bb video_webm=\u00a0\u00bb\u00a0\u00bb [&hellip;]<\/p>\n","protected":false},"author":1,"featured_media":0,"parent":0,"menu_order":0,"comment_status":"open","ping_status":"closed","template":"","meta":{"footnotes":""},"class_list":["post-17627","page","type-page","status-publish","hentry"],"yoast_head":"<!-- This site is optimized with the Yoast SEO plugin v14.0.4 - https:\/\/yoast.com\/wordpress\/plugins\/seo\/ -->\n<title>Expertise comptable Mulhouse, Saint-Louis, Cernay, Belfort<\/title>\n<meta name=\"description\" content=\"E&amp;R Consultants, votre cabinet d&#039;expertise comptable \u00e0 Mulhouse, Cernay, Saint-Louis, Huningue, Thann, Belfort et Giromagny\" \/>\n<meta name=\"robots\" content=\"index, follow\" \/>\n<meta name=\"googlebot\" content=\"index, follow, max-snippet:-1, max-image-preview:large, max-video-preview:-1\" \/>\n<meta name=\"bingbot\" content=\"index, follow, max-snippet:-1, max-image-preview:large, max-video-preview:-1\" \/>\n<link rel=\"canonical\" href=\"https:\/\/www.er-consultants.com\/fr\/expertise-comptable-er-consultants-comptabilite-bilan-pme-pmi\/\" \/>\n<meta property=\"og:locale\" content=\"fr_FR\" \/>\n<meta property=\"og:type\" content=\"article\" \/>\n<meta property=\"og:title\" content=\"Expertise comptable Mulhouse, Saint-Louis, Cernay, Belfort\" \/>\n<meta property=\"og:description\" content=\"E&amp;R Consultants, votre cabinet d&#039;expertise comptable \u00e0 Mulhouse, Cernay, Saint-Louis, Huningue, Thann, Belfort et Giromagny\" \/>\n<meta property=\"og:url\" content=\"https:\/\/www.er-consultants.com\/fr\/expertise-comptable-er-consultants-comptabilite-bilan-pme-pmi\/\" \/>\n<meta property=\"og:site_name\" content=\"E&amp;R Consultants\" \/>\n<meta property=\"article:publisher\" content=\"https:\/\/www.facebook.com\/ERConsultants\" \/>\n<meta property=\"article:modified_time\" content=\"2015-07-07T08:47:22+00:00\" \/>\n<meta name=\"twitter:card\" content=\"summary\" \/>\n<meta name=\"twitter:creator\" content=\"@erconsultantsfr\" \/>\n<meta name=\"twitter:site\" content=\"@erconsultantsfr\" \/>\n<script type=\"application\/ld+json\" class=\"yoast-schema-graph\">{\"@context\":\"https:\/\/schema.org\",\"@graph\":[{\"@type\":\"WebSite\",\"@id\":\"https:\/\/www.er-consultants.com\/fr\/#website\",\"url\":\"https:\/\/www.er-consultants.com\/fr\/\",\"name\":\"E&amp;R Consultants\",\"description\":\"Cabinet d&#039;expertise comptable \\u00e0 Mulhouse, Saint-Louis, Cernay, Huningue, Thann, Belfort et Giromagny\",\"potentialAction\":[{\"@type\":\"SearchAction\",\"target\":\"https:\/\/www.er-consultants.com\/fr\/?s={search_term_string}\",\"query-input\":\"required name=search_term_string\"}],\"inLanguage\":\"fr-FR\"},{\"@type\":\"WebPage\",\"@id\":\"https:\/\/www.er-consultants.com\/fr\/expertise-comptable-er-consultants-comptabilite-bilan-pme-pmi\/#webpage\",\"url\":\"https:\/\/www.er-consultants.com\/fr\/expertise-comptable-er-consultants-comptabilite-bilan-pme-pmi\/\",\"name\":\"Expertise comptable Mulhouse, Saint-Louis, Cernay, Belfort\",\"isPartOf\":{\"@id\":\"https:\/\/www.er-consultants.com\/fr\/#website\"},\"datePublished\":\"2015-07-01T07:54:35+00:00\",\"dateModified\":\"2015-07-07T08:47:22+00:00\",\"description\":\"E&R Consultants, votre cabinet d'expertise comptable \\u00e0 Mulhouse, Cernay, Saint-Louis, Huningue, Thann, Belfort et Giromagny\",\"inLanguage\":\"fr-FR\",\"potentialAction\":[{\"@type\":\"ReadAction\",\"target\":[\"https:\/\/www.er-consultants.com\/fr\/expertise-comptable-er-consultants-comptabilite-bilan-pme-pmi\/\"]}]}]}<\/script>\n<!-- \/ Yoast SEO plugin. -->","_links":{"self":[{"href":"https:\/\/www.er-consultants.com\/fr\/wp-json\/wp\/v2\/pages\/17627","targetHints":{"allow":["GET"]}}],"collection":[{"href":"https:\/\/www.er-consultants.com\/fr\/wp-json\/wp\/v2\/pages"}],"about":[{"href":"https:\/\/www.er-consultants.com\/fr\/wp-json\/wp\/v2\/types\/page"}],"author":[{"embeddable":true,"href":"https:\/\/www.er-consultants.com\/fr\/wp-json\/wp\/v2\/users\/1"}],"replies":[{"embeddable":true,"href":"https:\/\/www.er-consultants.com\/fr\/wp-json\/wp\/v2\/comments?post=17627"}],"version-history":[{"count":21,"href":"https:\/\/www.er-consultants.com\/fr\/wp-json\/wp\/v2\/pages\/17627\/revisions"}],"predecessor-version":[{"id":17650,"href":"https:\/\/www.er-consultants.com\/fr\/wp-json\/wp\/v2\/pages\/17627\/revisions\/17650"}],"wp:attachment":[{"href":"https:\/\/www.er-consultants.com\/fr\/wp-json\/wp\/v2\/media?parent=17627"}],"curies":[{"name":"wp","href":"https:\/\/api.w.org\/{rel}","templated":true}]}}