{"id":17682,"date":"2015-07-01T12:13:08","date_gmt":"2015-07-01T11:13:08","guid":{"rendered":"https:\/\/www.er-consultants.org\/?page_id=17682"},"modified":"2024-10-17T09:22:58","modified_gmt":"2024-10-17T08:22:58","slug":"mentions-legales","status":"publish","type":"page","link":"https:\/\/www.er-consultants.com\/fr\/mentions-legales\/","title":{"rendered":"Mentions l\u00e9gales"},"content":{"rendered":"<p>[vc_row bg_color=\u00a0\u00bb#f9f9f9&Prime; top_padding=\u00a0\u00bb60&Prime; bottom_padding=\u00a0\u00bb60&Prime;][vc_column width=\u00a0\u00bb1\/1&Prime;]<h1 class=\"headline font-inherit fontsize-xxxxxl fontweight-300 lh-13 align-left transform-inherit \" style=\"margin: 0; color: #339999;\">Mentions l\u00e9gales<\/h1>[\/vc_column][\/vc_row][vc_row top_padding=\u00a0\u00bb100&Prime; bottom_padding=\u00a0\u00bb60&Prime;][vc_column width=\u00a0\u00bb1\/1&Prime;][vc_column_text]<\/p>\n<h2>Propos du site<\/h2>\n<p>Vous \u00eates actuellement connect\u00e9 au site Internet <a href=\"https:\/\/www.er-consultants.com\/fr\/\">www.er-consultants.com<\/a>.<br \/>\nL&rsquo;ensemble des donn\u00e9es et les informations pr\u00e9sentes sur le site Internet <a href=\"https:\/\/www.er-consultants.com\/fr\/\">www.er-consultants.com<\/a> sont mises \u00e0 disposition du public par E&amp;R Consultants.<\/p>\n<p>Directeur de publication : M. Patrick ROMON<br \/>\nE&amp;R Consultants<br \/>\n46 Avenue Roger Salengro<br \/>\n68100 Mulhouse<br \/>\nT\u00e9l. : 03.89.56.45.45<\/p>\n<p>d\u00e9nomination sociale : E&amp;R CONSULTANTS<br \/>\nnum\u00e9ro unique d&rsquo;identification (SIREN) : <span id=\"legal-estab_id\" class=\"estab-49347946300025\">493 479 463 000 25<\/span><br \/>\nmention RCS suivie du nom de la ville du greffe : RCS de Mulhouse<br \/>\ncode NAF : 6920Z<br \/>\nadresse du si\u00e8ge social : 46 Avenue Roger Salengro 68100 Mulhouse<br \/>\nd\u00e9nomination sociale, forme juridique et montant du capital social : E&amp;R PATRIMOINE HOLDING SARL au capital de 262 500 euros<br \/>\nnum\u00e9ro individuel d\u2019identification \u00e0 la TVA le cas \u00e9ch\u00e9ant : FR54493479463<\/p>\n<p><strong>Mentions propres au Registre du Commerce et des Soci\u00e9t\u00e9s :<\/strong><br \/>\nnum\u00e9ro unique d&rsquo;identification (SIREN) : 802 483 602<br \/>\nmention RCS suivie du nom de la ville du greffe : RCS de Mulhouse<br \/>\ncode NAF : 6622Z<br \/>\nadresse du si\u00e8ge social, : 46 Avenue Roger Salengro 68100 Mulhouse<br \/>\nd\u00e9nomination sociale, forme juridique et montant du capital social : E&amp;R PATRIMOINE SARL au capital de 2 000 euros<br \/>\nnum\u00e9ro individuel d\u2019identification \u00e0 la TVA le cas \u00e9ch\u00e9ant : FR58802483602<\/p>\n<p><strong>Mentions propres \u00e0 l\u2019activit\u00e9 de conseil en investissements financiers :<\/strong><br \/>\nd\u00e9nomination sociale : E&amp;R PATRIMOINE<br \/>\nadresse du si\u00e8ge social : 46 Avenue Roger Salengro 68100 Mulhouse<br \/>\nE&amp;R PATRIMOINE est conseiller en investissements financiers, appartenant \u00e0 l\u2019ANACOFI-CIF<br \/>\nenregistr\u00e9 \u00e0 l\u2019ORIAS sous le num\u00e9ro 14004298 (<a href=\"http:\/\/www.orias.fr\" target=\"_blank\" rel=\"noopener noreferrer\">www.orias.fr<\/a>)<br \/>\ncoordonn\u00e9es postales et site internet du m\u00e9diateur de l\u2019AMF :<br \/>\nMme Marielle Cohen-Branche<br \/>\nM\u00e9diateur de l&rsquo;AMF<br \/>\nAutorit\u00e9 des march\u00e9s financiers<br \/>\n17, place de la Bourse<br \/>\n75 082 Paris Cedex 02<br \/>\nautorit\u00e9 de tutelle : <a href=\"http:\/\/www.amf-france.org\/\" target=\"_blank\" rel=\"noopener noreferrer\">http:\/\/www.amf-france.org\/<\/a><br \/>\nnum\u00e9ro d\u00e9claration CNIL : 1840318<\/p>\n<p><strong>Mentions propres \u00e0 l\u2019activit\u00e9 d\u2019IOBSP :<\/strong><br \/>\nd\u00e9nomination sociale : E&amp;R PATRIMOINE<br \/>\nadresse du si\u00e8ge social : 46 Avenue Roger Salengro 68100 Mulhouse<br \/>\nenregistr\u00e9 \u00e0 l\u2019ORIAS sous le num\u00e9ro 14004298 (<a href=\"http:\/\/www.orias.fr\" target=\"_blank\" rel=\"noopener noreferrer\">www.orias.fr<\/a>)<br \/>\ncat\u00e9gorie d&rsquo;interm\u00e9diaire : courtier<br \/>\nconseil en op\u00e9rations de banque de fa\u00e7on non ind\u00e9pendante<br \/>\nr\u00e9mun\u00e9ration pour le service de conseil et celle pour l\u2019interm\u00e9diation, bas\u00e9e sur les frais d&rsquo;entr\u00e9e et les frais de gestion<br \/>\nm\u00e9diateur de la consommation comp\u00e9tent pour l\u2019activit\u00e9 bancaire : <a href=\"http:\/\/www.lemediateur.fbf.fr\">www.lemediateur.fbf.fr<\/a><br \/>\nautorit\u00e9 de tutelle : <a href=\"https:\/\/acpr.banque-france.fr\/\">https:\/\/acpr.banque-france.fr\/<\/a><br \/>\nnum\u00e9ro d\u00e9claration CNIL : 1840318<\/p>\n<p><strong>Mentions propres \u00e0 l\u2019activit\u00e9 de courtage d\u2019assurance :<\/strong><br \/>\nd\u00e9nomination sociale : E&amp;R PATRIMOINE<br \/>\nadresse du si\u00e8ge social : 46 Avenue Roger Salengro 68100 Mulhouse<br \/>\nenregistr\u00e9 \u00e0 l\u2019ORIAS sous le num\u00e9ro 14004298 (<a href=\"http:\/\/www.orias.fr\" target=\"_blank\" rel=\"noopener noreferrer\">www.orias.fr<\/a>)<br \/>\ncat\u00e9gorie d&rsquo;interm\u00e9diaire : courtier<br \/>\nr\u00e9mun\u00e9ration, bas\u00e9e sur les frais d&rsquo;entr\u00e9e et les frais de gestion<br \/>\nm\u00e9diateur de la consommation comp\u00e9tent pour l\u2019activit\u00e9 d\u2019assurance :<br \/>\nLa M\u00e9diation de l&rsquo;Assurance<br \/>\nTSA 50110<br \/>\n75441 PARIS Cedex 09<br \/>\n<a href=\"https:\/\/www.mediation-assurance.org\/\" target=\"_blank\" rel=\"noopener noreferrer\">https:\/\/www.mediation-assurance.org\/<\/a><br \/>\nautorit\u00e9 de tutelle : <a href=\"https:\/\/acpr.banque-france.fr\/\" target=\"_blank\" rel=\"noopener noreferrer\">https:\/\/acpr.banque-france.fr\/<\/a><br \/>\nnum\u00e9ro d\u00e9claration CNIL : 1840318<\/p>\n<p><a href=\"https:\/\/www.er-consultants.com\/fr\/wp-content\/uploads\/2019\/11\/011-FICHE-DER-.pdf\" target=\"_blank\" rel=\"noopener noreferrer\">FICHE D\u2019INFORMATIONS LEGALES \/ DOCUMENT D\u2019ENTREE EN RELATION (DER)<\/a><\/p>\n<p>&nbsp;<\/p>\n<p>H\u00e9bergement : APOG : 61 Quai du Forst \u2013 68200 Mulhouse<\/p>\n<h2>Protection des donn\u00e9es personnelles<\/h2>\n<ul>\n<li>Aucune information personnelle n&rsquo;est collect\u00e9e \u00e0 votre insu<\/li>\n<li>Aucune information personnelle n&rsquo;est c\u00e9d\u00e9e \u00e0 des tiers<\/li>\n<li>Aucune information personnelle n&rsquo;est utilis\u00e9e \u00e0 des fins non pr\u00e9vues<\/li>\n<\/ul>\n<p>Conform\u00e9ment la loi \u00ab\u00a0Informatique et Libert\u00e9s\u00a0\u00bb du 6 janvier 1978 (art. 34), vous disposez d&rsquo;un droit d&rsquo;acc\u00e8s, de modification, de rectification et de suppression des donn\u00e9es qui vous concernent. Pour exercer ce droit, adressez-vous uniquement par courrier \u00e0 :<\/p>\n<p>E&amp;R Consultants<br \/>\n46 Avenue Roger Salengro<br \/>\n68100 Mulhouse<\/p>\n<h2>Messagerie<\/h2>\n<p>Les messages envoy\u00e9s sur le r\u00e9seau Internet peuvent \u00eatre intercept\u00e9s. Ne divulguez pas d&rsquo;informations personnelles inutiles ou sensibles. Si vous souhaitez nous communiquer de telles informations, utilisez imp\u00e9rativement la voie postale.<\/p>\n<h2>Droit d&rsquo;auteur &#8211; Copyright<\/h2>\n<p>L&rsquo;ensemble de ce site rel\u00e8ve de la l\u00e9gislation fran\u00e7aise et internationale sur le droit d&rsquo;auteur et la propri\u00e9t\u00e9 intellectuelle. Tous les droits de reproduction sont r\u00e9serv\u00e9s, y compris pour les documents t\u00e9l\u00e9chargeables et les repr\u00e9sentations iconographiques et photographiques ainsi que les s\u00e9quences anim\u00e9es.<\/p>\n<p>Toute reproduction ou repr\u00e9sentation int\u00e9grale ou partielle, par quelque proc\u00e9d\u00e9 que ce soit du contenu du site <a href=\"https:\/\/www.er-consultants.com\/fr\/\">www.er-consultants.com<\/a>, faite sans l&rsquo;autorisation expresse de E&amp;R Consultants est illicite et constitue une contrefa\u00e7on.<\/p>\n<p>Toute utilisation d&rsquo;informations provenant du site <a href=\"https:\/\/www.er-consultants.com\/fr\/\">www.er-consultants.com<\/a> doit obligatoirement mentionner la source de l&rsquo;information.<br \/>\nL&rsquo;adresse Internet du site de E&amp;R Consultants doit imp\u00e9rativement figurer dans la r\u00e9f\u00e9rence.<br \/>\nLes marques \u00e9ventuellement cit\u00e9es sur ce site sont d\u00e9pos\u00e9es par les soci\u00e9t\u00e9s qui en sont propri\u00e9taires.<\/p>\n<h2>Responsabilit\u00e9<\/h2>\n<p>Le contenu et l&rsquo;environnement des sites ext\u00e9rieurs auxquels le site <a href=\"https:\/\/www.er-consultants.com\/fr\/\">www.er-consultants.com<\/a> peut renvoyer (notamment par l&rsquo;interm\u00e9diaire de liens \u00ab\u00a0hypertexte\u00a0\u00bb) n&rsquo;engagent pas la responsabilit\u00e9 de E&amp;R Consultants. E&amp;R Consultants ne saurait \u00eatre tenu pour responsable d&rsquo;\u00e9l\u00e9ments qu&rsquo;il n&rsquo;aurait pas introduit lui-m\u00eame et qui proviendraient d&rsquo;actions ext\u00e9rieures ind\u00e9licates. Bien qu&rsquo;un soin tout particulier ait \u00e9t\u00e9 apport\u00e9 \u00e0 la r\u00e9alisation du contenu de ce site, il ne peut \u00eatre exclu qu&rsquo;une erreur se soit fortuitement gliss\u00e9e dans le contenu.<\/p>\n<p>La consultation du site <a href=\"https:\/\/www.er-consultants.com\/fr\/\">www.er-consultants.com<\/a> pr\u00e9suppose que l&rsquo;internaute en accepte les termes et conditions pr\u00e9cis\u00e9s ci-dessus.<\/p>\n<h2>Cookies<\/h2>\n<h3 data-fontsize=\"16\" data-lineheight=\"26\">1. Informations sur les cookies<\/h3>\n<p>Pour des besoins de statistiques et d\u2019affichage, le pr\u00e9sent site utilise des cookies. Il s\u2019agit de petits fichiers textes stock\u00e9s sur votre disque dur afin d\u2019enregistrer des donn\u00e9es techniques sur votre navigation. Certaines parties de ce site ne peuvent \u00eatre fonctionnelle sans l\u2019acceptation de cookies.<\/p>\n<h3 data-fontsize=\"16\" data-lineheight=\"26\">2. Finalit\u00e9 des cookies utilis\u00e9s<\/h3>\n<p>Nous utilisons des cookies de la part des services suivants : Google Analytics. Les donn\u00e9es et statistiques que nous collectons au moyen de ces cookies sont utilis\u00e9es <strong>dans le seul et unique but d\u2019am\u00e9liorer la qualit\u00e9 de nos services<\/strong>.<\/p>\n<p>Google Analytics : est utilis\u00e9 de fa\u00e7on anonyme afin d\u2019am\u00e9liorer l\u2019exp\u00e9rience utilisateur sur notre site web et vous offrir une navigation intuitive.<\/p>\n<p>Ces donn\u00e9es ne sont pas communiqu\u00e9es \u00e0 quelque tiers que ce soit.<\/p>\n<h3 data-fontsize=\"16\" data-lineheight=\"26\">3. Vos choix concernant les cookies<\/h3>\n<p>Vous pouvez faire le choix \u00e0 tout moment d\u2019exprimer et de modifier vos souhaits en mati\u00e8re de cookies, par les moyens d\u00e9crits ci-dessous.<br \/>\nVous pouvez configurer votre logiciel de navigation de mani\u00e8re \u00e0 ce que des cookies soient enregistr\u00e9s dans votre terminal ou, au contraire, qu\u2019ils soient rejet\u00e9s, soit syst\u00e9matiquement, soit selon leur \u00e9metteur. Vous pouvez \u00e9galement configurer votre logiciel de navigation de mani\u00e8re \u00e0 ce que l\u2019acceptation ou le refus des cookies vous soient propos\u00e9s ponctuellement, avant qu\u2019un cookie soit susceptible d\u2019\u00eatre enregistr\u00e9 dans votre terminal. Pour plus d\u2019informations, consultez la rubrique \u00ab\u00a0Comment exercer vos choix, selon le navigateur que vous utilisez ?\u00a0\u00bb<\/p>\n<h4 data-fontsize=\"12\" data-lineheight=\"21\">3.1. Acceptation des cookies<\/h4>\n<p>L\u2019enregistrement d\u2019un cookie dans un terminal est subordonn\u00e9 \u00e0 la volont\u00e9 de son utilisateur, exprim\u00e9e et modifi\u00e9e \u00e0 tout moment gratuitement \u00e0 travers les choix propos\u00e9s par son logiciel de navigation. Si vous avez accept\u00e9 dans votre logiciel de navigation l\u2019enregistrement de cookies dans votre terminal, les cookies int\u00e9gr\u00e9s dans les pages et contenus que vous avez consult\u00e9s pourront \u00eatre stock\u00e9s temporairement dans un espace d\u00e9di\u00e9 de votre terminal. Ils y seront lisibles uniquement par leur \u00e9metteur.<\/p>\n<h4 data-fontsize=\"12\" data-lineheight=\"21\">3.2. Refus des cookies<\/h4>\n<p>Si vous refusez l\u2019enregistrement de cookies dans votre terminal, ou si vous supprimez ceux qui y sont enregistr\u00e9s, vous pourrez \u00e9ventuellement ne plus b\u00e9n\u00e9ficier d\u2019un certain nombre de fonctionnalit\u00e9s. Tel serait \u00e9galement le cas lorsque nous -ou nos prestataires- ne pourrions pas reconna\u00eetre, \u00e0 des fins de compatibilit\u00e9 technique, le type de navigateur utilis\u00e9 par votre terminal, ses param\u00e8tres de langue et d\u2019affichage ou le pays depuis lequel votre terminal semble connect\u00e9 \u00e0 Internet. Le cas \u00e9ch\u00e9ant, nous d\u00e9clinons toute responsabilit\u00e9 pour les cons\u00e9quences li\u00e9es au fonctionnement d\u00e9grad\u00e9 de nos services r\u00e9sultant de l\u2019impossibilit\u00e9 d\u2019enregistrer ou de consulter les cookies n\u00e9cessaires \u00e0 leur fonctionnement et que vous auriez refus\u00e9s ou supprim\u00e9s.<\/p>\n<h4 data-fontsize=\"12\" data-lineheight=\"21\">3.3. Comment exercer vos choix selon le navigateur que vous utilisez ?<\/h4>\n<p>Pour la gestion des cookies et de vos choix, la configuration de chaque navigateur est diff\u00e9rente. Elle est d\u00e9crite dans le menu d\u2019aide de votre navigateur, qui vous permettra de savoir de quelle mani\u00e8re modifier vos souhaits en mati\u00e8re de cookies.<\/p>\n<p>Nous vous invitons \u00e0 cliquer sur le nom de votre navigateur pour acc\u00e9der au menu d\u2019aide correspondant\u00a0:<\/p>\n<ul>\n<li>Pour\u00a0<a href=\"http:\/\/windows.microsoft.com\/fr-fr\/windows-vista\/block-or-allow-cookies\">Internet Explorer\u2122<\/a><\/li>\n<li>Pour\u00a0<a href=\"http:\/\/support.apple.com\/kb\/ht1677?viewlocale=fr_fr\">Safari\u2122<\/a><\/li>\n<li>Pour\u00a0<a href=\"http:\/\/support.google.com\/chrome\/bin\/answer.py?hl=fr&amp;hlrm=en&amp;answer=95647\">Chrome\u2122<\/a><\/li>\n<li>Pour\u00a0<a href=\"https:\/\/support.mozilla.org\/fr\/kb\/activer-desactiver-cookies-preferences\">Firefox\u2122<\/a><\/li>\n<li>Pour\u00a0<a href=\"http:\/\/help.opera.com\/Windows\/10.20\/fr\/cookies.html\">Opera\u2122<\/a><\/li>\n<\/ul>\n<p>Vous pouvez \u00e9galement param\u00e9trer votre navigateur afin que celui-ci envoie un code indiquant aux sites Web que vous ne souhaitez pas \u00eatre suivis. (option \u00ab Do No Track \u00bb).<\/p>\n<p>Nous vous invitons \u00e0 cliquer sur le nom de votre navigateur pour acc\u00e9der au menu d\u2019aide correspondant\u00a0:<\/p>\n<ul>\n<li><a href=\"https:\/\/support.microsoft.com\/fr-fr\/help\/17288\/windows-internet-explorer-11-use-do-not-track\">Internet Explorer\u2122<\/a>\u00a0;<\/li>\n<li><a href=\"https:\/\/support.apple.com\/kb\/PH21416?locale=fr_FR\">Safari\u2122<\/a>\u00a0;<\/li>\n<li><a href=\"https:\/\/support.google.com\/chrome\/answer\/114836?\">Chrome\u2122<\/a>\u00a0;<\/li>\n<li><a href=\"https:\/\/support.mozilla.org\/fr\/kb\/comment-activer-option-ne-pas-pister\">Firefox\u2122<\/a>\u00a0;<\/li>\n<li><a href=\"http:\/\/help.opera.com\/Windows\/12.10\/en\/notrack.html\">Opera\u2122<\/a>.<\/li>\n<\/ul>\n<p>[\/vc_column_text][\/vc_column][\/vc_row]<\/p>\n","protected":false},"excerpt":{"rendered":"<p>[vc_row bg_color=\u00a0\u00bb#f9f9f9&Prime; top_padding=\u00a0\u00bb60&Prime; bottom_padding=\u00a0\u00bb60&Prime;][vc_column width=\u00a0\u00bb1\/1&Prime;][\/vc_column][\/vc_row][vc_row top_padding=\u00a0\u00bb100&Prime; bottom_padding=\u00a0\u00bb60&Prime;][vc_column width=\u00a0\u00bb1\/1&Prime;][vc_column_text] Propos du site Vous \u00eates actuellement connect\u00e9 au site Internet www.er-consultants.com. L&rsquo;ensemble des donn\u00e9es et les informations pr\u00e9sentes sur le site Internet www.er-consultants.com sont mises \u00e0 disposition du public par E&amp;R Consultants. Directeur de publication : M. Patrick ROMON E&amp;R Consultants 46 Avenue Roger Salengro 68100 Mulhouse T\u00e9l. : 03.89.56.45.45 d\u00e9nomination sociale : E&amp;R CONSULTANTS num\u00e9ro unique d&rsquo;identification (SIREN) : 493 479 463 000 25 mention RCS suivie du nom de la ville du greffe : RCS de Mulhouse code NAF : 6920Z adresse du si\u00e8ge social : 46 Avenue Roger Salengro 68100 Mulhouse d\u00e9nomination sociale, forme juridique et montant du capital social : E&amp;R PATRIMOINE HOLDING SARL au capital de 262 500 euros num\u00e9ro individuel d\u2019identification \u00e0 la TVA le cas \u00e9ch\u00e9ant : FR54493479463 Mentions propres au Registre du Commerce et des Soci\u00e9t\u00e9s : num\u00e9ro unique d&rsquo;identification (SIREN) : 802 483 602 mention RCS suivie du nom de la ville du greffe : RCS de Mulhouse code NAF : 6622Z adresse du si\u00e8ge social, : 46 Avenue Roger Salengro 68100 Mulhouse d\u00e9nomination sociale, forme juridique et montant du capital social : E&amp;R PATRIMOINE SARL au capital de 2 000 euros num\u00e9ro [&hellip;]<\/p>\n","protected":false},"author":1,"featured_media":0,"parent":0,"menu_order":0,"comment_status":"open","ping_status":"closed","template":"","meta":{"footnotes":""},"class_list":["post-17682","page","type-page","status-publish","hentry"],"yoast_head":"<!-- This site is optimized with the Yoast SEO plugin v14.0.4 - https:\/\/yoast.com\/wordpress\/plugins\/seo\/ -->\n<title>Mentions l\u00e9gales - E&amp;R Consultants<\/title>\n<meta name=\"robots\" content=\"index, follow\" \/>\n<meta name=\"googlebot\" content=\"index, follow, max-snippet:-1, max-image-preview:large, max-video-preview:-1\" \/>\n<meta name=\"bingbot\" content=\"index, follow, max-snippet:-1, max-image-preview:large, max-video-preview:-1\" \/>\n<link rel=\"canonical\" href=\"https:\/\/www.er-consultants.com\/fr\/mentions-legales\/\" \/>\n<meta property=\"og:locale\" content=\"fr_FR\" \/>\n<meta property=\"og:type\" content=\"article\" \/>\n<meta property=\"og:title\" content=\"Mentions l\u00e9gales - E&amp;R Consultants\" \/>\n<meta property=\"og:description\" content=\"[vc_row bg_color=\u00a0\u00bb#f9f9f9&Prime; top_padding=\u00a0\u00bb60&Prime; bottom_padding=\u00a0\u00bb60&Prime;][vc_column width=\u00a0\u00bb1\/1&Prime;][\/vc_column][\/vc_row][vc_row top_padding=\u00a0\u00bb100&Prime; bottom_padding=\u00a0\u00bb60&Prime;][vc_column width=\u00a0\u00bb1\/1&Prime;][vc_column_text] Propos du site Vous \u00eates actuellement connect\u00e9 au site Internet www.er-consultants.com. L&rsquo;ensemble des donn\u00e9es et les informations pr\u00e9sentes sur le site Internet www.er-consultants.com sont mises \u00e0 disposition du public par E&amp;R Consultants. Directeur de publication : M. Patrick ROMON E&amp;R Consultants 46 Avenue Roger Salengro 68100 Mulhouse T\u00e9l. : 03.89.56.45.45 d\u00e9nomination sociale : E&amp;R CONSULTANTS num\u00e9ro unique d&rsquo;identification (SIREN) : 493 479 463 000 25 mention RCS suivie du nom de la ville du greffe : RCS de Mulhouse code NAF : 6920Z adresse du si\u00e8ge social : 46 Avenue Roger Salengro 68100 Mulhouse d\u00e9nomination sociale, forme juridique et montant du capital social : E&amp;R PATRIMOINE HOLDING SARL au capital de 262 500 euros num\u00e9ro individuel d\u2019identification \u00e0 la TVA le cas \u00e9ch\u00e9ant : FR54493479463 Mentions propres au Registre du Commerce et des Soci\u00e9t\u00e9s : num\u00e9ro unique d&rsquo;identification (SIREN) : 802 483 602 mention RCS suivie du nom de la ville du greffe : RCS de Mulhouse code NAF : 6622Z adresse du si\u00e8ge social, : 46 Avenue Roger Salengro 68100 Mulhouse d\u00e9nomination sociale, forme juridique et montant du capital social : E&amp;R PATRIMOINE SARL au capital de 2 000 euros num\u00e9ro [&hellip;]\" \/>\n<meta property=\"og:url\" content=\"https:\/\/www.er-consultants.com\/fr\/mentions-legales\/\" \/>\n<meta property=\"og:site_name\" content=\"E&amp;R Consultants\" \/>\n<meta property=\"article:publisher\" content=\"https:\/\/www.facebook.com\/ERConsultants\" \/>\n<meta property=\"article:modified_time\" content=\"2024-10-17T08:22:58+00:00\" \/>\n<meta name=\"twitter:card\" content=\"summary\" \/>\n<meta name=\"twitter:creator\" content=\"@erconsultantsfr\" \/>\n<meta name=\"twitter:site\" content=\"@erconsultantsfr\" \/>\n<script type=\"application\/ld+json\" class=\"yoast-schema-graph\">{\"@context\":\"https:\/\/schema.org\",\"@graph\":[{\"@type\":\"WebSite\",\"@id\":\"https:\/\/www.er-consultants.com\/fr\/#website\",\"url\":\"https:\/\/www.er-consultants.com\/fr\/\",\"name\":\"E&amp;R Consultants\",\"description\":\"Cabinet d&#039;expertise comptable \\u00e0 Mulhouse, Saint-Louis, Cernay, Huningue, Thann, Belfort et Giromagny\",\"potentialAction\":[{\"@type\":\"SearchAction\",\"target\":\"https:\/\/www.er-consultants.com\/fr\/?s={search_term_string}\",\"query-input\":\"required name=search_term_string\"}],\"inLanguage\":\"fr-FR\"},{\"@type\":\"WebPage\",\"@id\":\"https:\/\/www.er-consultants.com\/fr\/mentions-legales\/#webpage\",\"url\":\"https:\/\/www.er-consultants.com\/fr\/mentions-legales\/\",\"name\":\"Mentions l\\u00e9gales - E&amp;R Consultants\",\"isPartOf\":{\"@id\":\"https:\/\/www.er-consultants.com\/fr\/#website\"},\"datePublished\":\"2015-07-01T11:13:08+00:00\",\"dateModified\":\"2024-10-17T08:22:58+00:00\",\"inLanguage\":\"fr-FR\",\"potentialAction\":[{\"@type\":\"ReadAction\",\"target\":[\"https:\/\/www.er-consultants.com\/fr\/mentions-legales\/\"]}]}]}<\/script>\n<!-- \/ Yoast SEO plugin. -->","_links":{"self":[{"href":"https:\/\/www.er-consultants.com\/fr\/wp-json\/wp\/v2\/pages\/17682","targetHints":{"allow":["GET"]}}],"collection":[{"href":"https:\/\/www.er-consultants.com\/fr\/wp-json\/wp\/v2\/pages"}],"about":[{"href":"https:\/\/www.er-consultants.com\/fr\/wp-json\/wp\/v2\/types\/page"}],"author":[{"embeddable":true,"href":"https:\/\/www.er-consultants.com\/fr\/wp-json\/wp\/v2\/users\/1"}],"replies":[{"embeddable":true,"href":"https:\/\/www.er-consultants.com\/fr\/wp-json\/wp\/v2\/comments?post=17682"}],"version-history":[{"count":11,"href":"https:\/\/www.er-consultants.com\/fr\/wp-json\/wp\/v2\/pages\/17682\/revisions"}],"predecessor-version":[{"id":890189,"href":"https:\/\/www.er-consultants.com\/fr\/wp-json\/wp\/v2\/pages\/17682\/revisions\/890189"}],"wp:attachment":[{"href":"https:\/\/www.er-consultants.com\/fr\/wp-json\/wp\/v2\/media?parent=17682"}],"curies":[{"name":"wp","href":"https:\/\/api.w.org\/{rel}","templated":true}]}}