{"id":18843,"date":"2015-07-07T10:04:00","date_gmt":"2015-07-07T09:04:00","guid":{"rendered":"https:\/\/www.er-consultants.org\/?page_id=18843"},"modified":"2019-04-23T11:42:10","modified_gmt":"2019-04-23T10:42:10","slug":"domaines-expertise-entreprises-gestion","status":"publish","type":"page","link":"https:\/\/www.er-consultants.com\/fr\/domaines-expertise-entreprises-gestion\/","title":{"rendered":"Nos domaines d&rsquo;expertise &#8211; Entreprises"},"content":{"rendered":"<p>[vc_row bg_color=\u00a0\u00bb#f9f9f9&Prime; top_padding=\u00a0\u00bb60&Prime; bottom_padding=\u00a0\u00bb60&Prime;][vc_column width=\u00a0\u00bb1\/1&Prime;]<h1 class=\"headline font-inherit fontsize-xxxxxl fontweight-300 lh-13 align-left transform-inherit \" style=\"margin: 0; color: #339999;\">Nos domaines d&rsquo;expertise<br \/>\npour les entreprises<\/h1>[\/vc_column][\/vc_row][vc_row top_padding=\u00a0\u00bb100&Prime; bottom_padding=\u00a0\u00bb60&Prime; bg_position=\u00a0\u00bbleft top\u00a0\u00bb][vc_column width=\u00a0\u00bb1\/1&Prime;][vc_row_inner][vc_column_inner width=\u00a0\u00bb1\/3&Prime; animation=\u00a0\u00bbnone\u00a0\u00bb][vc_column_text]De la tenue de vos comptes \u00e0 la gestion de vos ressources humaines, de vos d\u00e9clarations fiscales \u00e0 votre strat\u00e9gie de d\u00e9veloppement, <strong>E&amp;R Consultants<\/strong> est votre conseiller permanent.[\/vc_column_text][\/vc_column_inner][vc_column_inner width=\u00a0\u00bb1\/3&Prime; animation=\u00a0\u00bbnone\u00a0\u00bb][vc_column_text]<strong>Gouvernance de l&rsquo;entreprise<\/strong><br \/>\nTableaux de bord, budgets pr\u00e9visionnels, investissements\u2026<\/p>\n<p><strong>Assistance en mati\u00e8re comptable<\/strong><br \/>\nComptes annuels, rapprochement de TVA\u2026<\/p>\n<p><strong>Gestion sociale<\/strong><br \/>\nBulletins de paie, d\u00e9clarations sociales, politique des r\u00e9mun\u00e9rations, assistance au recrutement\u2026[\/vc_column_text][\/vc_column_inner][vc_column_inner width=\u00a0\u00bb1\/3&Prime; animation=\u00a0\u00bbnone\u00a0\u00bb][vc_column_text]<strong>Cr\u00e9ation d&rsquo;entreprises<\/strong><br \/>\nBusiness plan, accompagnement pour le dossier ACCRE et aupr\u00e8s des \u00e9tablissements bancaires\u2026<\/p>\n<p><strong>Transmission d&rsquo;entreprise<\/strong><\/p>\n<p>[\/vc_column_text][\/vc_column_inner][\/vc_row_inner][\/vc_column][\/vc_row][vc_row type=\u00a0\u00bbfull_width_section\u00a0\u00bb][vc_column width=\u00a0\u00bb1\/1&Prime;]<div class=\"callout clearfix\" style=\"background-color:#339999; color:#ffffff;\">\n\t\t<div class=\"callout-text\">E&#038;R Consultants, votre expert comptable<\/div>\n\t\t\t<div class=\"callout-button\"><a class=\"button medium color-6\" href=\"https:\/\/www.er-consultants.com\/fr\/contacter-experts-comptables-mulhouse-cernay-huningue-saint-louis\" target=\"_self\">Contactez-nous<\/a><\/div>\n\t\t<\/div>[\/vc_column][\/vc_row]<\/p>\n","protected":false},"excerpt":{"rendered":"<p>[vc_row bg_color=\u00a0\u00bb#f9f9f9&Prime; top_padding=\u00a0\u00bb60&Prime; bottom_padding=\u00a0\u00bb60&Prime;][vc_column width=\u00a0\u00bb1\/1&Prime;][\/vc_column][\/vc_row][vc_row top_padding=\u00a0\u00bb100&Prime; bottom_padding=\u00a0\u00bb60&Prime; bg_position=\u00a0\u00bbleft top\u00a0\u00bb][vc_column width=\u00a0\u00bb1\/1&Prime;][vc_row_inner][vc_column_inner width=\u00a0\u00bb1\/3&Prime; animation=\u00a0\u00bbnone\u00a0\u00bb][vc_column_text]De la tenue de vos comptes \u00e0 la gestion de vos ressources humaines, de vos d\u00e9clarations fiscales \u00e0 votre strat\u00e9gie de d\u00e9veloppement, E&amp;R Consultants est votre conseiller permanent.[\/vc_column_text][\/vc_column_inner][vc_column_inner width=\u00a0\u00bb1\/3&Prime; animation=\u00a0\u00bbnone\u00a0\u00bb][vc_column_text]Gouvernance de l&rsquo;entreprise Tableaux de bord, budgets pr\u00e9visionnels, investissements\u2026 Assistance en mati\u00e8re comptable Comptes annuels, rapprochement de TVA\u2026 Gestion sociale Bulletins de paie, d\u00e9clarations sociales, politique des r\u00e9mun\u00e9rations, assistance au recrutement\u2026[\/vc_column_text][\/vc_column_inner][vc_column_inner width=\u00a0\u00bb1\/3&Prime; animation=\u00a0\u00bbnone\u00a0\u00bb][vc_column_text]Cr\u00e9ation d&rsquo;entreprises Business plan, accompagnement pour le dossier ACCRE et aupr\u00e8s des \u00e9tablissements bancaires\u2026 Transmission d&rsquo;entreprise [\/vc_column_text][\/vc_column_inner][\/vc_row_inner][\/vc_column][\/vc_row][vc_row type=\u00a0\u00bbfull_width_section\u00a0\u00bb][vc_column width=\u00a0\u00bb1\/1&Prime;][\/vc_column][\/vc_row]<\/p>\n","protected":false},"author":1,"featured_media":0,"parent":0,"menu_order":0,"comment_status":"open","ping_status":"closed","template":"","meta":{"footnotes":""},"class_list":["post-18843","page","type-page","status-publish","hentry"],"yoast_head":"<!-- This site is optimized with the Yoast SEO plugin v14.0.4 - https:\/\/yoast.com\/wordpress\/plugins\/seo\/ -->\n<title>Domaines d&#039;expertise pour les entreprises<\/title>\n<meta name=\"description\" content=\"Tenue des comptes, gestion des ressources humaines, d\u00e9clarations fiscales, strat\u00e9gie de d\u00e9veloppement, E&amp;R Consultants est votre conseiller permanent.\" \/>\n<meta name=\"robots\" content=\"index, follow\" \/>\n<meta name=\"googlebot\" content=\"index, follow, max-snippet:-1, max-image-preview:large, max-video-preview:-1\" \/>\n<meta name=\"bingbot\" content=\"index, follow, max-snippet:-1, max-image-preview:large, max-video-preview:-1\" \/>\n<link rel=\"canonical\" href=\"https:\/\/www.er-consultants.com\/fr\/domaines-expertise-entreprises-gestion\/\" \/>\n<meta property=\"og:locale\" content=\"fr_FR\" \/>\n<meta property=\"og:type\" content=\"article\" \/>\n<meta property=\"og:title\" content=\"Domaines d&#039;expertise pour les entreprises\" \/>\n<meta property=\"og:description\" content=\"Tenue des comptes, gestion des ressources humaines, d\u00e9clarations fiscales, strat\u00e9gie de d\u00e9veloppement, E&amp;R Consultants est votre conseiller permanent.\" \/>\n<meta property=\"og:url\" content=\"https:\/\/www.er-consultants.com\/fr\/domaines-expertise-entreprises-gestion\/\" \/>\n<meta property=\"og:site_name\" content=\"E&amp;R Consultants\" \/>\n<meta property=\"article:publisher\" content=\"https:\/\/www.facebook.com\/ERConsultants\" \/>\n<meta property=\"article:modified_time\" content=\"2019-04-23T10:42:10+00:00\" \/>\n<meta name=\"twitter:card\" content=\"summary\" \/>\n<meta name=\"twitter:creator\" content=\"@erconsultantsfr\" \/>\n<meta name=\"twitter:site\" content=\"@erconsultantsfr\" \/>\n<script type=\"application\/ld+json\" class=\"yoast-schema-graph\">{\"@context\":\"https:\/\/schema.org\",\"@graph\":[{\"@type\":\"WebSite\",\"@id\":\"https:\/\/www.er-consultants.com\/fr\/#website\",\"url\":\"https:\/\/www.er-consultants.com\/fr\/\",\"name\":\"E&amp;R Consultants\",\"description\":\"Cabinet d&#039;expertise comptable \\u00e0 Mulhouse, Saint-Louis, Cernay, Huningue, Thann, Belfort et Giromagny\",\"potentialAction\":[{\"@type\":\"SearchAction\",\"target\":\"https:\/\/www.er-consultants.com\/fr\/?s={search_term_string}\",\"query-input\":\"required name=search_term_string\"}],\"inLanguage\":\"fr-FR\"},{\"@type\":\"WebPage\",\"@id\":\"https:\/\/www.er-consultants.com\/fr\/domaines-expertise-entreprises-gestion\/#webpage\",\"url\":\"https:\/\/www.er-consultants.com\/fr\/domaines-expertise-entreprises-gestion\/\",\"name\":\"Domaines d'expertise pour les entreprises\",\"isPartOf\":{\"@id\":\"https:\/\/www.er-consultants.com\/fr\/#website\"},\"datePublished\":\"2015-07-07T09:04:00+00:00\",\"dateModified\":\"2019-04-23T10:42:10+00:00\",\"description\":\"Tenue des comptes, gestion des ressources humaines, d\\u00e9clarations fiscales, strat\\u00e9gie de d\\u00e9veloppement, E&R Consultants est votre conseiller permanent.\",\"inLanguage\":\"fr-FR\",\"potentialAction\":[{\"@type\":\"ReadAction\",\"target\":[\"https:\/\/www.er-consultants.com\/fr\/domaines-expertise-entreprises-gestion\/\"]}]}]}<\/script>\n<!-- \/ Yoast SEO plugin. -->","_links":{"self":[{"href":"https:\/\/www.er-consultants.com\/fr\/wp-json\/wp\/v2\/pages\/18843","targetHints":{"allow":["GET"]}}],"collection":[{"href":"https:\/\/www.er-consultants.com\/fr\/wp-json\/wp\/v2\/pages"}],"about":[{"href":"https:\/\/www.er-consultants.com\/fr\/wp-json\/wp\/v2\/types\/page"}],"author":[{"embeddable":true,"href":"https:\/\/www.er-consultants.com\/fr\/wp-json\/wp\/v2\/users\/1"}],"replies":[{"embeddable":true,"href":"https:\/\/www.er-consultants.com\/fr\/wp-json\/wp\/v2\/comments?post=18843"}],"version-history":[{"count":9,"href":"https:\/\/www.er-consultants.com\/fr\/wp-json\/wp\/v2\/pages\/18843\/revisions"}],"predecessor-version":[{"id":18846,"href":"https:\/\/www.er-consultants.com\/fr\/wp-json\/wp\/v2\/pages\/18843\/revisions\/18846"}],"wp:attachment":[{"href":"https:\/\/www.er-consultants.com\/fr\/wp-json\/wp\/v2\/media?parent=18843"}],"curies":[{"name":"wp","href":"https:\/\/api.w.org\/{rel}","templated":true}]}}