{"id":18851,"date":"2015-07-07T10:16:04","date_gmt":"2015-07-07T09:16:04","guid":{"rendered":"https:\/\/www.er-consultants.org\/?page_id=18851"},"modified":"2019-04-23T11:42:03","modified_gmt":"2019-04-23T10:42:03","slug":"domaines-expertise-services-aux-particuliers","status":"publish","type":"page","link":"https:\/\/www.er-consultants.com\/fr\/domaines-expertise-services-aux-particuliers\/","title":{"rendered":"E&#038;R Services &#8211; Services aux particuliers"},"content":{"rendered":"<p>[vc_row bg_color=\u00a0\u00bb#f9f9f9&Prime; top_padding=\u00a0\u00bb60&Prime; bottom_padding=\u00a0\u00bb60&Prime;][vc_column width=\u00a0\u00bb1\/1&Prime;]<h1 class=\"headline font-inherit fontsize-xxxxxl fontweight-300 lh-13 align-left transform-inherit \" style=\"margin: 0; color: #339999;\">Notre objectif ?<br \/>\nVous simplifier la vie !<\/h1>[\/vc_column][\/vc_row][vc_row top_padding=\u00a0\u00bb40&Prime; bottom_padding=\u00a0\u00bb40&Prime; equal_height=\u00a0\u00bbyes\u00a0\u00bb][vc_column width=\u00a0\u00bb1\/1&Prime;]<h2 class=\"headline font-special fontsize-l fontweight-500 lh-12 align-left transform-inherit \" style=\"margin: 0 0 20px 0; color: #333333;\">E&amp;R Services, c&rsquo;est toute la richesse d&rsquo;un groupe proche de vous.<\/h2>[vc_column_text]<strong>Notre objectif ? Vous simplifier la vie !<\/strong><br \/>\n<strong>Nous intervenons chez vous pour vous aider et vous accompagner dans toutes vos d\u00e9marches administratives.<\/strong><br \/>\n<strong>Nous sommes l\u00e0 pour r\u00e9soudre vos probl\u00e8mes, simplifier votre organisation, vous soulager de d\u00e9marches ou de travaux souvent r\u00e9barbatifs.<\/strong>[\/vc_column_text][\/vc_column][\/vc_row][vc_row bg_color=\u00a0\u00bb#f0f0f0&Prime; top_padding=\u00a0\u00bb40&Prime; bottom_padding=\u00a0\u00bb40&Prime; equal_height=\u00a0\u00bbyes\u00a0\u00bb][vc_column width=\u00a0\u00bb1\/2&Prime;]<div class=\"single_image wpb_content_element align-left    \" data-animation=\"none\" data-delay=\"0\"><img loading=\"lazy\" decoding=\"async\" width=\"3420\" height=\"2281\" src=\"https:\/\/www.er-consultants.com\/fr\/wp-content\/uploads\/2015\/07\/visuel2.jpg\" class=\"attachment-full\" alt=\"\" srcset=\"https:\/\/www.er-consultants.com\/fr\/wp-content\/uploads\/2015\/07\/visuel2.jpg 3420w, https:\/\/www.er-consultants.com\/fr\/wp-content\/uploads\/2015\/07\/visuel2-300x200.jpg 300w, https:\/\/www.er-consultants.com\/fr\/wp-content\/uploads\/2015\/07\/visuel2-768x512.jpg 768w, https:\/\/www.er-consultants.com\/fr\/wp-content\/uploads\/2015\/07\/visuel2-1024x683.jpg 1024w, https:\/\/www.er-consultants.com\/fr\/wp-content\/uploads\/2015\/07\/visuel2-600x400.jpg 600w\" sizes=\"auto, (max-width: 3420px) 100vw, 3420px\" \/><\/div>[\/vc_column][vc_column width=\u00a0\u00bb1\/2&Prime;]<h3 class=\"headline font-special fontsize-s fontweight-700 lh-inherit align-left transform-uppercase \" style=\"margin: 0 0 20px 0; color: #339999;\">Comment proc\u00e9dons-nous ?<\/h3>[vc_column_text]Nos prestations sont toujours d\u00e9finies sur mesure en fonction de vos besoins.<br \/>\nNous vous rencontrons, nous vous \u00e9coutons, nous vous proposons une prestation conforme \u00e0 vos besoins, avec un devis chiffr\u00e9.<br \/>\nVous d\u00e9cidez.<br \/>\nApr\u00e8s votre accord, nous nous mettons au travail.<br \/>\nR\u00e9guli\u00e8rement, nous faisons le point ensemble.<br \/>\nEn fin d\u2019ann\u00e9e, nous vous envoyons une attestation qui vous permet de b\u00e9n\u00e9ficier d\u2019une r\u00e9duction fiscale \u00e9gale \u00e0 50 % des sommes que vous nous avez vers\u00e9es au cours de l\u2019ann\u00e9e (sous certaines conditions et dans la limite d\u2019un plafond annuel).<br \/>\nNotre priorit\u00e9 est de vous satisfaire en adaptant nos prestations \u00e0 vos besoins.[\/vc_column_text][\/vc_column][\/vc_row][vc_row top_padding=\u00a0\u00bb40&Prime; bottom_padding=\u00a0\u00bb40&Prime;][vc_column width=\u00a0\u00bb1\/2&Prime;]<h3 class=\"headline font-special fontsize-s fontweight-700 lh-inherit align-left transform-uppercase \" style=\"margin: 0 0 20px 0; color: #722f89;\">Assistance administrative et correspondance personnelle<\/h3>[vc_column_text]<strong style=\"color: #722f89;\">Quoi de plus p\u00e9nible que de g\u00e9rer les papiers personnels ?<\/strong><br \/>\n<strong style=\"color: #722f89;\">En faisant appel \u00e0 nous, vous vous d\u00e9chargez en toute s\u00e9r\u00e9nit\u00e9 de cette corv\u00e9e.<\/strong><\/p>\n<p><strong>Pour vous soulager dans ce domaine, nous vous proposons notamment les prestations suivantes :<\/strong><\/p>\n<p><strong>Assistance en mati\u00e8re d\u00e9clarative fiscale et sociale :<\/strong><\/p>\n<ul>\n<li>d\u00e9claration annuelle de revenus ;<\/li>\n<li>d\u00e9claration d\u2019IFI ;<\/li>\n<li>estimation des imp\u00f4ts \u00e0 payer.<\/li>\n<\/ul>\n<p><strong>Assistance administrative et correspondance personnelle :<\/strong><\/p>\n<ul>\n<li>gestion du courrier (ouverture, tri, pr\u00e9paration des r\u00e9ponses et<br \/>\ndes r\u00e8glements de factures, &#8230;), r\u00e9daction et frappe de courrier ;<\/li>\n<li>relations avec les administrations, les compagnies d\u2019assurance ;<\/li>\n<li>r\u00e9solution de petits litiges courants (avec un propri\u00e9taire, un<br \/>\nlocataire, un op\u00e9rateur t\u00e9l\u00e9phone, li\u00e9 \u00e0 un achat \u00e0 cr\u00e9dit&#8230;) ;<\/li>\n<li>d\u00e9marches administratives (demande d\u2019une allocation&#8230;) ;<\/li>\n<li>gestion documentaire (classement, num\u00e9risation et archivage papier ou \u00e9lectronique des documents personnels).<\/li>\n<\/ul>\n<p><strong>Assistance \u00e0 la gestion des finances personnelles :<\/strong><\/p>\n<ul>\n<li>relations avec la banque (courrier, rapprochements bancaires, budget et suivi de tr\u00e9sorerie personnelle&#8230;) ;<\/li>\n<li>analyse et suivi des contrats en cours ;<\/li>\n<li>reconstitution de carri\u00e8res avant le d\u00e9part en retraite ;<\/li>\n<li>aide au bilan patrimonial.<\/li>\n<\/ul>\n<p>[\/vc_column_text][\/vc_column][vc_column width=\u00a0\u00bb1\/2&Prime;]<div class=\"single_image wpb_content_element align-left    \" data-animation=\"none\" data-delay=\"0\"><img loading=\"lazy\" decoding=\"async\" width=\"2356\" height=\"1571\" src=\"https:\/\/www.er-consultants.com\/fr\/wp-content\/uploads\/2015\/07\/visuel1.jpg\" class=\"attachment-full\" alt=\"\" srcset=\"https:\/\/www.er-consultants.com\/fr\/wp-content\/uploads\/2015\/07\/visuel1.jpg 2356w, https:\/\/www.er-consultants.com\/fr\/wp-content\/uploads\/2015\/07\/visuel1-300x200.jpg 300w, https:\/\/www.er-consultants.com\/fr\/wp-content\/uploads\/2015\/07\/visuel1-768x512.jpg 768w, https:\/\/www.er-consultants.com\/fr\/wp-content\/uploads\/2015\/07\/visuel1-1024x683.jpg 1024w, https:\/\/www.er-consultants.com\/fr\/wp-content\/uploads\/2015\/07\/visuel1-600x400.jpg 600w\" sizes=\"auto, (max-width: 2356px) 100vw, 2356px\" \/><\/div><div class=\"spacer\" style=\"height: 30px;\"><\/div><h3 class=\"headline font-special fontsize-s fontweight-700 lh-inherit align-left transform-uppercase \" style=\"margin: 0 0 20px 0; color: #7db742;\">Les avantages financiers <\/h3>[vc_column_text]<strong style=\"color: #7db742;\">En faisant appel \u00e0 nos services, vous b\u00e9n\u00e9ficiez :<\/strong><\/p>\n<ul>\n<li>d\u2019un <strong>taux de TVA r\u00e9duit<\/strong> \u00e0 10 % au lieu de 20 % sur nos prestations ;<\/li>\n<li>de 50 % de <strong>cr\u00e9dit d\u2019imp\u00f4t<\/strong> sur le revenu sur les sommes vers\u00e9es dans l\u2019ann\u00e9e.<\/li>\n<\/ul>\n<p>Le plafond annuel des d\u00e9penses d\u00e9ductibles une ann\u00e9e est de 12 000 \u20ac TTC *, major\u00e9 de 1 500 \u20ac par enfant \u00e0 charge ou membre du foyer fiscal \u00e2g\u00e9 de plus de 65 ans, dans la limite d&rsquo;un plafond de 15 000 \u20ac TTC *.<\/p>\n<p>Pour les personnes invalides ou ayant la charge d&rsquo;une personne invalide, le plafond annuel de d\u00e9penses d\u00e9ductibles est port\u00e9 \u00e0 20 000 \u20ac *.<\/p>\n<p><small>* sous r\u00e9serve des modifications fiscales annuelles.<\/small>[\/vc_column_text][\/vc_column][\/vc_row][vc_row type=\u00a0\u00bbfull_width_section\u00a0\u00bb][vc_column width=\u00a0\u00bb1\/1&Prime;]<div class=\"callout clearfix\" style=\"background-color:#339999; color:#ffffff;\">\n\t\t<div class=\"callout-text\">Simplifiez-vous la vie avec E&#038;R Services<\/div>\n\t\t\t<div class=\"callout-button\"><a class=\"button medium color-6\" href=\"https:\/\/www.er-consultants.com\/fr\/contacter-experts-comptables-mulhouse-cernay-huningue-saint-louis\" target=\"_self\">Contactez-nous<\/a><\/div>\n\t\t<\/div>[\/vc_column][\/vc_row]<\/p>\n","protected":false},"excerpt":{"rendered":"<p>[vc_row bg_color=\u00a0\u00bb#f9f9f9&Prime; top_padding=\u00a0\u00bb60&Prime; bottom_padding=\u00a0\u00bb60&Prime;][vc_column width=\u00a0\u00bb1\/1&Prime;][\/vc_column][\/vc_row][vc_row top_padding=\u00a0\u00bb40&Prime; bottom_padding=\u00a0\u00bb40&Prime; equal_height=\u00a0\u00bbyes\u00a0\u00bb][vc_column width=\u00a0\u00bb1\/1&Prime;][vc_column_text]Notre objectif ? Vous simplifier la vie ! Nous intervenons chez vous pour vous aider et vous accompagner dans toutes vos d\u00e9marches administratives. Nous sommes l\u00e0 pour r\u00e9soudre vos probl\u00e8mes, simplifier votre organisation, vous soulager de d\u00e9marches ou de travaux souvent r\u00e9barbatifs.[\/vc_column_text][\/vc_column][\/vc_row][vc_row bg_color=\u00a0\u00bb#f0f0f0&Prime; top_padding=\u00a0\u00bb40&Prime; bottom_padding=\u00a0\u00bb40&Prime; equal_height=\u00a0\u00bbyes\u00a0\u00bb][vc_column width=\u00a0\u00bb1\/2&Prime;][\/vc_column][vc_column width=\u00a0\u00bb1\/2&Prime;][vc_column_text]Nos prestations sont toujours d\u00e9finies sur mesure en fonction de vos besoins. Nous vous rencontrons, nous vous \u00e9coutons, nous vous proposons une prestation conforme \u00e0 vos besoins, avec un devis chiffr\u00e9. Vous d\u00e9cidez. Apr\u00e8s votre accord, nous nous mettons au travail. R\u00e9guli\u00e8rement, nous faisons le point ensemble. En fin d\u2019ann\u00e9e, nous vous envoyons une attestation qui vous permet de b\u00e9n\u00e9ficier d\u2019une r\u00e9duction fiscale \u00e9gale \u00e0 50 % des sommes que vous nous avez vers\u00e9es au cours de l\u2019ann\u00e9e (sous certaines conditions et dans la limite d\u2019un plafond annuel). Notre priorit\u00e9 est de vous satisfaire en adaptant nos prestations \u00e0 vos besoins.[\/vc_column_text][\/vc_column][\/vc_row][vc_row top_padding=\u00a0\u00bb40&Prime; bottom_padding=\u00a0\u00bb40&Prime;][vc_column width=\u00a0\u00bb1\/2&Prime;][vc_column_text]Quoi de plus p\u00e9nible que de g\u00e9rer les papiers personnels ? En faisant appel \u00e0 nous, vous vous d\u00e9chargez en toute s\u00e9r\u00e9nit\u00e9 de cette corv\u00e9e. Pour vous soulager dans ce domaine, nous vous proposons notamment les prestations suivantes : Assistance en mati\u00e8re [&hellip;]<\/p>\n","protected":false},"author":1,"featured_media":0,"parent":0,"menu_order":0,"comment_status":"open","ping_status":"closed","template":"","meta":{"footnotes":""},"class_list":["post-18851","page","type-page","status-publish","hentry"],"yoast_head":"<!-- This site is optimized with the Yoast SEO plugin v14.0.4 - https:\/\/yoast.com\/wordpress\/plugins\/seo\/ -->\n<title>E&amp;R Services - Domaines d&#039;expertise pour les particuliers<\/title>\n<meta name=\"description\" content=\"E&amp;R Consultants est aux c\u00f4t\u00e9s des particuliers, calculer imp\u00f4t sur le revenu, s\u00e9curiser investissements immobiliers, prot\u00e9ger famille, pr\u00e9parer retraite\u2026\" \/>\n<meta name=\"robots\" content=\"index, follow\" \/>\n<meta name=\"googlebot\" content=\"index, follow, max-snippet:-1, max-image-preview:large, max-video-preview:-1\" \/>\n<meta name=\"bingbot\" content=\"index, follow, max-snippet:-1, max-image-preview:large, max-video-preview:-1\" \/>\n<link rel=\"canonical\" href=\"https:\/\/www.er-consultants.com\/fr\/domaines-expertise-services-aux-particuliers\/\" \/>\n<meta property=\"og:locale\" content=\"fr_FR\" \/>\n<meta property=\"og:type\" content=\"article\" \/>\n<meta property=\"og:title\" content=\"E&amp;R Services - Domaines d&#039;expertise pour les particuliers\" \/>\n<meta property=\"og:description\" content=\"E&amp;R Consultants est aux c\u00f4t\u00e9s des particuliers, calculer imp\u00f4t sur le revenu, s\u00e9curiser investissements immobiliers, prot\u00e9ger famille, pr\u00e9parer retraite\u2026\" \/>\n<meta property=\"og:url\" content=\"https:\/\/www.er-consultants.com\/fr\/domaines-expertise-services-aux-particuliers\/\" \/>\n<meta property=\"og:site_name\" content=\"E&amp;R Consultants\" \/>\n<meta property=\"article:publisher\" content=\"https:\/\/www.facebook.com\/ERConsultants\" \/>\n<meta property=\"article:modified_time\" content=\"2019-04-23T10:42:03+00:00\" \/>\n<meta name=\"twitter:card\" content=\"summary\" \/>\n<meta name=\"twitter:creator\" content=\"@erconsultantsfr\" \/>\n<meta name=\"twitter:site\" content=\"@erconsultantsfr\" \/>\n<script type=\"application\/ld+json\" class=\"yoast-schema-graph\">{\"@context\":\"https:\/\/schema.org\",\"@graph\":[{\"@type\":\"WebSite\",\"@id\":\"https:\/\/www.er-consultants.com\/fr\/#website\",\"url\":\"https:\/\/www.er-consultants.com\/fr\/\",\"name\":\"E&amp;R Consultants\",\"description\":\"Cabinet d&#039;expertise comptable \\u00e0 Mulhouse, Saint-Louis, Cernay, Huningue, Thann, Belfort et Giromagny\",\"potentialAction\":[{\"@type\":\"SearchAction\",\"target\":\"https:\/\/www.er-consultants.com\/fr\/?s={search_term_string}\",\"query-input\":\"required name=search_term_string\"}],\"inLanguage\":\"fr-FR\"},{\"@type\":\"WebPage\",\"@id\":\"https:\/\/www.er-consultants.com\/fr\/domaines-expertise-services-aux-particuliers\/#webpage\",\"url\":\"https:\/\/www.er-consultants.com\/fr\/domaines-expertise-services-aux-particuliers\/\",\"name\":\"E&R Services - Domaines d'expertise pour les particuliers\",\"isPartOf\":{\"@id\":\"https:\/\/www.er-consultants.com\/fr\/#website\"},\"datePublished\":\"2015-07-07T09:16:04+00:00\",\"dateModified\":\"2019-04-23T10:42:03+00:00\",\"description\":\"E&R Consultants est aux c\\u00f4t\\u00e9s des particuliers, calculer imp\\u00f4t sur le revenu, s\\u00e9curiser investissements immobiliers, prot\\u00e9ger famille, pr\\u00e9parer retraite\\u2026\",\"inLanguage\":\"fr-FR\",\"potentialAction\":[{\"@type\":\"ReadAction\",\"target\":[\"https:\/\/www.er-consultants.com\/fr\/domaines-expertise-services-aux-particuliers\/\"]}]}]}<\/script>\n<!-- \/ Yoast SEO plugin. -->","_links":{"self":[{"href":"https:\/\/www.er-consultants.com\/fr\/wp-json\/wp\/v2\/pages\/18851","targetHints":{"allow":["GET"]}}],"collection":[{"href":"https:\/\/www.er-consultants.com\/fr\/wp-json\/wp\/v2\/pages"}],"about":[{"href":"https:\/\/www.er-consultants.com\/fr\/wp-json\/wp\/v2\/types\/page"}],"author":[{"embeddable":true,"href":"https:\/\/www.er-consultants.com\/fr\/wp-json\/wp\/v2\/users\/1"}],"replies":[{"embeddable":true,"href":"https:\/\/www.er-consultants.com\/fr\/wp-json\/wp\/v2\/comments?post=18851"}],"version-history":[{"count":14,"href":"https:\/\/www.er-consultants.com\/fr\/wp-json\/wp\/v2\/pages\/18851\/revisions"}],"predecessor-version":[{"id":780808,"href":"https:\/\/www.er-consultants.com\/fr\/wp-json\/wp\/v2\/pages\/18851\/revisions\/780808"}],"wp:attachment":[{"href":"https:\/\/www.er-consultants.com\/fr\/wp-json\/wp\/v2\/media?parent=18851"}],"curies":[{"name":"wp","href":"https:\/\/api.w.org\/{rel}","templated":true}]}}