{"id":18853,"date":"2015-07-07T10:18:57","date_gmt":"2015-07-07T09:18:57","guid":{"rendered":"https:\/\/www.er-consultants.org\/?page_id=18853"},"modified":"2015-07-07T10:43:58","modified_gmt":"2015-07-07T09:43:58","slug":"domaines-expertise-assistance-juridique","status":"publish","type":"page","link":"https:\/\/www.er-consultants.com\/fr\/domaines-expertise-assistance-juridique\/","title":{"rendered":"Nos domaines d&rsquo;expertise &#8211; Assistance juridique"},"content":{"rendered":"<p>[vc_row type=\u00a0\u00bbstandard_section\u00a0\u00bb bg_repeat=\u00a0\u00bbstretch\u00a0\u00bb parallax_bg=\u00a0\u00bb\u00a0\u00bb stellar_class=\u00a0\u00bbdefault\u00a0\u00bb bg_color=\u00a0\u00bb#f9f9f9&Prime; section_arrow=\u00a0\u00bb\u00a0\u00bb video_bg=\u00a0\u00bb\u00a0\u00bb enable_video_color_overlay=\u00a0\u00bb\u00a0\u00bb text_color=\u00a0\u00bbdark\u00a0\u00bb text_align=\u00a0\u00bbleft\u00a0\u00bb top_padding=\u00a0\u00bb60&Prime; bottom_padding=\u00a0\u00bb60&Prime;][vc_column animation=\u00a0\u00bbnone\u00a0\u00bb bg_color=\u00a0\u00bb\u00a0\u00bb bg_image=\u00a0\u00bb\u00a0\u00bb column_padding=\u00a0\u00bbno-padding\u00a0\u00bb column_center=\u00a0\u00bb\u00a0\u00bb text_color=\u00a0\u00bbdark\u00a0\u00bb custom_text_color=\u00a0\u00bb\u00a0\u00bb text_align=\u00a0\u00bbleft\u00a0\u00bb width=\u00a0\u00bb1\/1&Prime;]<h1 class=\"headline font-inherit fontsize-xxxxxl fontweight-300 lh-13 align-left transform-inherit \" style=\"margin: 0; color: #339999;\">Nos domaines d&rsquo;expertise<br \/>\nen assistance juridique<\/h1>[\/vc_column][\/vc_row][vc_row type=\u00a0\u00bbstandard_section\u00a0\u00bb bg_repeat=\u00a0\u00bbstretch\u00a0\u00bb parallax_bg=\u00a0\u00bbtrue\u00a0\u00bb stellar_class=\u00a0\u00bbdefault\u00a0\u00bb section_arrow=\u00a0\u00bb\u00a0\u00bb video_bg=\u00a0\u00bb\u00a0\u00bb enable_video_color_overlay=\u00a0\u00bb\u00a0\u00bb text_color=\u00a0\u00bbdark\u00a0\u00bb text_align=\u00a0\u00bbleft\u00a0\u00bb top_padding=\u00a0\u00bb100&Prime; bottom_padding=\u00a0\u00bb60&Prime; bg_position=\u00a0\u00bbleft top\u00a0\u00bb][vc_column animation=\u00a0\u00bbnone\u00a0\u00bb bg_color=\u00a0\u00bb\u00a0\u00bb bg_image=\u00a0\u00bb\u00a0\u00bb column_padding=\u00a0\u00bbno-padding\u00a0\u00bb column_center=\u00a0\u00bb\u00a0\u00bb text_color=\u00a0\u00bbdark\u00a0\u00bb custom_text_color=\u00a0\u00bb\u00a0\u00bb text_align=\u00a0\u00bbleft\u00a0\u00bb width=\u00a0\u00bb1\/3&Prime;][vc_column_text]<strong>E&amp;R Consultants<\/strong> vous apporte toute son expertise en assistance juridique, et vous aide \u00e0 choisir la forme juridique de votre entreprise, pr\u00e9pare vos documents, assure la mise \u00e0 jour et le suivi de vos registres, g\u00e8re la relation entre notaire, avocat et client\u2026[\/vc_column_text][\/vc_column][vc_column animation=\u00a0\u00bbnone\u00a0\u00bb bg_color=\u00a0\u00bb\u00a0\u00bb bg_image=\u00a0\u00bb\u00a0\u00bb column_padding=\u00a0\u00bbno-padding\u00a0\u00bb column_center=\u00a0\u00bb\u00a0\u00bb text_color=\u00a0\u00bbdark\u00a0\u00bb custom_text_color=\u00a0\u00bb\u00a0\u00bb text_align=\u00a0\u00bbleft\u00a0\u00bb width=\u00a0\u00bb2\/3&Prime;][vc_row_inner el_id=\u00a0\u00bb\u00a0\u00bb][vc_column_inner el_class=\u00a0\u00bb\u00a0\u00bb animation=\u00a0\u00bbnone\u00a0\u00bb width=\u00a0\u00bb1\/2&Prime;][vc_column_text]<strong>Choix de la structure juridique de l&rsquo;entreprise<\/strong><\/p>\n<p><strong>Statuts des dirigeants<\/strong><\/p>\n<p><strong>R\u00e9daction de contrats<\/strong>[\/vc_column_text][\/vc_column_inner][vc_column_inner el_class=\u00a0\u00bb\u00a0\u00bb animation=\u00a0\u00bbnone\u00a0\u00bb width=\u00a0\u00bb1\/2&Prime;][vc_column_text]<strong>Tenue des livres obligatoires<\/strong><\/p>\n<p><strong>Secr\u00e9tariat juridique<\/strong>[\/vc_column_text][\/vc_column_inner][\/vc_row_inner][\/vc_column][\/vc_row][vc_row type=\u00a0\u00bbfull_width_section\u00a0\u00bb bg_repeat=\u00a0\u00bbstretch\u00a0\u00bb parallax_bg=\u00a0\u00bb\u00a0\u00bb stellar_class=\u00a0\u00bbdefault\u00a0\u00bb section_arrow=\u00a0\u00bb\u00a0\u00bb video_bg=\u00a0\u00bb\u00a0\u00bb enable_video_color_overlay=\u00a0\u00bb\u00a0\u00bb text_color=\u00a0\u00bbdark\u00a0\u00bb text_align=\u00a0\u00bbleft\u00a0\u00bb][vc_column animation=\u00a0\u00bbnone\u00a0\u00bb bg_color=\u00a0\u00bb\u00a0\u00bb bg_image=\u00a0\u00bb\u00a0\u00bb column_padding=\u00a0\u00bbno-padding\u00a0\u00bb column_center=\u00a0\u00bb\u00a0\u00bb text_color=\u00a0\u00bbdark\u00a0\u00bb custom_text_color=\u00a0\u00bb\u00a0\u00bb text_align=\u00a0\u00bbleft\u00a0\u00bb width=\u00a0\u00bb1\/1&Prime;]<div class=\"callout clearfix\" style=\"background-color:#339999; color:#ffffff;\">\n\t\t<div class=\"callout-text\">E&amp;R Consultants, votre expert comptable<\/div>\n\t\t\t<div class=\"callout-button\"><a class=\"button medium color-6\" href=\"http:\/\/contacter-experts-comptables-mulhouse-cernay-huningue-saint-louis\" target=\"_self\">Contactez-nous<\/a><\/div>\n\t\t<\/div>[\/vc_column][\/vc_row]<\/p>\n","protected":false},"excerpt":{"rendered":"<p>[vc_row type=\u00a0\u00bbstandard_section\u00a0\u00bb bg_repeat=\u00a0\u00bbstretch\u00a0\u00bb parallax_bg=\u00a0\u00bb\u00a0\u00bb stellar_class=\u00a0\u00bbdefault\u00a0\u00bb bg_color=\u00a0\u00bb#f9f9f9&Prime; section_arrow=\u00a0\u00bb\u00a0\u00bb video_bg=\u00a0\u00bb\u00a0\u00bb enable_video_color_overlay=\u00a0\u00bb\u00a0\u00bb text_color=\u00a0\u00bbdark\u00a0\u00bb text_align=\u00a0\u00bbleft\u00a0\u00bb top_padding=\u00a0\u00bb60&Prime; bottom_padding=\u00a0\u00bb60&Prime;][vc_column animation=\u00a0\u00bbnone\u00a0\u00bb bg_color=\u00a0\u00bb\u00a0\u00bb bg_image=\u00a0\u00bb\u00a0\u00bb column_padding=\u00a0\u00bbno-padding\u00a0\u00bb column_center=\u00a0\u00bb\u00a0\u00bb text_color=\u00a0\u00bbdark\u00a0\u00bb custom_text_color=\u00a0\u00bb\u00a0\u00bb text_align=\u00a0\u00bbleft\u00a0\u00bb width=\u00a0\u00bb1\/1&Prime;][\/vc_column][\/vc_row][vc_row type=\u00a0\u00bbstandard_section\u00a0\u00bb bg_repeat=\u00a0\u00bbstretch\u00a0\u00bb parallax_bg=\u00a0\u00bbtrue\u00a0\u00bb stellar_class=\u00a0\u00bbdefault\u00a0\u00bb section_arrow=\u00a0\u00bb\u00a0\u00bb video_bg=\u00a0\u00bb\u00a0\u00bb enable_video_color_overlay=\u00a0\u00bb\u00a0\u00bb text_color=\u00a0\u00bbdark\u00a0\u00bb text_align=\u00a0\u00bbleft\u00a0\u00bb top_padding=\u00a0\u00bb100&Prime; bottom_padding=\u00a0\u00bb60&Prime; bg_position=\u00a0\u00bbleft top\u00a0\u00bb][vc_column animation=\u00a0\u00bbnone\u00a0\u00bb bg_color=\u00a0\u00bb\u00a0\u00bb bg_image=\u00a0\u00bb\u00a0\u00bb column_padding=\u00a0\u00bbno-padding\u00a0\u00bb column_center=\u00a0\u00bb\u00a0\u00bb text_color=\u00a0\u00bbdark\u00a0\u00bb custom_text_color=\u00a0\u00bb\u00a0\u00bb text_align=\u00a0\u00bbleft\u00a0\u00bb width=\u00a0\u00bb1\/3&Prime;][vc_column_text]E&amp;R Consultants vous apporte toute son expertise en assistance juridique, et vous aide \u00e0 choisir la forme juridique de votre entreprise, pr\u00e9pare vos documents, assure la mise \u00e0 jour et le suivi de vos registres, g\u00e8re la relation entre notaire, avocat et client\u2026[\/vc_column_text][\/vc_column][vc_column animation=\u00a0\u00bbnone\u00a0\u00bb bg_color=\u00a0\u00bb\u00a0\u00bb bg_image=\u00a0\u00bb\u00a0\u00bb column_padding=\u00a0\u00bbno-padding\u00a0\u00bb column_center=\u00a0\u00bb\u00a0\u00bb text_color=\u00a0\u00bbdark\u00a0\u00bb custom_text_color=\u00a0\u00bb\u00a0\u00bb text_align=\u00a0\u00bbleft\u00a0\u00bb width=\u00a0\u00bb2\/3&Prime;][vc_row_inner el_id=\u00a0\u00bb\u00a0\u00bb][vc_column_inner el_class=\u00a0\u00bb\u00a0\u00bb animation=\u00a0\u00bbnone\u00a0\u00bb width=\u00a0\u00bb1\/2&Prime;][vc_column_text]Choix de la structure juridique de l&rsquo;entreprise Statuts des dirigeants R\u00e9daction de contrats[\/vc_column_text][\/vc_column_inner][vc_column_inner el_class=\u00a0\u00bb\u00a0\u00bb animation=\u00a0\u00bbnone\u00a0\u00bb width=\u00a0\u00bb1\/2&Prime;][vc_column_text]Tenue des livres obligatoires Secr\u00e9tariat juridique[\/vc_column_text][\/vc_column_inner][\/vc_row_inner][\/vc_column][\/vc_row][vc_row type=\u00a0\u00bbfull_width_section\u00a0\u00bb bg_repeat=\u00a0\u00bbstretch\u00a0\u00bb parallax_bg=\u00a0\u00bb\u00a0\u00bb stellar_class=\u00a0\u00bbdefault\u00a0\u00bb section_arrow=\u00a0\u00bb\u00a0\u00bb video_bg=\u00a0\u00bb\u00a0\u00bb enable_video_color_overlay=\u00a0\u00bb\u00a0\u00bb text_color=\u00a0\u00bbdark\u00a0\u00bb text_align=\u00a0\u00bbleft\u00a0\u00bb][vc_column animation=\u00a0\u00bbnone\u00a0\u00bb bg_color=\u00a0\u00bb\u00a0\u00bb bg_image=\u00a0\u00bb\u00a0\u00bb column_padding=\u00a0\u00bbno-padding\u00a0\u00bb column_center=\u00a0\u00bb\u00a0\u00bb text_color=\u00a0\u00bbdark\u00a0\u00bb custom_text_color=\u00a0\u00bb\u00a0\u00bb text_align=\u00a0\u00bbleft\u00a0\u00bb width=\u00a0\u00bb1\/1&Prime;][\/vc_column][\/vc_row]<\/p>\n","protected":false},"author":1,"featured_media":0,"parent":0,"menu_order":0,"comment_status":"open","ping_status":"closed","template":"","meta":{"footnotes":""},"class_list":["post-18853","page","type-page","status-publish","hentry"],"yoast_head":"<!-- This site is optimized with the Yoast SEO plugin v14.0.4 - https:\/\/yoast.com\/wordpress\/plugins\/seo\/ -->\n<title>Domaines d&#039;expertise en assistance juridique<\/title>\n<meta name=\"description\" content=\"Avec E&amp;R Consultants, assistance juridique entreprise, pr\u00e9paration documents, mise \u00e0 jour et suivi registres, gestion relation notaire, avocat et client\" \/>\n<meta name=\"robots\" content=\"index, follow\" \/>\n<meta name=\"googlebot\" content=\"index, follow, max-snippet:-1, max-image-preview:large, max-video-preview:-1\" \/>\n<meta name=\"bingbot\" content=\"index, follow, max-snippet:-1, max-image-preview:large, max-video-preview:-1\" \/>\n<link rel=\"canonical\" href=\"https:\/\/www.er-consultants.com\/fr\/domaines-expertise-assistance-juridique\/\" \/>\n<meta property=\"og:locale\" content=\"fr_FR\" \/>\n<meta property=\"og:type\" content=\"article\" \/>\n<meta property=\"og:title\" content=\"Domaines d&#039;expertise en assistance juridique\" \/>\n<meta property=\"og:description\" content=\"Avec E&amp;R Consultants, assistance juridique entreprise, pr\u00e9paration documents, mise \u00e0 jour et suivi registres, gestion relation notaire, avocat et client\" \/>\n<meta property=\"og:url\" content=\"https:\/\/www.er-consultants.com\/fr\/domaines-expertise-assistance-juridique\/\" \/>\n<meta property=\"og:site_name\" content=\"E&amp;R Consultants\" \/>\n<meta property=\"article:publisher\" content=\"https:\/\/www.facebook.com\/ERConsultants\" \/>\n<meta property=\"article:modified_time\" content=\"2015-07-07T09:43:58+00:00\" \/>\n<meta name=\"twitter:card\" content=\"summary\" \/>\n<meta name=\"twitter:creator\" content=\"@erconsultantsfr\" \/>\n<meta name=\"twitter:site\" content=\"@erconsultantsfr\" \/>\n<script type=\"application\/ld+json\" class=\"yoast-schema-graph\">{\"@context\":\"https:\/\/schema.org\",\"@graph\":[{\"@type\":\"WebSite\",\"@id\":\"https:\/\/www.er-consultants.com\/fr\/#website\",\"url\":\"https:\/\/www.er-consultants.com\/fr\/\",\"name\":\"E&amp;R Consultants\",\"description\":\"Cabinet d&#039;expertise comptable \\u00e0 Mulhouse, Saint-Louis, Cernay, Huningue, Thann, Belfort et Giromagny\",\"potentialAction\":[{\"@type\":\"SearchAction\",\"target\":\"https:\/\/www.er-consultants.com\/fr\/?s={search_term_string}\",\"query-input\":\"required name=search_term_string\"}],\"inLanguage\":\"fr-FR\"},{\"@type\":\"WebPage\",\"@id\":\"https:\/\/www.er-consultants.com\/fr\/domaines-expertise-assistance-juridique\/#webpage\",\"url\":\"https:\/\/www.er-consultants.com\/fr\/domaines-expertise-assistance-juridique\/\",\"name\":\"Domaines d'expertise en assistance juridique\",\"isPartOf\":{\"@id\":\"https:\/\/www.er-consultants.com\/fr\/#website\"},\"datePublished\":\"2015-07-07T09:18:57+00:00\",\"dateModified\":\"2015-07-07T09:43:58+00:00\",\"description\":\"Avec E&R Consultants, assistance juridique entreprise, pr\\u00e9paration documents, mise \\u00e0 jour et suivi registres, gestion relation notaire, avocat et client\",\"inLanguage\":\"fr-FR\",\"potentialAction\":[{\"@type\":\"ReadAction\",\"target\":[\"https:\/\/www.er-consultants.com\/fr\/domaines-expertise-assistance-juridique\/\"]}]}]}<\/script>\n<!-- \/ Yoast SEO plugin. -->","_links":{"self":[{"href":"https:\/\/www.er-consultants.com\/fr\/wp-json\/wp\/v2\/pages\/18853","targetHints":{"allow":["GET"]}}],"collection":[{"href":"https:\/\/www.er-consultants.com\/fr\/wp-json\/wp\/v2\/pages"}],"about":[{"href":"https:\/\/www.er-consultants.com\/fr\/wp-json\/wp\/v2\/types\/page"}],"author":[{"embeddable":true,"href":"https:\/\/www.er-consultants.com\/fr\/wp-json\/wp\/v2\/users\/1"}],"replies":[{"embeddable":true,"href":"https:\/\/www.er-consultants.com\/fr\/wp-json\/wp\/v2\/comments?post=18853"}],"version-history":[{"count":7,"href":"https:\/\/www.er-consultants.com\/fr\/wp-json\/wp\/v2\/pages\/18853\/revisions"}],"predecessor-version":[{"id":18855,"href":"https:\/\/www.er-consultants.com\/fr\/wp-json\/wp\/v2\/pages\/18853\/revisions\/18855"}],"wp:attachment":[{"href":"https:\/\/www.er-consultants.com\/fr\/wp-json\/wp\/v2\/media?parent=18853"}],"curies":[{"name":"wp","href":"https:\/\/api.w.org\/{rel}","templated":true}]}}