{"id":18894,"date":"2015-07-07T11:08:06","date_gmt":"2015-07-07T10:08:06","guid":{"rendered":"https:\/\/www.er-consultants.org\/?page_id=18894"},"modified":"2026-02-02T16:57:22","modified_gmt":"2026-02-02T15:57:22","slug":"domaines-expertise-retraite-prevoyance","status":"publish","type":"page","link":"https:\/\/www.er-consultants.com\/fr\/domaines-expertise-retraite-prevoyance\/","title":{"rendered":"Nos domaines d&rsquo;expertise &#8211; Retraite-pr\u00e9voyance"},"content":{"rendered":"<p>[vc_row bg_color=\u00a0\u00bb#f9f9f9&Prime; top_padding=\u00a0\u00bb60&Prime; bottom_padding=\u00a0\u00bb60&Prime;][vc_column width=\u00a0\u00bb1\/1&Prime;]<h1 class=\"headline font-inherit fontsize-xxxxxl fontweight-300 lh-13 align-left transform-inherit \" style=\"margin: 0; color: #339999;\">Nos domaines d&rsquo;expertise<br \/>\nen retraite-pr\u00e9voyance<\/h1>[\/vc_column][\/vc_row][vc_row top_padding=\u00a0\u00bb100&Prime; bottom_padding=\u00a0\u00bb60&Prime; bg_position=\u00a0\u00bbleft top\u00a0\u00bb][vc_column width=\u00a0\u00bb1\/3&Prime;][vc_column_text]D\u00e9finir vos besoins en mati\u00e8re de retraite, choisir le contrat de pr\u00e9voyance adapt\u00e9, reconstituer votre carri\u00e8re, constituer un suppl\u00e9ment de retraite\u2026\u00a0: avec <strong>E&amp;R Consultants<\/strong>, pr\u00e9parez votre retraite en toute s\u00e9r\u00e9nit\u00e9.[\/vc_column_text][\/vc_column][vc_column width=\u00a0\u00bb2\/3&Prime;][vc_row_inner][vc_column_inner width=\u00a0\u00bb1\/2&Prime; animation=\u00a0\u00bbnone\u00a0\u00bb][vc_column_text]<strong>Bilan retraite<\/strong><\/p>\n<p><strong>\u00c9valuation des contrats de retraite et de pr\u00e9voyance<\/strong><\/p>\n<p><strong>Reconstitution de carri\u00e8re<\/strong>[\/vc_column_text][\/vc_column_inner][vc_column_inner width=\u00a0\u00bb1\/2&Prime; animation=\u00a0\u00bbnone\u00a0\u00bb][vc_column_text]<strong>Collecte des relev\u00e9s aux diff\u00e9rentes caisses<\/strong><\/p>\n<p><strong>Calcul de vos droits<\/strong><\/p>\n<p><strong>Recherche de solutions pour optimiser votre retraite<\/strong><br \/>\nRachat d\u2019ann\u00e9es, contrats compl\u00e9mentaires\u2026<br \/>\n[\/vc_column_text][\/vc_column_inner][\/vc_row_inner][\/vc_column][\/vc_row][vc_row bottom_padding=\u00a0\u00bb60&Prime;][vc_column width=\u00a0\u00bb1\/1&Prime;]<div class=\"divider divider1\" style='margin:20px 0 20px 0 !important;'><\/div><h2 class=\"headline font-inherit fontsize-l fontweight-500 lh-13 align-left transform-inherit \" style=\"margin: 0; color: #333333;\">E&amp;R Transition : s\u00e9curisez et optimisez votre d\u00e9part \u00e0 la retraite<\/h2><div class=\"newdivider align-center\" style=\"border-bottom-style: transparent; border-bottom-color: transparent; border-bottom-width: 1px; margin-top: 10px; margin-bottom: 0; width: 100%; \"><\/div><div class=\"clear\"><\/div>[vc_column_text]<\/p>\n<p class=\"p1\">E&amp;R TRANSITION accompagne nos clients dans la liquidation de leurs droits \u00e0 la retraite au moment du d\u00e9part.<br \/>\nLa structure analyse les droits acquis et \u00e9tudie, au cas par cas, les possibilit\u00e9s de cumul emploi-retraite en fonction de la carri\u00e8re et de la situation de chacun, afin d\u2019optimiser les choix et \u00e9viter les erreurs.<\/p>\n<p>[\/vc_column_text][\/vc_column][\/vc_row][vc_row type=\u00a0\u00bbfull_width_section\u00a0\u00bb][vc_column width=\u00a0\u00bb1\/1&Prime;]<div class=\"callout clearfix\" style=\"background-color:#339999; color:#ffffff;\">\n\t\t<div class=\"callout-text\">E&amp;R Consultants, votre expert comptable<\/div>\n\t\t\t<div class=\"callout-button\"><a class=\"button medium color-6\" href=\"https:\/\/www.er-consultants.com\/fr\/contacter-experts-comptables-mulhouse-cernay-huningue-saint-louis\" target=\"_self\">Contactez-nous<\/a><\/div>\n\t\t<\/div>[\/vc_column][\/vc_row]<\/p>\n","protected":false},"excerpt":{"rendered":"<p>[vc_row bg_color=\u00a0\u00bb#f9f9f9&Prime; top_padding=\u00a0\u00bb60&Prime; bottom_padding=\u00a0\u00bb60&Prime;][vc_column width=\u00a0\u00bb1\/1&Prime;][\/vc_column][\/vc_row][vc_row top_padding=\u00a0\u00bb100&Prime; bottom_padding=\u00a0\u00bb60&Prime; bg_position=\u00a0\u00bbleft top\u00a0\u00bb][vc_column width=\u00a0\u00bb1\/3&Prime;][vc_column_text]D\u00e9finir vos besoins en mati\u00e8re de retraite, choisir le contrat de pr\u00e9voyance adapt\u00e9, reconstituer votre carri\u00e8re, constituer un suppl\u00e9ment de retraite\u2026\u00a0: avec E&amp;R Consultants, pr\u00e9parez votre retraite en toute s\u00e9r\u00e9nit\u00e9.[\/vc_column_text][\/vc_column][vc_column width=\u00a0\u00bb2\/3&Prime;][vc_row_inner][vc_column_inner width=\u00a0\u00bb1\/2&Prime; animation=\u00a0\u00bbnone\u00a0\u00bb][vc_column_text]Bilan retraite \u00c9valuation des contrats de retraite et de pr\u00e9voyance Reconstitution de carri\u00e8re[\/vc_column_text][\/vc_column_inner][vc_column_inner width=\u00a0\u00bb1\/2&Prime; animation=\u00a0\u00bbnone\u00a0\u00bb][vc_column_text]Collecte des relev\u00e9s aux diff\u00e9rentes caisses Calcul de vos droits Recherche de solutions pour optimiser votre retraite Rachat d\u2019ann\u00e9es, contrats compl\u00e9mentaires\u2026 [\/vc_column_text][\/vc_column_inner][\/vc_row_inner][\/vc_column][\/vc_row][vc_row bottom_padding=\u00a0\u00bb60&Prime;][vc_column width=\u00a0\u00bb1\/1&Prime;][vc_column_text] E&amp;R TRANSITION accompagne nos clients dans la liquidation de leurs droits \u00e0 la retraite au moment du d\u00e9part. La structure analyse les droits acquis et \u00e9tudie, au cas par cas, les possibilit\u00e9s de cumul emploi-retraite en fonction de la carri\u00e8re et de la situation de chacun, afin d\u2019optimiser les choix et \u00e9viter les erreurs. [\/vc_column_text][\/vc_column][\/vc_row][vc_row type=\u00a0\u00bbfull_width_section\u00a0\u00bb][vc_column width=\u00a0\u00bb1\/1&Prime;][\/vc_column][\/vc_row]<\/p>\n","protected":false},"author":1,"featured_media":0,"parent":0,"menu_order":0,"comment_status":"open","ping_status":"closed","template":"","meta":{"footnotes":""},"class_list":["post-18894","page","type-page","status-publish","hentry"],"yoast_head":"<!-- This site is optimized with the Yoast SEO plugin v14.0.4 - https:\/\/yoast.com\/wordpress\/plugins\/seo\/ -->\n<title>Domaines d&#039;expertise en retraite-pr\u00e9voyance<\/title>\n<meta name=\"description\" content=\"D\u00e9finir vos besoins en mati\u00e8re de retraite, choisir le contrat de pr\u00e9voyance adapt\u00e9, reconstituer votre carri\u00e8re, constituer compl\u00e9ment de retraite\" \/>\n<meta name=\"robots\" content=\"index, follow\" \/>\n<meta name=\"googlebot\" content=\"index, follow, max-snippet:-1, max-image-preview:large, max-video-preview:-1\" \/>\n<meta name=\"bingbot\" content=\"index, follow, max-snippet:-1, max-image-preview:large, max-video-preview:-1\" \/>\n<link rel=\"canonical\" href=\"https:\/\/www.er-consultants.com\/fr\/domaines-expertise-retraite-prevoyance\/\" \/>\n<meta property=\"og:locale\" content=\"fr_FR\" \/>\n<meta property=\"og:type\" content=\"article\" \/>\n<meta property=\"og:title\" content=\"Domaines d&#039;expertise en retraite-pr\u00e9voyance\" \/>\n<meta property=\"og:description\" content=\"D\u00e9finir vos besoins en mati\u00e8re de retraite, choisir le contrat de pr\u00e9voyance adapt\u00e9, reconstituer votre carri\u00e8re, constituer compl\u00e9ment de retraite\" \/>\n<meta property=\"og:url\" content=\"https:\/\/www.er-consultants.com\/fr\/domaines-expertise-retraite-prevoyance\/\" \/>\n<meta property=\"og:site_name\" content=\"E&amp;R Consultants\" \/>\n<meta property=\"article:publisher\" content=\"https:\/\/www.facebook.com\/ERConsultants\" \/>\n<meta property=\"article:modified_time\" content=\"2026-02-02T15:57:22+00:00\" \/>\n<meta name=\"twitter:card\" content=\"summary\" \/>\n<meta name=\"twitter:creator\" content=\"@erconsultantsfr\" \/>\n<meta name=\"twitter:site\" content=\"@erconsultantsfr\" \/>\n<script type=\"application\/ld+json\" class=\"yoast-schema-graph\">{\"@context\":\"https:\/\/schema.org\",\"@graph\":[{\"@type\":\"WebSite\",\"@id\":\"https:\/\/www.er-consultants.com\/fr\/#website\",\"url\":\"https:\/\/www.er-consultants.com\/fr\/\",\"name\":\"E&amp;R Consultants\",\"description\":\"Cabinet d&#039;expertise comptable \\u00e0 Mulhouse, Saint-Louis, Cernay, Huningue, Thann, Belfort et Giromagny\",\"potentialAction\":[{\"@type\":\"SearchAction\",\"target\":\"https:\/\/www.er-consultants.com\/fr\/?s={search_term_string}\",\"query-input\":\"required name=search_term_string\"}],\"inLanguage\":\"fr-FR\"},{\"@type\":\"WebPage\",\"@id\":\"https:\/\/www.er-consultants.com\/fr\/domaines-expertise-retraite-prevoyance\/#webpage\",\"url\":\"https:\/\/www.er-consultants.com\/fr\/domaines-expertise-retraite-prevoyance\/\",\"name\":\"Domaines d'expertise en retraite-pr\\u00e9voyance\",\"isPartOf\":{\"@id\":\"https:\/\/www.er-consultants.com\/fr\/#website\"},\"datePublished\":\"2015-07-07T10:08:06+00:00\",\"dateModified\":\"2026-02-02T15:57:22+00:00\",\"description\":\"D\\u00e9finir vos besoins en mati\\u00e8re de retraite, choisir le contrat de pr\\u00e9voyance adapt\\u00e9, reconstituer votre carri\\u00e8re, constituer compl\\u00e9ment de retraite\",\"inLanguage\":\"fr-FR\",\"potentialAction\":[{\"@type\":\"ReadAction\",\"target\":[\"https:\/\/www.er-consultants.com\/fr\/domaines-expertise-retraite-prevoyance\/\"]}]}]}<\/script>\n<!-- \/ Yoast SEO plugin. -->","_links":{"self":[{"href":"https:\/\/www.er-consultants.com\/fr\/wp-json\/wp\/v2\/pages\/18894","targetHints":{"allow":["GET"]}}],"collection":[{"href":"https:\/\/www.er-consultants.com\/fr\/wp-json\/wp\/v2\/pages"}],"about":[{"href":"https:\/\/www.er-consultants.com\/fr\/wp-json\/wp\/v2\/types\/page"}],"author":[{"embeddable":true,"href":"https:\/\/www.er-consultants.com\/fr\/wp-json\/wp\/v2\/users\/1"}],"replies":[{"embeddable":true,"href":"https:\/\/www.er-consultants.com\/fr\/wp-json\/wp\/v2\/comments?post=18894"}],"version-history":[{"count":9,"href":"https:\/\/www.er-consultants.com\/fr\/wp-json\/wp\/v2\/pages\/18894\/revisions"}],"predecessor-version":[{"id":893476,"href":"https:\/\/www.er-consultants.com\/fr\/wp-json\/wp\/v2\/pages\/18894\/revisions\/893476"}],"wp:attachment":[{"href":"https:\/\/www.er-consultants.com\/fr\/wp-json\/wp\/v2\/media?parent=18894"}],"curies":[{"name":"wp","href":"https:\/\/api.w.org\/{rel}","templated":true}]}}