{"id":19768,"date":"2015-07-23T10:56:47","date_gmt":"2015-07-23T09:56:47","guid":{"rendered":"https:\/\/www.er-consultants.com\/fr\/?page_id=19768"},"modified":"2026-02-02T16:28:49","modified_gmt":"2026-02-02T15:28:49","slug":"domaines-expertise-gestion-de-patrimoine","status":"publish","type":"page","link":"https:\/\/www.er-consultants.com\/fr\/domaines-expertise-gestion-de-patrimoine\/","title":{"rendered":"E&#038;R Patrimoine &#8211; Gestion de patrimoine"},"content":{"rendered":"<p>[vc_row bg_color=\u00a0\u00bb#f9f9f9&Prime; top_padding=\u00a0\u00bb60&Prime; bottom_padding=\u00a0\u00bb60&Prime;][vc_column width=\u00a0\u00bb1\/1&Prime;]<h1 class=\"headline font-inherit fontsize-xxxxxl fontweight-300 lh-13 align-left transform-inherit \" style=\"margin: 0; color: #339999;\">Approche patrimoniale<br \/>\navec E&amp;R Patrimoine<\/h1>[\/vc_column][\/vc_row][vc_row top_padding=\u00a0\u00bb40&Prime; bottom_padding=\u00a0\u00bb40&Prime; bg_position=\u00a0\u00bbleft top\u00a0\u00bb][vc_column width=\u00a0\u00bb1\/2&Prime;][vc_column_text]Notre cabinet peut vous proposer une assistance, un conseil et un suivi individualis\u00e9 dans le cadre de vos besoins personnels.<\/p>\n<p>En effet, fort de notre investissement dans ce domaine depuis de longues ann\u00e9es, notre assistance est \u00e0 pr\u00e9sent compl\u00e9t\u00e9e par une structure sp\u00e9cialement d\u00e9di\u00e9e \u00e0 ces probl\u00e9matiques.[\/vc_column_text][\/vc_column][vc_column width=\u00a0\u00bb1\/2&Prime;][vc_column_text el_class=\u00a0\u00bbtext-margin\u00a0\u00bb]La soci\u00e9t\u00e9 <strong>E&amp;R PATRIMOINE<\/strong>, dont\u00a0l\u2019activit\u00e9 r\u00e9glement\u00e9e, de conseiller en investissement financier, permet de vous accompagner lors de la mise en application concr\u00e8te de nos conseils.<\/p>\n<p>Dor\u00e9navant, cette structure peut vous proposer un audit, un diagnostic et une analyse sur-mesure de vos avoirs financiers d\u00e9j\u00e0 constitu\u00e9s ou \u00e0 constituer.[\/vc_column_text]<a href=\"https:\/\/www.er-patrimoine.com\/\" target=\"_blank\" class=\"button custom small \" style=\"background-color: #339999; border-color: #339999;border-radius: 0px;\">Consulter E&amp;R Patrimoine<\/a>[\/vc_column][\/vc_row][vc_row bg_color=\u00a0\u00bb#f0f0f0&Prime; top_padding=\u00a0\u00bb40&Prime; bottom_padding=\u00a0\u00bb20&Prime;][vc_column width=\u00a0\u00bb1\/1&Prime;]<h2 class=\"headline font-special fontsize-s fontweight-700 lh-inherit align-left transform-uppercase \" style=\"margin: 0; color: #339999;\">Ce conseil patrimonial r\u00e9pond \u00e0 vos besoins dans les domaines suivants :<\/h2>[\/vc_column][\/vc_row][vc_row bg_color=\u00a0\u00bb#f0f0f0&Prime; bottom_padding=\u00a0\u00bb40&Prime;][vc_column width=\u00a0\u00bb1\/3&Prime;][vc_column_text]<\/p>\n<ul>\n<li>Madelin<\/li>\n<li>PERP (Plan d\u2019Epargne Retraite Populaire)<\/li>\n<li>Retraite suppl\u00e9mentaire des salari\u00e9s<\/li>\n<li>Epargne salariale<\/li>\n<\/ul>\n<p>[\/vc_column_text][\/vc_column][vc_column width=\u00a0\u00bb1\/3&Prime;][vc_column_text]<\/p>\n<ul>\n<li>Assurance emprunteur<\/li>\n<li>Assurance-vie<\/li>\n<li>Contrat de capitalisation<\/li>\n<li>FCPI (Fonds Commun de Placement dans l\u2019Innovation)<\/li>\n<\/ul>\n<p>[\/vc_column_text][\/vc_column][vc_column width=\u00a0\u00bb1\/3&Prime;][vc_column_text]<\/p>\n<ul>\n<li>FIP (Fonds d\u2019Investissement de Proximit\u00e9)<\/li>\n<li>Compte \u00e0 terme<\/li>\n<li>Tr\u00e9sorerie d\u2019entreprise<\/li>\n<li>PEA<\/li>\n<\/ul>\n<p>[\/vc_column_text][\/vc_column][\/vc_row][vc_row bg_color=\u00a0\u00bb#f0f0f0&Prime; bottom_padding=\u00a0\u00bb40&Prime;][vc_column width=\u00a0\u00bb1\/2&Prime;][vc_column_text]La nouveaut\u00e9 de cet atout compl\u00e9mentaire r\u00e9side dans la mise en perspective de ces supports, dans un cadre de transmission et de r\u00e9flexion sur les choix \u00e0 op\u00e9rer tout au long de votre vie selon la strat\u00e9gie d\u00e9finie ensemble.[\/vc_column_text][\/vc_column][vc_column width=\u00a0\u00bb1\/2&Prime;][vc_column_text]La ma\u00eetrise des aspects fiscaux, comptables et juridiques de part notre m\u00e9tier d\u2019expertise comptable est ainsi renforc\u00e9e par le suivi de vos avoirs financiers pour vos besoins imm\u00e9diats comme pour votre retraite.[\/vc_column_text][\/vc_column][\/vc_row][vc_row top_padding=\u00a0\u00bb40&Prime; bottom_padding=\u00a0\u00bb20&Prime;][vc_column width=\u00a0\u00bb1\/1&Prime;]<div class=\"headline font-special fontsize-l fontweight-500 lh-12 align-left transform-uppercase \" style=\"margin: 0 0 30px 0; color: #333333;\">Pourquoi nous attribuer votre confiance<br \/>\nplut\u00f4t qu\u2019\u00e0 une autre soci\u00e9t\u00e9<br \/>\npour effectuer la gestion de votre patrimoine ?<\/div><h2 class=\"headline font-special fontsize-s fontweight-700 lh-inherit align-left transform-uppercase \" style=\"margin: 0; color: #339999;\">Vous pourrez b\u00e9n\u00e9ficiez des prestations suivantes :<\/h2>[\/vc_column][\/vc_row][vc_row top_padding=\u00a0\u00bb0&Prime; bottom_padding=\u00a0\u00bb100&Prime;][vc_column width=\u00a0\u00bb1\/3&Prime;][vc_column_text]<\/p>\n<ul>\n<li>Notre expertise<\/li>\n<li>Un accompagnement \u00ab\u00a0sur mesure\u00a0\u00bb avec un suivi r\u00e9gulier<\/li>\n<li>Une approche personnalis\u00e9e<\/li>\n<li>Une gestion de votre \u00e9pargne<\/li>\n<li>Une gestion de vos placements financiers<\/li>\n<li>Des conseils sur les produits existants<\/li>\n<li>Une \u00e9coute, une proximit\u00e9 et une disponibilit\u00e9<\/li>\n<li>Une capacit\u00e9 \u00e0 comparer les diff\u00e9rents supports financiers<\/li>\n<li>Une analyse globale des besoins\u00a0: fiscaux, juridiques et de transmissions<\/li>\n<\/ul>\n<p>[\/vc_column_text][\/vc_column][vc_column width=\u00a0\u00bb1\/3&Prime;][vc_column_text]<\/p>\n<ul>\n<li>Une diversification du risque<\/li>\n<li>Un acc\u00e8s aux meilleurs placements<\/li>\n<li>Un acc\u00e8s \u00e0 une offre plus large de placements<\/li>\n<li>Un conseil de tr\u00e8s bonne qualit\u00e9 afin d\u2019adopter la meilleure strat\u00e9gie de placement ou de transmission<\/li>\n<li>Une gestion de patrimoine sur mesure<\/li>\n<li>Une diversit\u00e9 des comp\u00e9tences<\/li>\n<li>Un accompagnement fiscal<\/li>\n<li>Des d\u00e9clarations fiscales s\u00e9curis\u00e9es<\/li>\n<li>Faire fructifier votre capital<\/li>\n<\/ul>\n<p>[\/vc_column_text][\/vc_column][vc_column width=\u00a0\u00bb1\/3&Prime;][vc_column_text]<\/p>\n<ul>\n<li>Une \u00e9tude pour pr\u00e9parer votre retraite<\/li>\n<li>Une constitution d\u2019un capital \u00e0 long-terme<\/li>\n<li>Une aide aux d\u00e9cisions pour prot\u00e9ger vos proches<\/li>\n<li>Un financement d\u2019un projet immobilier<\/li>\n<li>Un placement de la tr\u00e9sorerie d\u2019entreprise<\/li>\n<li>Une r\u00e9ponse alternative aux baisses des rendements des fonds en euros<\/li>\n<li>Une diversification de vos avoirs de la strat\u00e9gie des march\u00e9s financiers<\/li>\n<li>Une analyse globale de votre patrimoine<\/li>\n<li>Une gestion sur mesure de vos fonds<\/li>\n<\/ul>\n<p>[\/vc_column_text][\/vc_column][\/vc_row][vc_row type=\u00a0\u00bbfull_width_section\u00a0\u00bb][vc_column width=\u00a0\u00bb1\/1&Prime;]<div class=\"callout clearfix\" style=\"background-color:#339999; color:#ffffff;\">\n\t\t<div class=\"callout-text\">E&amp;R Patrimoine, votre expert en gestion de patrimonine<\/div>\n\t\t\t<div class=\"callout-button\"><a class=\"button medium color-6\" href=\"https:\/\/www.er-patrimoine.com\/\" target=\"_blank\">Consulter E&amp;R Patrimoine<\/a><\/div>\n\t\t<\/div>[\/vc_column][\/vc_row]<\/p>\n","protected":false},"excerpt":{"rendered":"<p>[vc_row bg_color=\u00a0\u00bb#f9f9f9&Prime; top_padding=\u00a0\u00bb60&Prime; bottom_padding=\u00a0\u00bb60&Prime;][vc_column width=\u00a0\u00bb1\/1&Prime;][\/vc_column][\/vc_row][vc_row top_padding=\u00a0\u00bb40&Prime; bottom_padding=\u00a0\u00bb40&Prime; bg_position=\u00a0\u00bbleft top\u00a0\u00bb][vc_column width=\u00a0\u00bb1\/2&Prime;][vc_column_text]Notre cabinet peut vous proposer une assistance, un conseil et un suivi individualis\u00e9 dans le cadre de vos besoins personnels. En effet, fort de notre investissement dans ce domaine depuis de longues ann\u00e9es, notre assistance est \u00e0 pr\u00e9sent compl\u00e9t\u00e9e par une structure sp\u00e9cialement d\u00e9di\u00e9e \u00e0 ces probl\u00e9matiques.[\/vc_column_text][\/vc_column][vc_column width=\u00a0\u00bb1\/2&Prime;][vc_column_text el_class=\u00a0\u00bbtext-margin\u00a0\u00bb]La soci\u00e9t\u00e9 E&amp;R PATRIMOINE, dont\u00a0l\u2019activit\u00e9 r\u00e9glement\u00e9e, de conseiller en investissement financier, permet de vous accompagner lors de la mise en application concr\u00e8te de nos conseils. Dor\u00e9navant, cette structure peut vous proposer un audit, un diagnostic et une analyse sur-mesure de vos avoirs financiers d\u00e9j\u00e0 constitu\u00e9s ou \u00e0 constituer.[\/vc_column_text][\/vc_column][\/vc_row][vc_row bg_color=\u00a0\u00bb#f0f0f0&Prime; top_padding=\u00a0\u00bb40&Prime; bottom_padding=\u00a0\u00bb20&Prime;][vc_column width=\u00a0\u00bb1\/1&Prime;][\/vc_column][\/vc_row][vc_row bg_color=\u00a0\u00bb#f0f0f0&Prime; bottom_padding=\u00a0\u00bb40&Prime;][vc_column width=\u00a0\u00bb1\/3&Prime;][vc_column_text] Madelin PERP (Plan d\u2019Epargne Retraite Populaire) Retraite suppl\u00e9mentaire des salari\u00e9s Epargne salariale [\/vc_column_text][\/vc_column][vc_column width=\u00a0\u00bb1\/3&Prime;][vc_column_text] Assurance emprunteur Assurance-vie Contrat de capitalisation FCPI (Fonds Commun de Placement dans l\u2019Innovation) [\/vc_column_text][\/vc_column][vc_column width=\u00a0\u00bb1\/3&Prime;][vc_column_text] FIP (Fonds d\u2019Investissement de Proximit\u00e9) Compte \u00e0 terme Tr\u00e9sorerie d\u2019entreprise PEA [\/vc_column_text][\/vc_column][\/vc_row][vc_row bg_color=\u00a0\u00bb#f0f0f0&Prime; bottom_padding=\u00a0\u00bb40&Prime;][vc_column width=\u00a0\u00bb1\/2&Prime;][vc_column_text]La nouveaut\u00e9 de cet atout compl\u00e9mentaire r\u00e9side dans la mise en perspective de ces supports, dans un cadre de transmission et de r\u00e9flexion sur les choix \u00e0 op\u00e9rer tout au long de votre vie selon la strat\u00e9gie d\u00e9finie ensemble.[\/vc_column_text][\/vc_column][vc_column width=\u00a0\u00bb1\/2&Prime;][vc_column_text]La ma\u00eetrise des aspects fiscaux, comptables [&hellip;]<\/p>\n","protected":false},"author":1,"featured_media":0,"parent":0,"menu_order":0,"comment_status":"open","ping_status":"closed","template":"","meta":{"footnotes":""},"class_list":["post-19768","page","type-page","status-publish","hentry"],"yoast_head":"<!-- This site is optimized with the Yoast SEO plugin v14.0.4 - https:\/\/yoast.com\/wordpress\/plugins\/seo\/ -->\n<title>E&amp;R Patrimoine - Domaines d&#039;expertise pour les particuliers<\/title>\n<meta name=\"description\" content=\"E&amp;R Consultants est aux c\u00f4t\u00e9s des particuliers, calculer imp\u00f4t sur le revenu, s\u00e9curiser investissements immobiliers, prot\u00e9ger famille, pr\u00e9parer retraite\u2026\" \/>\n<meta name=\"robots\" content=\"index, follow\" \/>\n<meta name=\"googlebot\" content=\"index, follow, max-snippet:-1, max-image-preview:large, max-video-preview:-1\" \/>\n<meta name=\"bingbot\" content=\"index, follow, max-snippet:-1, max-image-preview:large, max-video-preview:-1\" \/>\n<link rel=\"canonical\" href=\"https:\/\/www.er-consultants.com\/fr\/domaines-expertise-gestion-de-patrimoine\/\" \/>\n<meta property=\"og:locale\" content=\"fr_FR\" \/>\n<meta property=\"og:type\" content=\"article\" \/>\n<meta property=\"og:title\" content=\"E&amp;R Patrimoine - Domaines d&#039;expertise pour les particuliers\" \/>\n<meta property=\"og:description\" content=\"E&amp;R Consultants est aux c\u00f4t\u00e9s des particuliers, calculer imp\u00f4t sur le revenu, s\u00e9curiser investissements immobiliers, prot\u00e9ger famille, pr\u00e9parer retraite\u2026\" \/>\n<meta property=\"og:url\" content=\"https:\/\/www.er-consultants.com\/fr\/domaines-expertise-gestion-de-patrimoine\/\" \/>\n<meta property=\"og:site_name\" content=\"E&amp;R Consultants\" \/>\n<meta property=\"article:publisher\" content=\"https:\/\/www.facebook.com\/ERConsultants\" \/>\n<meta property=\"article:modified_time\" content=\"2026-02-02T15:28:49+00:00\" \/>\n<meta name=\"twitter:card\" content=\"summary\" \/>\n<meta name=\"twitter:creator\" content=\"@erconsultantsfr\" \/>\n<meta name=\"twitter:site\" content=\"@erconsultantsfr\" \/>\n<script type=\"application\/ld+json\" class=\"yoast-schema-graph\">{\"@context\":\"https:\/\/schema.org\",\"@graph\":[{\"@type\":\"WebSite\",\"@id\":\"https:\/\/www.er-consultants.com\/fr\/#website\",\"url\":\"https:\/\/www.er-consultants.com\/fr\/\",\"name\":\"E&amp;R Consultants\",\"description\":\"Cabinet d&#039;expertise comptable \\u00e0 Mulhouse, Saint-Louis, Cernay, Huningue, Thann, Belfort et Giromagny\",\"potentialAction\":[{\"@type\":\"SearchAction\",\"target\":\"https:\/\/www.er-consultants.com\/fr\/?s={search_term_string}\",\"query-input\":\"required name=search_term_string\"}],\"inLanguage\":\"fr-FR\"},{\"@type\":\"WebPage\",\"@id\":\"https:\/\/www.er-consultants.com\/fr\/domaines-expertise-gestion-de-patrimoine\/#webpage\",\"url\":\"https:\/\/www.er-consultants.com\/fr\/domaines-expertise-gestion-de-patrimoine\/\",\"name\":\"E&R Patrimoine - Domaines d'expertise pour les particuliers\",\"isPartOf\":{\"@id\":\"https:\/\/www.er-consultants.com\/fr\/#website\"},\"datePublished\":\"2015-07-23T09:56:47+00:00\",\"dateModified\":\"2026-02-02T15:28:49+00:00\",\"description\":\"E&R Consultants est aux c\\u00f4t\\u00e9s des particuliers, calculer imp\\u00f4t sur le revenu, s\\u00e9curiser investissements immobiliers, prot\\u00e9ger famille, pr\\u00e9parer retraite\\u2026\",\"inLanguage\":\"fr-FR\",\"potentialAction\":[{\"@type\":\"ReadAction\",\"target\":[\"https:\/\/www.er-consultants.com\/fr\/domaines-expertise-gestion-de-patrimoine\/\"]}]}]}<\/script>\n<!-- \/ Yoast SEO plugin. -->","_links":{"self":[{"href":"https:\/\/www.er-consultants.com\/fr\/wp-json\/wp\/v2\/pages\/19768","targetHints":{"allow":["GET"]}}],"collection":[{"href":"https:\/\/www.er-consultants.com\/fr\/wp-json\/wp\/v2\/pages"}],"about":[{"href":"https:\/\/www.er-consultants.com\/fr\/wp-json\/wp\/v2\/types\/page"}],"author":[{"embeddable":true,"href":"https:\/\/www.er-consultants.com\/fr\/wp-json\/wp\/v2\/users\/1"}],"replies":[{"embeddable":true,"href":"https:\/\/www.er-consultants.com\/fr\/wp-json\/wp\/v2\/comments?post=19768"}],"version-history":[{"count":21,"href":"https:\/\/www.er-consultants.com\/fr\/wp-json\/wp\/v2\/pages\/19768\/revisions"}],"predecessor-version":[{"id":893473,"href":"https:\/\/www.er-consultants.com\/fr\/wp-json\/wp\/v2\/pages\/19768\/revisions\/893473"}],"wp:attachment":[{"href":"https:\/\/www.er-consultants.com\/fr\/wp-json\/wp\/v2\/media?parent=19768"}],"curies":[{"name":"wp","href":"https:\/\/api.w.org\/{rel}","templated":true}]}}