{"id":198901,"date":"2018-07-06T10:48:34","date_gmt":"2018-07-06T09:48:34","guid":{"rendered":"https:\/\/www.er-consultants.com\/fr\/?page_id=198901"},"modified":"2018-07-06T10:48:34","modified_gmt":"2018-07-06T09:48:34","slug":"politique-de-confidentialite","status":"publish","type":"page","link":"https:\/\/www.er-consultants.com\/fr\/politique-de-confidentialite\/","title":{"rendered":"Politique de confidentialit\u00e9"},"content":{"rendered":"<p>[vc_row bg_color=\u00a0\u00bb#f9f9f9&Prime; top_padding=\u00a0\u00bb60&Prime; bottom_padding=\u00a0\u00bb60&Prime;][vc_column width=\u00a0\u00bb1\/1&Prime;]<h1 class=\"headline font-inherit fontsize-xxxxxl fontweight-300 lh-13 align-left transform-inherit \" style=\"margin:  0; color: #339999;\">Politique de confidentialit\u00e9<\/h1>[\/vc_column][\/vc_row][vc_row top_padding=\u00a0\u00bb100&Prime; bottom_padding=\u00a0\u00bb60&Prime;][vc_column width=\u00a0\u00bb1\/1&Prime;][vc_column_text]<\/p>\n<h2>Conservation et Utilisation de vos donn\u00e9es personnelles<\/h2>\n<p>Les informations \u00e0 caract\u00e8re personnel recueillies sur ce formulaire sont enregistr\u00e9es dans un fichier informatis\u00e9 par <strong>E&amp;R Consultants<\/strong> et sont susceptibles de faire l\u2019objet d\u2019un traitement automatis\u00e9 aux fins de prise de contact commercial par E&amp;R Consultants.<\/p>\n<p>Les donn\u00e9es collect\u00e9es sont indispensables \u00e0 ce traitement. Elles sont conserv\u00e9es pendant <strong>1 an<\/strong> et sont destin\u00e9es <strong>aux services concern\u00e9s de E&amp;R Consultants<\/strong>.<\/p>\n<p>Ce fichier est accessible uniquement par la direction, les collaborateurs des p\u00f4les concern\u00e9s au sein de <strong>E&amp;R Consultants<\/strong>.<\/p>\n<p>Nous vous rappelons que vous disposez d\u2019un droit \u00e0 la portabilit\u00e9 de vos donn\u00e9es, de droits d\u2019acc\u00e8s, de rectification, de limitation et d&rsquo;opposition pour motifs l\u00e9gitimes, ainsi que du droit de d\u00e9finir des directives relatives au sort de vos donn\u00e9es personnelles apr\u00e8s votre mort sous r\u00e9serve des dispositions l\u00e9gales et r\u00e9glementaires applicables. Vous avez la possibilit\u00e9 d\u2019introduire une r\u00e9clamation aupr\u00e8s d\u2019une autorit\u00e9 de contr\u00f4le.<\/p>\n<p>Conform\u00e9ment \u00e0 la <a href=\"https:\/\/www.cnil.fr\/fr\/loi-78-17-du-6-janvier-1978-modifiee\">loi \u00ab informatique et libert\u00e9s \u00bb<\/a>, vous pouvez exercer vos droits en contactant : <strong>M. Patrick ROMON, au 46 Avenue Roger Salengro &#8211; 68100 Mulhouse<\/strong>, et\/ou par mail \u00e0 <strong><a href=\"mailto:&#109;&#117;&#108;&#104;&#111;&#117;&#115;&#101;&#64;&#101;&#114;&#45;&#99;&#111;&#110;&#115;&#117;&#108;&#116;&#97;&#110;&#116;&#115;&#46;&#99;&#111;&#109;\">&#109;&#117;&#108;&#104;&#111;&#117;&#115;&#101;&#64;&#101;&#114;&#45;&#99;&#111;&#110;&#115;&#117;&#108;&#116;&#97;&#110;&#116;&#115;&#46;&#99;&#111;&#109;<\/a> <\/strong>(cf. \u00a73.1).<\/p>\n<h2>Consentement et Traitement de vos donn\u00e9es personnelles<\/h2>\n<p>En cochant la case de consentement obligatoire avant soumission de chaque formulaire du site web www.er-consultants.com (\u00ab J\u2019autorise E&amp;R Consultants \u00e0 me contacter de fa\u00e7on personnalis\u00e9e \u00e0 propos de ses services. Vos donn\u00e9es personnelles ne seront jamais communiqu\u00e9es \u00e0 des tiers. \u00bb) vous autorisez explicitement le stockage et le traitement de vos donn\u00e9es dans le but de vous faire conna\u00eetre nos offres et services. Vous autorisez :<\/p>\n<ul>\n<li><strong>Un conseiller E&amp;R Consultants<\/strong> \u00e0 vous contacter pour toute relation commerciale<\/li>\n<li><strong>Le service concern\u00e9<\/strong> \u00e0 vous communiquer des informations personnalis\u00e9es sur nos offres et services<\/li>\n<\/ul>\n<h2>Retrait du Consentement concernant vos donn\u00e9es personnelles<\/h2>\n<h3 data-fontsize=\"16\" data-lineheight=\"26\">Droit d\u2019acc\u00e8s \u00e0 vos donn\u00e9es personnelles<\/h3>\n<p>Vous disposez d\u2019un droit d\u2019acc\u00e8s, de modification et\/ou de suppression des donn\u00e9es vous concernant \u00e0 tout moment en contactant notre service informatique :<\/p>\n<p><strong>Par voie postale :<\/strong> E&amp;R Consultants &#8211; <strong>46 Avenue Roger Salengro &#8211; 68100 Mulhouse<\/strong> accompagn\u00e9 d\u2019une copie d\u2019une pi\u00e8ce d\u2019identit\u00e9. Id\u00e9alement, en recommand\u00e9 avec accus\u00e9 de r\u00e9ception.<\/p>\n<p><strong>Sur place dans nos locaux :<\/strong> avec pr\u00e9sentation d\u2019une pi\u00e8ce d\u2019identit\u00e9. La CNIL pr\u00e9cise : \u00ab Il est possible de se faire accompagner par la personne de son choix. La consultation doit durer suffisamment longtemps pour prendre note commod\u00e9ment et compl\u00e8tement. Il est possible de demander une copie des donn\u00e9es \u00bb.<\/p>\n<p>Le responsable du fichier dispose d\u2019un d\u00e9lai de r\u00e9ponse maximal de 2 mois \u00e0 compter de la demande, qu\u2019elle ait \u00e9t\u00e9 exerc\u00e9e par voie postale ou sur place. La CNIL pr\u00e9cise : \u00ab Si la demande est incompl\u00e8te (absence de la pi\u00e8ce d\u2019identit\u00e9 par exemple), le responsable du fichier est en droit de demander des compl\u00e9ments : le d\u00e9lai est alors suspendu et courre \u00e0 nouveau une fois ces \u00e9l\u00e9ments fournis \u00bb.<\/p>\n<p>Les limites au droit d\u2019acc\u00e8s sont pr\u00e9cis\u00e9es sur le site de la CNIL et <a href=\"https:\/\/www.cnil.fr\/fr\/respecter-les-droits-des-personnes\">consultables en cliquant ici<\/a>.[\/vc_column_text][\/vc_column][\/vc_row]<\/p>\n","protected":false},"excerpt":{"rendered":"<p>[vc_row bg_color=\u00a0\u00bb#f9f9f9&Prime; top_padding=\u00a0\u00bb60&Prime; bottom_padding=\u00a0\u00bb60&Prime;][vc_column width=\u00a0\u00bb1\/1&Prime;][\/vc_column][\/vc_row][vc_row top_padding=\u00a0\u00bb100&Prime; bottom_padding=\u00a0\u00bb60&Prime;][vc_column width=\u00a0\u00bb1\/1&Prime;][vc_column_text] Conservation et Utilisation de vos donn\u00e9es personnelles Les informations \u00e0 caract\u00e8re personnel recueillies sur ce formulaire sont enregistr\u00e9es dans un fichier informatis\u00e9 par E&amp;R Consultants et sont susceptibles de faire l\u2019objet d\u2019un traitement automatis\u00e9 aux fins de prise de contact commercial par E&amp;R Consultants. Les donn\u00e9es collect\u00e9es sont indispensables \u00e0 ce traitement. Elles sont conserv\u00e9es pendant 1 an et sont destin\u00e9es aux services concern\u00e9s de E&amp;R Consultants. Ce fichier est accessible uniquement par la direction, les collaborateurs des p\u00f4les concern\u00e9s au sein de E&amp;R Consultants. Nous vous rappelons que vous disposez d\u2019un droit \u00e0 la portabilit\u00e9 de vos donn\u00e9es, de droits d\u2019acc\u00e8s, de rectification, de limitation et d&rsquo;opposition pour motifs l\u00e9gitimes, ainsi que du droit de d\u00e9finir des directives relatives au sort de vos donn\u00e9es personnelles apr\u00e8s votre mort sous r\u00e9serve des dispositions l\u00e9gales et r\u00e9glementaires applicables. Vous avez la possibilit\u00e9 d\u2019introduire une r\u00e9clamation aupr\u00e8s d\u2019une autorit\u00e9 de contr\u00f4le. Conform\u00e9ment \u00e0 la loi \u00ab informatique et libert\u00e9s \u00bb, vous pouvez exercer vos droits en contactant : M. Patrick ROMON, au 46 Avenue Roger Salengro &#8211; 68100 Mulhouse, et\/ou par mail \u00e0 &#109;&#117;&#108;&#104;&#111;&#117;&#115;&#101;&#64;&#101;&#114;&#45;&#99;&#111;&#110;&#115;&#117;&#108;&#116;&#97;&#110;&#116;&#115;&#46;&#99;&#111;&#109; (cf. \u00a73.1). Consentement et Traitement de vos donn\u00e9es personnelles En [&hellip;]<\/p>\n","protected":false},"author":1,"featured_media":0,"parent":0,"menu_order":0,"comment_status":"open","ping_status":"closed","template":"","meta":{"footnotes":""},"class_list":["post-198901","page","type-page","status-publish","hentry"],"yoast_head":"<!-- This site is optimized with the Yoast SEO plugin v14.0.4 - https:\/\/yoast.com\/wordpress\/plugins\/seo\/ -->\n<title>Politique de confidentialit\u00e9 - E&amp;R Consultants<\/title>\n<meta name=\"robots\" content=\"index, follow\" \/>\n<meta name=\"googlebot\" content=\"index, follow, max-snippet:-1, max-image-preview:large, max-video-preview:-1\" \/>\n<meta name=\"bingbot\" content=\"index, follow, max-snippet:-1, max-image-preview:large, max-video-preview:-1\" \/>\n<link rel=\"canonical\" href=\"https:\/\/www.er-consultants.com\/fr\/politique-de-confidentialite\/\" \/>\n<meta property=\"og:locale\" content=\"fr_FR\" \/>\n<meta property=\"og:type\" content=\"article\" \/>\n<meta property=\"og:title\" content=\"Politique de confidentialit\u00e9 - E&amp;R Consultants\" \/>\n<meta property=\"og:description\" content=\"[vc_row bg_color=\u00a0\u00bb#f9f9f9&Prime; top_padding=\u00a0\u00bb60&Prime; bottom_padding=\u00a0\u00bb60&Prime;][vc_column width=\u00a0\u00bb1\/1&Prime;][\/vc_column][\/vc_row][vc_row top_padding=\u00a0\u00bb100&Prime; bottom_padding=\u00a0\u00bb60&Prime;][vc_column width=\u00a0\u00bb1\/1&Prime;][vc_column_text] Conservation et Utilisation de vos donn\u00e9es personnelles Les informations \u00e0 caract\u00e8re personnel recueillies sur ce formulaire sont enregistr\u00e9es dans un fichier informatis\u00e9 par E&amp;R Consultants et sont susceptibles de faire l\u2019objet d\u2019un traitement automatis\u00e9 aux fins de prise de contact commercial par E&amp;R Consultants. Les donn\u00e9es collect\u00e9es sont indispensables \u00e0 ce traitement. Elles sont conserv\u00e9es pendant 1 an et sont destin\u00e9es aux services concern\u00e9s de E&amp;R Consultants. Ce fichier est accessible uniquement par la direction, les collaborateurs des p\u00f4les concern\u00e9s au sein de E&amp;R Consultants. Nous vous rappelons que vous disposez d\u2019un droit \u00e0 la portabilit\u00e9 de vos donn\u00e9es, de droits d\u2019acc\u00e8s, de rectification, de limitation et d&rsquo;opposition pour motifs l\u00e9gitimes, ainsi que du droit de d\u00e9finir des directives relatives au sort de vos donn\u00e9es personnelles apr\u00e8s votre mort sous r\u00e9serve des dispositions l\u00e9gales et r\u00e9glementaires applicables. Vous avez la possibilit\u00e9 d\u2019introduire une r\u00e9clamation aupr\u00e8s d\u2019une autorit\u00e9 de contr\u00f4le. Conform\u00e9ment \u00e0 la loi \u00ab informatique et libert\u00e9s \u00bb, vous pouvez exercer vos droits en contactant : M. Patrick ROMON, au 46 Avenue Roger Salengro &#8211; 68100 Mulhouse, et\/ou par mail \u00e0 &#109;&#117;&#108;&#104;&#111;&#117;&#115;&#101;&#064;&#101;&#114;&#045;&#099;&#111;&#110;&#115;&#117;&#108;&#116;&#097;&#110;&#116;&#115;&#046;&#099;&#111;&#109; (cf. \u00a73.1). Consentement et Traitement de vos donn\u00e9es personnelles En [&hellip;]\" \/>\n<meta property=\"og:url\" content=\"https:\/\/www.er-consultants.com\/fr\/politique-de-confidentialite\/\" \/>\n<meta property=\"og:site_name\" content=\"E&amp;R Consultants\" \/>\n<meta property=\"article:publisher\" content=\"https:\/\/www.facebook.com\/ERConsultants\" \/>\n<meta name=\"twitter:card\" content=\"summary\" \/>\n<meta name=\"twitter:creator\" content=\"@erconsultantsfr\" \/>\n<meta name=\"twitter:site\" content=\"@erconsultantsfr\" \/>\n<script type=\"application\/ld+json\" class=\"yoast-schema-graph\">{\"@context\":\"https:\/\/schema.org\",\"@graph\":[{\"@type\":\"WebSite\",\"@id\":\"https:\/\/www.er-consultants.com\/fr\/#website\",\"url\":\"https:\/\/www.er-consultants.com\/fr\/\",\"name\":\"E&amp;R Consultants\",\"description\":\"Cabinet d&#039;expertise comptable \\u00e0 Mulhouse, Saint-Louis, Cernay, Huningue, Thann, Belfort et Giromagny\",\"potentialAction\":[{\"@type\":\"SearchAction\",\"target\":\"https:\/\/www.er-consultants.com\/fr\/?s={search_term_string}\",\"query-input\":\"required name=search_term_string\"}],\"inLanguage\":\"fr-FR\"},{\"@type\":\"WebPage\",\"@id\":\"https:\/\/www.er-consultants.com\/fr\/politique-de-confidentialite\/#webpage\",\"url\":\"https:\/\/www.er-consultants.com\/fr\/politique-de-confidentialite\/\",\"name\":\"Politique de confidentialit\\u00e9 - E&amp;R Consultants\",\"isPartOf\":{\"@id\":\"https:\/\/www.er-consultants.com\/fr\/#website\"},\"datePublished\":\"2018-07-06T09:48:34+00:00\",\"dateModified\":\"2018-07-06T09:48:34+00:00\",\"inLanguage\":\"fr-FR\",\"potentialAction\":[{\"@type\":\"ReadAction\",\"target\":[\"https:\/\/www.er-consultants.com\/fr\/politique-de-confidentialite\/\"]}]}]}<\/script>\n<!-- \/ Yoast SEO plugin. -->","_links":{"self":[{"href":"https:\/\/www.er-consultants.com\/fr\/wp-json\/wp\/v2\/pages\/198901","targetHints":{"allow":["GET"]}}],"collection":[{"href":"https:\/\/www.er-consultants.com\/fr\/wp-json\/wp\/v2\/pages"}],"about":[{"href":"https:\/\/www.er-consultants.com\/fr\/wp-json\/wp\/v2\/types\/page"}],"author":[{"embeddable":true,"href":"https:\/\/www.er-consultants.com\/fr\/wp-json\/wp\/v2\/users\/1"}],"replies":[{"embeddable":true,"href":"https:\/\/www.er-consultants.com\/fr\/wp-json\/wp\/v2\/comments?post=198901"}],"version-history":[{"count":1,"href":"https:\/\/www.er-consultants.com\/fr\/wp-json\/wp\/v2\/pages\/198901\/revisions"}],"predecessor-version":[{"id":198902,"href":"https:\/\/www.er-consultants.com\/fr\/wp-json\/wp\/v2\/pages\/198901\/revisions\/198902"}],"wp:attachment":[{"href":"https:\/\/www.er-consultants.com\/fr\/wp-json\/wp\/v2\/media?parent=198901"}],"curies":[{"name":"wp","href":"https:\/\/api.w.org\/{rel}","templated":true}]}}